{"id":2808,"date":"2021-05-07T15:58:34","date_gmt":"2021-05-07T15:58:34","guid":{"rendered":"https:\/\/coconutkids.gr\/?page_id=2808"},"modified":"2023-12-18T21:42:53","modified_gmt":"2023-12-18T19:42:53","slug":"tropoi-pliromis","status":"publish","type":"page","link":"https:\/\/coconutkids.gr\/de\/tropoi-pliromis\/","title":{"rendered":"Zahlungsarten"},"content":{"rendered":"<p>Der Coconut Kids Shop bietet die folgenden Zahlungsm\u00f6glichkeiten f\u00fcr Online-Eink\u00e4ufe an.<\/p>\n\n\n\n<p><strong>Ersatzlieferung (Zahlung bei Lieferung):<\/strong><\/p>\n\n\n\n<ul class=\"wp-block-list\">\n<li>Bezahlen Sie den Kurier bei Lieferung Ihrer Bestellung.<\/li>\n\n\n\n<li>\u0393\u03b9\u03b1 \u03b1\u03c0\u03bf\u03c3\u03c4\u03bf\u03bb\u03ad\u03c2 \u03c3\u03b5 \u0395\u03bb\u03bb\u03ac\u03b4\u03b1 \u03b7 \u03b5\u03c0\u03b9\u03b2\u03ac\u03c1\u03c5\u03bd\u03c3\u03b7 \u03b5\u03af\u03bd\u03b1\u03b9 3,00\u20ac<\/li>\n<\/ul>\n\n\n\n<p><strong>E<\/strong><strong>&#8211;<\/strong><strong>Handel<\/strong><strong> (Zahlung mit Karte):<\/strong><\/p>\n\n\n\n<ul class=\"wp-block-list\">\n<li>Sie k\u00f6nnen Ihre Bestellung per Kredit-, Debit- oder Prepaid-Karte (Visa, Mastercard oder Maestro) \u00fcber unseren E-Shop bezahlen.<\/li>\n<\/ul>\n\n\n\n<p><strong>Bankeinlage:<\/strong><\/p>\n\n\n\n<ul class=\"wp-block-list\">\n<li>Alpha Bank: GR9701406400640002002056131<\/li>\n\n\n\n<li>Eurobank:     GR4702602990000040201930915<\/li>\n\n\n\n<li>\u0395\u03b8\u03bd\u03b9\u03ba\u03ae:         GR9101104610000046102168013<\/li>\n\n\n\n<li>Viva Wallet:  GR4570100000000366712110197<\/li>\n\n\n\n<li>* K\u00e4ufe per Bank\u00fcberweisung m\u00fcssen zun\u00e4chst durch \u00dcbersendung des Zahlungsnachweises best\u00e4tigt werden, damit der Prozess der Abholung und des Versands der Bestellung eingeleitet werden kann. Die Produkte sind f\u00fcr 2 Tage reserviert, bis die Bestellung bezahlt ist.<\/li>\n<\/ul>","protected":false},"excerpt":{"rendered":"<p>To \u03ba\u03b1\u03c4\u03ac\u03c3\u03c4\u03b7\u03bc\u03b1 Coconut Kids \u03c0\u03c1\u03bf\u03c3\u03c6\u03ad\u03c1\u03b5\u03b9 \u03c4\u03bf\u03c5\u03c2 \u03c0\u03b1\u03c1\u03b1\u03ba\u03ac\u03c4\u03c9 \u03c4\u03c1\u03cc\u03c0\u03bf\u03c5\u03c2 \u03c0\u03bb\u03b7\u03c1\u03c9\u03bc\u03ae\u03c2 \u03b3\u03b9\u03b1 \u03c4\u03b9\u03c2 on-line \u03b1\u03b3\u03bf\u03c1\u03ad\u03c2. \u0391\u03bd\u03c4\u03b9\u03ba\u03b1\u03c4\u03b1\u03b2\u03bf\u03bb\u03ae (\u03c0\u03bb\u03b7\u03c1\u03c9\u03bc\u03ae \u03ba\u03b1\u03c4\u03ac \u03c4\u03b7\u03bd \u03c0\u03b1\u03c1\u03ac\u03b4\u03bf\u03c3\u03b7): E&#8211;Commerce (\u03c0\u03bb\u03b7\u03c1\u03c9\u03bc\u03ae<\/p>","protected":false},"author":1,"featured_media":0,"parent":0,"menu_order":0,"comment_status":"closed","ping_status":"closed","template":"","meta":{"_seopress_robots_primary_cat":"","_seopress_titles_title":"","_seopress_titles_desc":"","_seopress_robots_index":"","footnotes":""},"class_list":["post-2808","page","type-page","status-publish","hentry"],"_links":{"self":[{"href":"https:\/\/coconutkids.gr\/de\/wp-json\/wp\/v2\/pages\/2808","targetHints":{"allow":["GET"]}}],"collection":[{"href":"https:\/\/coconutkids.gr\/de\/wp-json\/wp\/v2\/pages"}],"about":[{"href":"https:\/\/coconutkids.gr\/de\/wp-json\/wp\/v2\/types\/page"}],"author":[{"embeddable":true,"href":"https:\/\/coconutkids.gr\/de\/wp-json\/wp\/v2\/users\/1"}],"replies":[{"embeddable":true,"href":"https:\/\/coconutkids.gr\/de\/wp-json\/wp\/v2\/comments?post=2808"}],"version-history":[{"count":0,"href":"https:\/\/coconutkids.gr\/de\/wp-json\/wp\/v2\/pages\/2808\/revisions"}],"wp:attachment":[{"href":"https:\/\/coconutkids.gr\/de\/wp-json\/wp\/v2\/media?parent=2808"}],"curies":[{"name":"wp","href":"https:\/\/api.w.org\/{rel}","templated":true}]}}