{"id":3,"date":"2021-04-19T09:30:42","date_gmt":"2021-04-19T09:30:42","guid":{"rendered":"https:\/\/coconutkids.gr\/?page_id=3"},"modified":"2022-05-28T16:33:30","modified_gmt":"2022-05-28T13:33:30","slug":"privacy-policy","status":"publish","type":"page","link":"https:\/\/coconutkids.gr\/de\/privacy-policy\/","title":{"rendered":"Datenschutzbestimmungen"},"content":{"rendered":"<p><strong>Datenschutzpolitik (gem\u00e4\u00df der Verordnung <\/strong><strong>GDPR<\/strong><strong>)<\/strong><\/p>\n\n\n\n<ul class=\"wp-block-list\"><li>Wir zeichnen nur Daten auf, um Ihr Surferlebnis zu verbessern.<\/li><li>Wir sch\u00fctzen Ihre Daten und halten sie sicher.<\/li><li>Wir sind immer bereit, alle Ihre Fragen zu beantworten.<\/li><li>Wir fragen niemals nach sensiblen pers\u00f6nlichen Daten.<\/li><\/ul>\n\n\n\n<p><strong>Wie verwenden wir Ihre Informationen und Daten?<\/strong><\/p>\n\n\n\n<ul class=\"wp-block-list\"><li>Um Ihre Eink\u00e4ufe an Ihre Adresse zu liefern<\/li><li>Ihnen Nachrichten \u00fcber Ihre Transaktionen mit uns per SMS, Viber, E-Mail oder Telefon zu senden<\/li><li>Ihnen per E-Mail, SMS oder Viber Informationen \u00fcber unsere neuen Angebote oder Produkte zukommen zu lassen<\/li><li>Ermittlung und Ausschluss m\u00f6glicher Betrugsf\u00e4lle<\/li><li>Um zu verstehen, was Sie und unsere anderen Kunden m\u00f6gen<\/li><li>Um sicherzustellen, dass wir Ihnen genau das bieten, was Sie w\u00fcnschen<\/li><\/ul>\n\n\n\n<p><strong>Sind meine Kartendaten sicher?<\/strong><\/p>\n\n\n\n<ul class=\"wp-block-list\"><li>Wenn Sie mit Ihrer Kredit- oder Debitkarte bezahlen m\u00f6chten, machen Sie sich keine Sorgen, die Transaktion ist 100% sicher und alle Informationen werden \u00fcber die E-Commerce-Plattform der Piraeus Bank verarbeitet, die TLS-Verschl\u00fcsselung mit SSL-Verschl\u00fcsselungsprotokoll verwendet.<\/li><\/ul>\n\n\n\n<p><strong>Bestellhistorie und Ihr Warenkorb<\/strong><\/p>\n\n\n\n<ul class=\"wp-block-list\"><li>Was Sie gekauft haben und was Sie f\u00fcr ein anderes Mal in Ihrem Korb aufbewahrt haben<\/li><li>Um Ihnen einen Service bieten zu k\u00f6nnen und f\u00fcr eventuelle \u00c4nderungen oder R\u00fccksendungen<\/li><li>Um herauszufinden, was Sie und unsere anderen Kunden m\u00f6gen<\/li><li>Um sicherzustellen, dass wir Ihnen genau das bieten, was Sie w\u00fcnschen<\/li><\/ul>\n\n\n\n<p><strong>Wie bewahren wir Ihre Informationen auf?<\/strong><\/p>\n\n\n\n<ul class=\"wp-block-list\"><li>Wir speichern Ihre Daten nur so lange, wie Sie unser Nutzer oder Kunde sind. Wenn Sie sich entscheiden, nicht mehr unser Nutzer oder Kunde zu sein oder Ihre Daten zu l\u00f6schen, k\u00f6nnen Sie uns per E-Mail an info@coconutkids.gr oder auch telefonisch darum bitten.<\/li><li>Wenn es einen notwendigen Grund f\u00fcr die Aufbewahrung von Daten gibt oder um Betrugsversuche zu verhindern oder um die ordnungsgem\u00e4\u00dfe Einhaltung unserer Nutzungsbedingungen f\u00fcr die Website zu gew\u00e4hrleisten, k\u00f6nnen wir einige Teile Ihrer Daten aufbewahren, auch wenn Sie Ihr Konto geschlossen oder gel\u00f6scht haben.<\/li><li>Wir versichern Ihnen, dass keine Informationen \u00fcber Ihre pers\u00f6nlichen Daten verkauft oder an Dritte weitergegeben werden - einschlie\u00dflich Ihres Namens, Ihrer Adresse, Ihrer E-Mail, Ihrer Telefonnummer oder anderer Details.<\/li><\/ul>\n\n\n\n<p><strong>Welche Rechte haben Sie?<\/strong><\/p>\n\n\n\n<ul class=\"wp-block-list\"><li>Das Recht, \u00fcber die Verwendung Ihrer pers\u00f6nlichen Daten informiert zu werden<\/li><li>Das Recht auf Zugang zu den personenbezogenen Daten, die wir \u00fcber Sie gespeichert haben<\/li><li>das Recht, die Berichtigung von Ungenauigkeiten in Ihren pers\u00f6nlichen Daten zu verlangen (was Sie selbst tun k\u00f6nnen, wenn Sie registriert sind, in der Rubrik Mein Konto)<\/li><li>das Recht, die L\u00f6schung Ihrer Daten oder die Einstellung ihrer Verarbeitung zu verlangen<\/li><li>Das Recht, den Empfang von Marketingnachrichten zu stoppen oder zu beantragen<\/li><li>das Recht, sich \u00fcber die missbr\u00e4uchliche\/falsche Verwendung Ihrer Daten zu beschweren und die Einschr\u00e4nkung ihrer Verarbeitung zu verlangen<\/li><\/ul>\n\n\n\n<p>Wenn Sie eines Ihrer Rechte aus\u00fcben m\u00f6chten, eine Beschwerde haben oder uns einfach nur etwas fragen m\u00f6chten, wenden Sie sich bitte an info@coconutkids.gr<\/p>\n\n\n\n<p>Sollten wir wesentliche \u00c4nderungen an unserer Website-Politik vornehmen, werden Sie auf info@coconutkids.gr oder auf unseren anderen Diensten oder auf andere Weise, z. B. per E-Mail, in aller Deutlichkeit dar\u00fcber informiert. So k\u00f6nnen wir sicherstellen, dass Sie informiert sind und beurteilen k\u00f6nnen, ob Sie mit den neuen \u00c4nderungen einverstanden sind, bevor Sie sich f\u00fcr die Nutzung unseres Online-Shops entscheiden.<\/p>\n\n\n\n<p>4) Cookies-Richtlinie<\/p>\n\n\n\n<p><strong>Cookies<\/strong><\/p>\n\n\n\n<ul class=\"wp-block-list\"><li>Um die Nutzung der Website zu gew\u00e4hrleisten - diese Cookies erm\u00f6glichen es Ihnen, auf unserer Website zu navigieren und Funktionen wie \"In den Warenkorb\" zu nutzen.<\/li><li>Navigationsstatistiken - diese Cookies erm\u00f6glichen es uns, zu messen und zu analysieren, wie unsere Nutzer unsere Website nutzen, damit wir ihre Funktionalit\u00e4t und Ihr Einkaufserlebnis verbessern k\u00f6nnen.<\/li><li>Benutzerpr\u00e4ferenzen - diese Cookies speichern Ihre Pr\u00e4ferenzen, damit wir Ihr Surferlebnis so gut wie m\u00f6glich gestalten k\u00f6nnen.<\/li><\/ul>\n\n\n\n<p>Durch die Nutzung unserer Website erkl\u00e4ren Sie sich damit einverstanden, dass wir solche Cookies verwenden und dass wir darauf zugreifen k\u00f6nnen, wenn Sie Coconut Kids in Zukunft wieder besuchen.<\/p>","protected":false},"excerpt":{"rendered":"<p>\u03a0\u03bf\u03bb\u03b9\u03c4\u03b9\u03ba\u03ae \u03b1\u03c0\u03bf\u03c1\u03c1\u03ae\u03c4\u03bf\u03c5 (\u03c3\u03cd\u03bc\u03c6\u03c9\u03bd\u03b7 \u03bc\u03b5 \u03c4\u03bf\u03bd \u03ba\u03b1\u03bd\u03bf\u03bd\u03b9\u03c3\u03bc\u03cc GDPR) \u039a\u03b1\u03c4\u03b1\u03b3\u03c1\u03ac\u03c6\u03bf\u03c5\u03bc\u03b5 \u03b4\u03b5\u03b4\u03bf\u03bc\u03ad\u03bd\u03b1 \u03bc\u03cc\u03bd\u03bf \u03b3\u03b9\u03b1 \u03bd\u03b1 \u03b2\u03b5\u03bb\u03c4\u03b9\u03ce\u03c3\u03bf\u03c5\u03bc\u03b5 \u03c4\u03b7\u03bd \u03b5\u03bc\u03c0\u03b5\u03b9\u03c1\u03af\u03b1 \u03c0\u03bb\u03bf\u03ae\u03b3\u03b7\u03c3\u03b7\u03c2. \u03a0\u03c1\u03bf\u03c3\u03c4\u03b1\u03c4\u03b5\u03cd\u03bf\u03c5\u03bc\u03b5 \u03c4\u03b1 \u03b4\u03b5\u03b4\u03bf\u03bc\u03ad\u03bd\u03b1 \u03c3\u03bf\u03c5,<\/p>","protected":false},"author":1,"featured_media":0,"parent":0,"menu_order":0,"comment_status":"closed","ping_status":"closed","template":"","meta":{"_seopress_robots_primary_cat":"","_seopress_titles_title":"","_seopress_titles_desc":"","_seopress_robots_index":"","footnotes":""},"class_list":["post-3","page","type-page","status-publish","hentry"],"_links":{"self":[{"href":"https:\/\/coconutkids.gr\/de\/wp-json\/wp\/v2\/pages\/3","targetHints":{"allow":["GET"]}}],"collection":[{"href":"https:\/\/coconutkids.gr\/de\/wp-json\/wp\/v2\/pages"}],"about":[{"href":"https:\/\/coconutkids.gr\/de\/wp-json\/wp\/v2\/types\/page"}],"author":[{"embeddable":true,"href":"https:\/\/coconutkids.gr\/de\/wp-json\/wp\/v2\/users\/1"}],"replies":[{"embeddable":true,"href":"https:\/\/coconutkids.gr\/de\/wp-json\/wp\/v2\/comments?post=3"}],"version-history":[{"count":0,"href":"https:\/\/coconutkids.gr\/de\/wp-json\/wp\/v2\/pages\/3\/revisions"}],"wp:attachment":[{"href":"https:\/\/coconutkids.gr\/de\/wp-json\/wp\/v2\/media?parent=3"}],"curies":[{"name":"wp","href":"https:\/\/api.w.org\/{rel}","templated":true}]}}