{"id":101114,"date":"2023-05-12T17:24:02","date_gmt":"2023-05-12T14:24:02","guid":{"rendered":"https:\/\/coconutkids.gr\/?post_type=product&#038;p=101114"},"modified":"2026-02-20T03:03:25","modified_gmt":"2026-02-20T01:03:25","slug":"vinteli-%ce%b2%ce%b1%cf%80%cf%84%ce%b9%cf%83%cf%84%ce%b9%ce%ba%cf%8c-%cf%83%ce%b5%cf%84-%ce%ba%ce%bf%cf%85%cf%83%cf%84%ce%bf%cf%8d%ce%bc%ce%b9-%ce%b3%ce%b9%ce%b1-%ce%b1%ce%b3%cf%8c%cf%81%ce%b9-6","status":"publish","type":"product","link":"https:\/\/coconutkids.gr\/de\/produkt\/vinteli-%ce%b2%ce%b1%cf%80%cf%84%ce%b9%cf%83%cf%84%ce%b9%ce%ba%cf%8c-%cf%83%ce%b5%cf%84-%ce%ba%ce%bf%cf%85%cf%83%cf%84%ce%bf%cf%8d%ce%bc%ce%b9-%ce%b3%ce%b9%ce%b1-%ce%b1%ce%b3%cf%8c%cf%81%ce%b9-6\/","title":{"rendered":"Vinteli Taufset Anzug f\u00fcr Jungen Wei\u00df-Beige 5219"},"content":{"rendered":"<div class=\"description\">\n<div class=\"description\">\n<div class=\"description\">\n<p>Deux-pi\u00e8ces mit wei\u00dfem Baumwollhemd und hellolivgr\u00fcner Cargohose mit Taschen. Begleitet von einem floralen meerschaumgr\u00fcnen Halstuch, einer Hosenkette und einem olivgr\u00fcnen Trapez. Satz von 5 St\u00fcck.<\/p>\n<p>Zusammensetzung: 50%CO 35%RAY 15%LI<br \/>\n* Der Preis gilt f\u00fcr Gr\u00f6\u00dfen bis zu 24 Monaten<\/p>\n<p><span class=\"posted_in\"><strong>Gr\u00f6\u00dfen<\/strong>:<\/span>\u00a0 6-9 Monate, 9-12 Monate, 12-18 Monate, 18-24 Monate, 2-3 Jahre<\/p>\n<\/div>\n<\/div>\n<\/div>\n<p>F\u00fcr andere als die angegebenen Gr\u00f6\u00dfen wenden Sie sich bitte an unseren Kundendienst unter<strong> 2241074118 oder unter info@coconutkids.gr.<\/strong><\/p>","protected":false},"excerpt":{"rendered":"<p>Deux-pi\u00e8ces \u03bc\u03b5 \u03bb\u03b5\u03c5\u03ba\u03cc \u03b2\u03b1\u03bc\u03b2\u03b1\u03ba\u03b5\u03c1\u03cc \u03c0\u03bf\u03c5\u03ba\u03ac\u03bc\u03b9\u03c3\u03bf \u03ba\u03b1\u03b9 \u03b1\u03bd\u03bf\u03b9\u03c7\u03c4\u03cc \u03bb\u03b1\u03b4\u03af cargo \u03c0\u03b1\u03bd\u03c4\u03b5\u03bb\u03cc\u03bd\u03b9 \u03bc\u03b5 \u03c4\u03c3\u03ad\u03c0\u03b5\u03c2. \u03a3\u03c5\u03bd\u03bf\u03b4\u03b5\u03cd\u03b5\u03c4\u03b1\u03b9 \u03b1\u03c0\u03cc floral \u03b2\u03b5\u03c1\u03b1\u03bc\u03ac\u03bd \u03bc\u03b1\u03bd\u03c4\u03ae\u03bb\u03b9 \u03b3\u03b9\u03b1 \u03c4\u03bf \u03bb\u03b1\u03b9\u03bc\u03cc,<\/p>","protected":false},"featured_media":101117,"comment_status":"open","ping_status":"closed","template":"","meta":{"_seopress_robots_primary_cat":"none","_seopress_titles_title":"","_seopress_titles_desc":"","_seopress_robots_index":""},"product_brand":[],"product_cat":[331,332],"product_tag":[1339],"class_list":{"0":"post-101114","1":"product","2":"type-product","3":"status-publish","4":"has-post-thumbnail","6":"product_cat-baptism","7":"product_cat-boy-baptism","8":"product_tag-ss23","9":"pa_brand-vinteli","10":"pa_category-filter-1126","11":"pa_color-filter-white","12":"pa_color-filter-907","13":"pa_gender-818","14":"pa_megethos-12m","15":"pa_season-summer","17":"first","18":"instock","19":"shipping-taxable","20":"purchasable","21":"product-type-variable"},"_links":{"self":[{"href":"https:\/\/coconutkids.gr\/de\/wp-json\/wp\/v2\/product\/101114","targetHints":{"allow":["GET"]}}],"collection":[{"href":"https:\/\/coconutkids.gr\/de\/wp-json\/wp\/v2\/product"}],"about":[{"href":"https:\/\/coconutkids.gr\/de\/wp-json\/wp\/v2\/types\/product"}],"replies":[{"embeddable":true,"href":"https:\/\/coconutkids.gr\/de\/wp-json\/wp\/v2\/comments?post=101114"}],"version-history":[{"count":0,"href":"https:\/\/coconutkids.gr\/de\/wp-json\/wp\/v2\/product\/101114\/revisions"}],"wp:featuredmedia":[{"embeddable":true,"href":"https:\/\/coconutkids.gr\/de\/wp-json\/wp\/v2\/media\/101117"}],"wp:attachment":[{"href":"https:\/\/coconutkids.gr\/de\/wp-json\/wp\/v2\/media?parent=101114"}],"wp:term":[{"taxonomy":"product_brand","embeddable":true,"href":"https:\/\/coconutkids.gr\/de\/wp-json\/wp\/v2\/product_brand?post=101114"},{"taxonomy":"product_cat","embeddable":true,"href":"https:\/\/coconutkids.gr\/de\/wp-json\/wp\/v2\/product_cat?post=101114"},{"taxonomy":"product_tag","embeddable":true,"href":"https:\/\/coconutkids.gr\/de\/wp-json\/wp\/v2\/product_tag?post=101114"}],"curies":[{"name":"wp","href":"https:\/\/api.w.org\/{rel}","templated":true}]}}