{"id":104350,"date":"2023-07-04T14:29:19","date_gmt":"2023-07-04T11:29:19","guid":{"rendered":"https:\/\/coconutkids.gr\/?post_type=product&#038;p=104350"},"modified":"2026-02-19T19:23:44","modified_gmt":"2026-02-19T17:23:44","slug":"mayoral-k%ce%b1%cf%80%ce%ad%ce%bb%ce%bf-%cf%88%ce%ac%ce%b8%ce%b9%ce%bd%ce%bf-%ce%b3%ce%b9%ce%b1-%ce%ba%ce%bf%cf%81%ce%af%cf%84%cf%83%ce%b9-%ce%bc%ce%b5-%ce%bb%ce%bf%cf%85%ce%bb%ce%bf%cf%8d%ce%b4%ce%b9","status":"publish","type":"product","link":"https:\/\/coconutkids.gr\/de\/produkt\/mayoral-k%ce%b1%cf%80%ce%ad%ce%bb%ce%bf-%cf%88%ce%ac%ce%b8%ce%b9%ce%bd%ce%bf-%ce%b3%ce%b9%ce%b1-%ce%ba%ce%bf%cf%81%ce%af%cf%84%cf%83%ce%b9-%ce%bc%ce%b5-%ce%bb%ce%bf%cf%85%ce%bb%ce%bf%cf%8d%ce%b4%ce%b9\/","title":{"rendered":"B\u00fcrgermeisterstrohhut f\u00fcr M\u00e4dchen mit Blumen 21-10081-011"},"content":{"rendered":"<p>\u039a\u03b1\u03c0\u03b5\u03bb\u03bf<\/p>","protected":false},"excerpt":{"rendered":"<p>\u039a\u03b1\u03c0\u03b5\u03bb\u03bf<\/p>","protected":false},"featured_media":11463,"comment_status":"closed","ping_status":"closed","template":"","meta":{"_seopress_robots_primary_cat":"none","_seopress_titles_title":"","_seopress_titles_desc":"","_seopress_robots_index":""},"product_brand":[],"product_cat":[1232,1411,316,53,314],"product_tag":[1342],"class_list":{"0":"post-104350","1":"product","2":"type-product","3":"status-publish","4":"has-post-thumbnail","6":"product_cat-summer","7":"product_cat-ss21","8":"product_cat-girls","9":"product_cat-girl-2-8","10":"product_cat-accessories","11":"product_tag-ss21","12":"pa_brand-mayoral","13":"pa_category-filter-1171","14":"pa_color-filter-905","15":"pa_gender-826","16":"pa_megethos-52-hat","17":"pa_megethos-54-hat","18":"pa_megethos-56-hat","19":"pa_megethos---58-cm","20":"pa_season-summer","22":"first","23":"instock","24":"sale","25":"purchasable","26":"product-type-variable"},"_links":{"self":[{"href":"https:\/\/coconutkids.gr\/de\/wp-json\/wp\/v2\/product\/104350","targetHints":{"allow":["GET"]}}],"collection":[{"href":"https:\/\/coconutkids.gr\/de\/wp-json\/wp\/v2\/product"}],"about":[{"href":"https:\/\/coconutkids.gr\/de\/wp-json\/wp\/v2\/types\/product"}],"replies":[{"embeddable":true,"href":"https:\/\/coconutkids.gr\/de\/wp-json\/wp\/v2\/comments?post=104350"}],"version-history":[{"count":0,"href":"https:\/\/coconutkids.gr\/de\/wp-json\/wp\/v2\/product\/104350\/revisions"}],"wp:featuredmedia":[{"embeddable":true,"href":"https:\/\/coconutkids.gr\/de\/wp-json\/wp\/v2\/media\/11463"}],"wp:attachment":[{"href":"https:\/\/coconutkids.gr\/de\/wp-json\/wp\/v2\/media?parent=104350"}],"wp:term":[{"taxonomy":"product_brand","embeddable":true,"href":"https:\/\/coconutkids.gr\/de\/wp-json\/wp\/v2\/product_brand?post=104350"},{"taxonomy":"product_cat","embeddable":true,"href":"https:\/\/coconutkids.gr\/de\/wp-json\/wp\/v2\/product_cat?post=104350"},{"taxonomy":"product_tag","embeddable":true,"href":"https:\/\/coconutkids.gr\/de\/wp-json\/wp\/v2\/product_tag?post=104350"}],"curies":[{"name":"wp","href":"https:\/\/api.w.org\/{rel}","templated":true}]}}