{"id":107292,"date":"2023-08-19T12:50:08","date_gmt":"2023-08-19T09:50:08","guid":{"rendered":"https:\/\/coconutkids.gr\/?post_type=product&#038;p=107292"},"modified":"2026-01-29T19:25:25","modified_gmt":"2026-01-29T17:25:25","slug":"name-it-%cf%80%ce%b1%ce%b9%ce%b4%ce%b9%ce%ba%ce%ae-%ce%bc%cf%80%ce%bb%ce%bf%cf%8d%ce%b6%ce%b1-%ce%b3%ce%b9%ce%b1-%ce%ba%ce%bf%cf%81%ce%af%cf%84%cf%83%ce%b9-%ce%bc%ce%b1%ce%ba%cf%81%cf%85%ce%bc%ce%ac","status":"publish","type":"product","link":"https:\/\/coconutkids.gr\/de\/produkt\/name-it-%cf%80%ce%b1%ce%b9%ce%b4%ce%b9%ce%ba%ce%ae-%ce%bc%cf%80%ce%bb%ce%bf%cf%8d%ce%b6%ce%b1-%ce%b3%ce%b9%ce%b1-%ce%ba%ce%bf%cf%81%ce%af%cf%84%cf%83%ce%b9-%ce%bc%ce%b1%ce%ba%cf%81%cf%85%ce%bc%ce%ac\/","title":{"rendered":"Name it Girls' Langarmbluse f\u00fcr M\u00e4dchen Sapio Apple 13221674"},"content":{"rendered":"<p>Stellen Sie das perfekte Outfit f\u00fcr Ihr Kind aus hochwertigen, alltagstauglichen Modellen zusammen und kreieren Sie einen bequemen und modischen Look. Samt ist ein weicher und gl\u00e4nzender Stoff mit Fasern, die den Bewegungen der Hand folgen und einen sch\u00f6nen Effekt erzeugen.<\/p>\n<p>- Detailtyp : Oben<br \/>\n- Stoff : Samt<br \/>\n- Druckart: - Wiederholter Druck auf dem gesamten Gewebe<br \/>\n- Glitzerdruck f\u00fcr einen funkelnden und coolen Look<br \/>\n- Anwendung: Normale Anwendung<\/p>\n<p>HERGESTELLT AUS BIO-BAUMWOLLE<br \/>\nDieses Produkt ist aus Bio-Baumwolle hergestellt. Bio-Baumwolle wird ohne den Einsatz von sch\u00e4dlichen Chemikalien angebaut. Der Anbau von Bio-Baumwolle sch\u00fctzt die nat\u00fcrlichen Ressourcen und die Artenvielfalt.<\/p>","protected":false},"excerpt":{"rendered":"<p>\u03a3\u03c5\u03bd\u03b8\u03ad\u03c3\u03c4\u03b5 \u03c4\u03bf \u03c4\u03ad\u03bb\u03b5\u03b9\u03bf \u03bd\u03c4\u03cd\u03c3\u03b9\u03bc\u03bf \u03b3\u03b9\u03b1 \u03c4\u03bf \u03c0\u03b1\u03b9\u03b4\u03af \u03c3\u03b1\u03c2 \u03bc\u03b5 \u03c0\u03bf\u03b9\u03bf\u03c4\u03b9\u03ba\u03ac \u03ba\u03b1\u03b8\u03b7\u03bc\u03b5\u03c1\u03b9\u03bd\u03ac \u03c3\u03c4\u03c5\u03bb \u03ba\u03b1\u03b9 \u03b4\u03b7\u03bc\u03b9\u03bf\u03c5\u03c1\u03b3\u03ae\u03c3\u03c4\u03b5 \u03bc\u03b9\u03b1 \u03ac\u03bd\u03b5\u03c4\u03b7 \u03ba\u03b1\u03b9 \u03bc\u03bf\u03bd\u03c4\u03ad\u03c1\u03bd\u03b1 \u03b5\u03bc\u03c6\u03ac\u03bd\u03b9\u03c3\u03b7. \u03a4\u03bf<\/p>","protected":false},"featured_media":107306,"comment_status":"open","ping_status":"closed","template":"","meta":{"_seopress_robots_primary_cat":"none","_seopress_titles_title":"","_seopress_titles_desc":"","_seopress_robots_index":""},"product_brand":[],"product_cat":[1226,316,53],"product_tag":[],"class_list":{"0":"post-107292","1":"product","2":"type-product","3":"status-publish","4":"has-post-thumbnail","6":"product_cat-winter","7":"product_cat-girls","8":"product_cat-girl-2-8","9":"pa_brand-name-it","10":"pa_category-filter-1351","11":"pa_color-filter-pink","12":"pa_gender-826","13":"pa_megethos-340","14":"pa_megethos-341","15":"pa_megethos-342","16":"pa_megethos-343","17":"pa_megethos-344","18":"pa_megethos-346","19":"pa_season-winter","21":"first","22":"instock","23":"sale","24":"shipping-taxable","25":"purchasable","26":"product-type-variable"},"_links":{"self":[{"href":"https:\/\/coconutkids.gr\/de\/wp-json\/wp\/v2\/product\/107292","targetHints":{"allow":["GET"]}}],"collection":[{"href":"https:\/\/coconutkids.gr\/de\/wp-json\/wp\/v2\/product"}],"about":[{"href":"https:\/\/coconutkids.gr\/de\/wp-json\/wp\/v2\/types\/product"}],"replies":[{"embeddable":true,"href":"https:\/\/coconutkids.gr\/de\/wp-json\/wp\/v2\/comments?post=107292"}],"version-history":[{"count":0,"href":"https:\/\/coconutkids.gr\/de\/wp-json\/wp\/v2\/product\/107292\/revisions"}],"wp:featuredmedia":[{"embeddable":true,"href":"https:\/\/coconutkids.gr\/de\/wp-json\/wp\/v2\/media\/107306"}],"wp:attachment":[{"href":"https:\/\/coconutkids.gr\/de\/wp-json\/wp\/v2\/media?parent=107292"}],"wp:term":[{"taxonomy":"product_brand","embeddable":true,"href":"https:\/\/coconutkids.gr\/de\/wp-json\/wp\/v2\/product_brand?post=107292"},{"taxonomy":"product_cat","embeddable":true,"href":"https:\/\/coconutkids.gr\/de\/wp-json\/wp\/v2\/product_cat?post=107292"},{"taxonomy":"product_tag","embeddable":true,"href":"https:\/\/coconutkids.gr\/de\/wp-json\/wp\/v2\/product_tag?post=107292"}],"curies":[{"name":"wp","href":"https:\/\/api.w.org\/{rel}","templated":true}]}}