{"id":107349,"date":"2023-08-19T15:37:36","date_gmt":"2023-08-19T12:37:36","guid":{"rendered":"https:\/\/coconutkids.gr\/?post_type=product&#038;p=107349"},"modified":"2026-01-20T20:49:26","modified_gmt":"2026-01-20T18:49:26","slug":"name-it-%cf%80%ce%b1%ce%b9%ce%b4%ce%b9%ce%ba%ce%ae-%cf%86%cf%8c%cf%81%ce%bc%ce%b1-%ce%b3%ce%b9%ce%b1-%ce%b1%ce%b3%cf%8c%cf%81%ce%b9-%ce%bc%cf%80%ce%b5%ce%b6-%cf%83%cf%84%ce%b1%ce%bc%cf%80%cf%89%cf%84","status":"publish","type":"product","link":"https:\/\/coconutkids.gr\/de\/produkt\/name-it-%cf%80%ce%b1%ce%b9%ce%b4%ce%b9%ce%ba%ce%ae-%cf%86%cf%8c%cf%81%ce%bc%ce%b1-%ce%b3%ce%b9%ce%b1-%ce%b1%ce%b3%cf%8c%cf%81%ce%b9-%ce%bc%cf%80%ce%b5%ce%b6-%cf%83%cf%84%ce%b1%ce%bc%cf%80%cf%89%cf%84\/","title":{"rendered":"Name it Boys' Overalls f\u00fcr Jungen Beige gestempelt 13221520"},"content":{"rendered":"<p>Bringen Sie Komfort und Coolness in die Garderobe Ihres Kindes mit dem weichen und modischen<br \/>\nSweatshirts, ideal f\u00fcr jeden Tag und f\u00fcr das Wochenende. Geb\u00fcrstetes Sweatshirt<br \/>\nDer Stoff hat eine weiche Innenseite f\u00fcr ein angenehmes Tragegef\u00fchl.<\/p>\n<p>- Detailtyp : Formular<br \/>\n- Feste Baumwollkordel: 13 cm<br \/>\n- L\u00e4nge\/Gr\u00f6\u00dfe : Kn\u00f6chell\u00e4nge<br \/>\n- Taille\/H\u00f6he : Normale Taille<br \/>\n- Verschluss\/Blatt : Spitzenverschluss<br \/>\n- Weitere Einzelheiten :<br \/>\n- Elastische und verstellbare Taille<br \/>\n- Mittlere Rippen<br \/>\n- Wiederholbarer Druck auf dem gesamten Gewebe<br \/>\n- Digitaldruck f\u00fcr ein detailliertes Aussehen, verbesserte Farben und einen weichen Griff<br \/>\n- Taschen : Seitentaschen<br \/>\n- Befestigungsart : Feste Kordel<br \/>\n- Anwendung: Normale Anwendung<\/p>","protected":false},"excerpt":{"rendered":"<p>\u03a6\u03ad\u03c1\u03c4\u03b5 \u03ac\u03bd\u03b5\u03c3\u03b7 \u03ba\u03b1\u03b9 \u03b4\u03c1\u03bf\u03c3\u03b9\u03ac \u03c3\u03c4\u03b7\u03bd \u03bd\u03c4\u03bf\u03c5\u03bb\u03ac\u03c0\u03b1 \u03c4\u03bf\u03c5 \u03c0\u03b1\u03b9\u03b4\u03b9\u03bf\u03cd \u03c3\u03b1\u03c2 \u03bc\u03b5 \u03c4\u03b1 \u03bc\u03b1\u03bb\u03b1\u03ba\u03ac \u03ba\u03b1\u03b9 \u03bc\u03bf\u03bd\u03c4\u03ad\u03c1\u03bd\u03b1 \u03c6\u03bf\u03cd\u03c4\u03b5\u03c1, \u03b9\u03b4\u03b1\u03bd\u03b9\u03ba\u03ac \u03b3\u03b9\u03b1 \u03ba\u03ac\u03b8\u03b5 \u03bc\u03ad\u03c1\u03b1 \u03ba\u03b1\u03b9<\/p>","protected":false},"featured_media":107362,"comment_status":"open","ping_status":"closed","template":"","meta":{"_seopress_robots_primary_cat":"none","_seopress_titles_title":"","_seopress_titles_desc":"","_seopress_robots_index":""},"product_brand":[],"product_cat":[1226,1232,315,54],"product_tag":[1341],"class_list":{"0":"post-107349","1":"product","2":"type-product","3":"status-publish","4":"has-post-thumbnail","6":"product_cat-winter","7":"product_cat-summer","8":"product_cat-boy","9":"product_cat-boy-2-8","10":"product_tag-ws23","11":"pa_brand-name-it","12":"pa_category-filter-forma","13":"pa_color-filter-907","14":"pa_gender-818","15":"pa_megethos-18m","16":"pa_megethos-340","17":"pa_megethos-341","18":"pa_megethos-342","19":"pa_megethos-343","20":"pa_season-winter","22":"first","23":"instock","24":"sale","25":"shipping-taxable","26":"purchasable","27":"product-type-variable"},"_links":{"self":[{"href":"https:\/\/coconutkids.gr\/de\/wp-json\/wp\/v2\/product\/107349","targetHints":{"allow":["GET"]}}],"collection":[{"href":"https:\/\/coconutkids.gr\/de\/wp-json\/wp\/v2\/product"}],"about":[{"href":"https:\/\/coconutkids.gr\/de\/wp-json\/wp\/v2\/types\/product"}],"replies":[{"embeddable":true,"href":"https:\/\/coconutkids.gr\/de\/wp-json\/wp\/v2\/comments?post=107349"}],"version-history":[{"count":0,"href":"https:\/\/coconutkids.gr\/de\/wp-json\/wp\/v2\/product\/107349\/revisions"}],"wp:featuredmedia":[{"embeddable":true,"href":"https:\/\/coconutkids.gr\/de\/wp-json\/wp\/v2\/media\/107362"}],"wp:attachment":[{"href":"https:\/\/coconutkids.gr\/de\/wp-json\/wp\/v2\/media?parent=107349"}],"wp:term":[{"taxonomy":"product_brand","embeddable":true,"href":"https:\/\/coconutkids.gr\/de\/wp-json\/wp\/v2\/product_brand?post=107349"},{"taxonomy":"product_cat","embeddable":true,"href":"https:\/\/coconutkids.gr\/de\/wp-json\/wp\/v2\/product_cat?post=107349"},{"taxonomy":"product_tag","embeddable":true,"href":"https:\/\/coconutkids.gr\/de\/wp-json\/wp\/v2\/product_tag?post=107349"}],"curies":[{"name":"wp","href":"https:\/\/api.w.org\/{rel}","templated":true}]}}