{"id":108565,"date":"2023-08-27T23:59:33","date_gmt":"2023-08-27T20:59:33","guid":{"rendered":"https:\/\/coconutkids.gr\/product\/calvin-klein-%cf%80%ce%b1%ce%b9%ce%b4%ce%b9%ce%ba%cf%8c-%cf%83%ce%b5%cf%84-%ce%b2%ce%b5%ce%bb%ce%bf%cf%8d%ce%b4%ce%b9%ce%bd%ce%b1-%cf%86%ce%bf%cf%81%ce%bc%ce%ac%ce%ba%ce%b9%ce%b1-%ce%bc%ce%b5-%cf%83-2\/"},"modified":"2026-01-26T11:49:03","modified_gmt":"2026-01-26T09:49:03","slug":"calvin-klein-%cf%80%ce%b1%ce%b9%ce%b4%ce%b9%ce%ba%cf%8c-%cf%83%ce%b5%cf%84-%ce%b2%ce%b5%ce%bb%ce%bf%cf%8d%ce%b4%ce%b9%ce%bd%ce%b1-%cf%86%ce%bf%cf%81%ce%bc%ce%ac%ce%ba%ce%b9%ce%b1-%ce%bc%ce%b5-%cf%83-2","status":"publish","type":"product","link":"https:\/\/coconutkids.gr\/de\/produkt\/calvin-klein-%cf%80%ce%b1%ce%b9%ce%b4%ce%b9%ce%ba%cf%8c-%cf%83%ce%b5%cf%84-%ce%b2%ce%b5%ce%bb%ce%bf%cf%8d%ce%b4%ce%b9%ce%bd%ce%b1-%cf%86%ce%bf%cf%81%ce%bc%ce%ac%ce%ba%ce%b9%ce%b1-%ce%bc%ce%b5-%cf%83-2\/","title":{"rendered":"Calvin Klein Kinder Samt Shorts Set mit M\u00fctze in Geschenkbox f\u00fcr M\u00e4dchen Rosa IN0IN00100-VCP"},"content":{"rendered":"<p>Calvin Klein \u03a0\u03b1\u03b9\u03b4\u03b9\u03ba\u03cc \u03a3\u03b5\u03c4 \u0392\u03b5\u03bb\u03bf\u03cd\u03b4\u03b9\u03bd\u03b1 \u03a6\u03bf\u03c1\u03bc\u03ac\u03ba\u03b9\u03b1 \u03bc\u03b5 \u03a3\u03ba\u03bf\u03cd\u03c6\u03bf \u03c3\u03b5 \u03a3\u03c5\u03c3\u03ba\u03b5\u03c5\u03b1\u03c3\u03af\u03b1 \u0394\u03ce\u03c1\u03bf\u03c5 \u03b3\u03b9\u03b1 \u039a\u03bf\u03c1\u03af\u03c4\u03c3\u03b9 \u03a1\u03bf\u03b6 IN0IN00100-VCP, Giftpacks<\/p>","protected":false},"excerpt":{"rendered":"<p>Calvin Klein Kinder Samt Shorts Set mit M\u00fctze in Geschenkbox f\u00fcr M\u00e4dchen Rosa IN0IN00100-VCP<\/p>","protected":false},"featured_media":114246,"comment_status":"closed","ping_status":"closed","template":"","meta":{"_seopress_robots_primary_cat":"","_seopress_titles_title":"","_seopress_titles_desc":"","_seopress_robots_index":""},"product_brand":[],"product_cat":[1226,1417,315,669,316,293],"product_tag":[1341],"class_list":{"0":"post-108565","1":"product","2":"type-product","3":"status-publish","4":"has-post-thumbnail","6":"product_cat-winter","7":"product_cat-ws23","8":"product_cat-boy","9":"product_cat-boy-premium","10":"product_cat-girls","11":"product_cat-girl-premium","12":"product_tag-ws23","13":"pa_brand-calvin-klein","14":"pa_category-filter-1115","15":"pa_color-filter-pink","16":"pa_gender-826","17":"pa_megethos-3m","18":"pa_megethos-6m","19":"pa_megethos-9m","20":"pa_megethos-12m","21":"pa_megethos-18m","22":"pa_megethos-340","23":"pa_megethos-341","24":"pa_megethos-342","25":"pa_season-winter","27":"first","28":"instock","29":"sale","30":"purchasable","31":"product-type-variable"},"_links":{"self":[{"href":"https:\/\/coconutkids.gr\/de\/wp-json\/wp\/v2\/product\/108565","targetHints":{"allow":["GET"]}}],"collection":[{"href":"https:\/\/coconutkids.gr\/de\/wp-json\/wp\/v2\/product"}],"about":[{"href":"https:\/\/coconutkids.gr\/de\/wp-json\/wp\/v2\/types\/product"}],"replies":[{"embeddable":true,"href":"https:\/\/coconutkids.gr\/de\/wp-json\/wp\/v2\/comments?post=108565"}],"version-history":[{"count":0,"href":"https:\/\/coconutkids.gr\/de\/wp-json\/wp\/v2\/product\/108565\/revisions"}],"wp:featuredmedia":[{"embeddable":true,"href":"https:\/\/coconutkids.gr\/de\/wp-json\/wp\/v2\/media\/114246"}],"wp:attachment":[{"href":"https:\/\/coconutkids.gr\/de\/wp-json\/wp\/v2\/media?parent=108565"}],"wp:term":[{"taxonomy":"product_brand","embeddable":true,"href":"https:\/\/coconutkids.gr\/de\/wp-json\/wp\/v2\/product_brand?post=108565"},{"taxonomy":"product_cat","embeddable":true,"href":"https:\/\/coconutkids.gr\/de\/wp-json\/wp\/v2\/product_cat?post=108565"},{"taxonomy":"product_tag","embeddable":true,"href":"https:\/\/coconutkids.gr\/de\/wp-json\/wp\/v2\/product_tag?post=108565"}],"curies":[{"name":"wp","href":"https:\/\/api.w.org\/{rel}","templated":true}]}}