{"id":109960,"date":"2023-08-28T04:11:49","date_gmt":"2023-08-28T01:11:49","guid":{"rendered":"https:\/\/coconutkids.gr\/product\/name-it-%cf%80%ce%b1%ce%b9%ce%b4%ce%b9%ce%ba%ce%ae-%ce%bc%cf%80%ce%bb%ce%bf%cf%8d%ce%b6%ce%b1-%ce%b3%ce%b9%ce%b1-%ce%ba%ce%bf%cf%81%ce%af%cf%84%cf%83%ce%b9-%ce%ac%cf%83%cf%80%cf%81%ce%bf-13221609-jet\/"},"modified":"2026-03-19T12:23:20","modified_gmt":"2026-03-19T10:23:20","slug":"name-it-%cf%80%ce%b1%ce%b9%ce%b4%ce%b9%ce%ba%ce%ae-%ce%bc%cf%80%ce%bb%ce%bf%cf%8d%ce%b6%ce%b1-%ce%b3%ce%b9%ce%b1-%ce%ba%ce%bf%cf%81%ce%af%cf%84%cf%83%ce%b9-%ce%ac%cf%83%cf%80%cf%81%ce%bf-13221609-jet","status":"publish","type":"product","link":"https:\/\/coconutkids.gr\/de\/produkt\/name-it-%cf%80%ce%b1%ce%b9%ce%b4%ce%b9%ce%ba%ce%ae-%ce%bc%cf%80%ce%bb%ce%bf%cf%8d%ce%b6%ce%b1-%ce%b3%ce%b9%ce%b1-%ce%ba%ce%bf%cf%81%ce%af%cf%84%cf%83%ce%b9-%ce%ac%cf%83%cf%80%cf%81%ce%bf-13221609-jet\/","title":{"rendered":"Name it Kids Bluse f\u00fcr M\u00e4dchen Wei\u00df 13221609-Jet Stream"},"content":{"rendered":"<p>Name it \u03a0\u03b1\u03b9\u03b4\u03b9\u03ba\u03ae \u039c\u03c0\u03bb\u03bf\u03cd\u03b6\u03b1 \u03b3\u03b9\u03b1 \u039a\u03bf\u03c1\u03af\u03c4\u03c3\u03b9 \u0386\u03c3\u03c0\u03c1\u03bf 13221609-Jet Stream, NKFOSTUDS LS LOOSE TOP, Trousers<\/p>\n<p>&nbsp;<\/p>\n<p>Pflege: <\/p>\n<p>wash and care: MAXIMUM TEMPERATURE 40C NORMAL PROCESSDO NOT BLEACHDO NOT TUMBLE DRYLINE DRYINGIRON AT MAXIMUM SOLE-PLATE TEMPERATURE  OF 150CDO NOT DRY CLEAN<\/p>\n<p>composition: 100% Cotton &#8211; Organic Direct to Farm,<\/p>","protected":false},"excerpt":{"rendered":"<p>Name it Kids Bluse f\u00fcr M\u00e4dchen Wei\u00df 13221609-Jet Stream<\/p>","protected":false},"featured_media":119719,"comment_status":"closed","ping_status":"closed","template":"","meta":{"_seopress_robots_primary_cat":"","_seopress_titles_title":"","_seopress_titles_desc":"","_seopress_robots_index":""},"product_brand":[],"product_cat":[1226,1417,316,53],"product_tag":[1341],"class_list":{"0":"post-109960","1":"product","2":"type-product","3":"status-publish","4":"has-post-thumbnail","6":"product_cat-winter","7":"product_cat-ws23","8":"product_cat-girls","9":"product_cat-girl-2-8","10":"product_tag-ws23","11":"pa_brand-name-it","12":"pa_category-filter-1351","13":"pa_color-filter-white","14":"pa_gender-826","15":"pa_megethos-346","16":"pa_megethos-348","17":"pa_megethos-349","18":"pa_megethos-350","19":"pa_season-winter","21":"first","22":"instock","23":"sale","24":"purchasable","25":"product-type-variable"},"_links":{"self":[{"href":"https:\/\/coconutkids.gr\/de\/wp-json\/wp\/v2\/product\/109960","targetHints":{"allow":["GET"]}}],"collection":[{"href":"https:\/\/coconutkids.gr\/de\/wp-json\/wp\/v2\/product"}],"about":[{"href":"https:\/\/coconutkids.gr\/de\/wp-json\/wp\/v2\/types\/product"}],"replies":[{"embeddable":true,"href":"https:\/\/coconutkids.gr\/de\/wp-json\/wp\/v2\/comments?post=109960"}],"version-history":[{"count":0,"href":"https:\/\/coconutkids.gr\/de\/wp-json\/wp\/v2\/product\/109960\/revisions"}],"wp:featuredmedia":[{"embeddable":true,"href":"https:\/\/coconutkids.gr\/de\/wp-json\/wp\/v2\/media\/119719"}],"wp:attachment":[{"href":"https:\/\/coconutkids.gr\/de\/wp-json\/wp\/v2\/media?parent=109960"}],"wp:term":[{"taxonomy":"product_brand","embeddable":true,"href":"https:\/\/coconutkids.gr\/de\/wp-json\/wp\/v2\/product_brand?post=109960"},{"taxonomy":"product_cat","embeddable":true,"href":"https:\/\/coconutkids.gr\/de\/wp-json\/wp\/v2\/product_cat?post=109960"},{"taxonomy":"product_tag","embeddable":true,"href":"https:\/\/coconutkids.gr\/de\/wp-json\/wp\/v2\/product_tag?post=109960"}],"curies":[{"name":"wp","href":"https:\/\/api.w.org\/{rel}","templated":true}]}}