{"id":110232,"date":"2023-08-28T04:19:13","date_gmt":"2023-08-28T01:19:13","guid":{"rendered":"https:\/\/coconutkids.gr\/product\/name-it-%cf%80%ce%b1%ce%b9%ce%b4%ce%b9%ce%ba%cf%8c-%cf%86%ce%bf%cf%8d%cf%84%ce%b5%cf%81-%ce%b3%ce%b9%ce%b1-%ce%b1%ce%b3%cf%8c%cf%81%ce%b9-%ce%b3%ce%ba%cf%81%ce%b9-13221190-grey-melange\/"},"modified":"2026-01-20T20:44:26","modified_gmt":"2026-01-20T18:44:26","slug":"name-it-%cf%80%ce%b1%ce%b9%ce%b4%ce%b9%ce%ba%cf%8c-%cf%86%ce%bf%cf%8d%cf%84%ce%b5%cf%81-%ce%b3%ce%b9%ce%b1-%ce%b1%ce%b3%cf%8c%cf%81%ce%b9-%ce%b3%ce%ba%cf%81%ce%b9-13221190-grey-melange","status":"publish","type":"product","link":"https:\/\/coconutkids.gr\/de\/produkt\/name-it-%cf%80%ce%b1%ce%b9%ce%b4%ce%b9%ce%ba%cf%8c-%cf%86%ce%bf%cf%8d%cf%84%ce%b5%cf%81-%ce%b3%ce%b9%ce%b1-%ce%b1%ce%b3%cf%8c%cf%81%ce%b9-%ce%b3%ce%ba%cf%81%ce%b9-13221190-grey-melange\/","title":{"rendered":"Name it Kids Sweatshirt f\u00fcr Jungen Grau 13221190-Grau Melange"},"content":{"rendered":"<p>Name it \u03a0\u03b1\u03b9\u03b4\u03b9\u03ba\u03cc \u03a6\u03bf\u03cd\u03c4\u03b5\u03c1 \u03b3\u03b9\u03b1 \u0391\u03b3\u03cc\u03c1\u03b9 \u0393\u03ba\u03c1\u03b9 13221190-Grey Melange, NMMSOLO SUPERFRIENDS SWEAT BRU WAB, Sweatshirts<\/p>\n<p>&nbsp;<\/p>\n<p>Pflege: <\/p>\n<p>Waschen und Pflege: H\u00d6CHSTTEMPERATUR 40C NORMALE VERARBEITUNG NICHT BLEICHEN TUMPEN TROCKNEN M\u00d6GLICH, TROCKNEN BEI NIEDRIGERER TEMPERATURIRON BEI EINER H\u00d6CHSTTEMPERATUR VON 150CDO NOT DRY CLEAN<\/p>\n<p>composition: 95% Cotton, 5% Elastane,<\/p>","protected":false},"excerpt":{"rendered":"<p>Name it Kids Sweatshirt f\u00fcr Jungen Grau 13221190-Grau Melange<\/p>","protected":false},"featured_media":109349,"comment_status":"closed","ping_status":"closed","template":"","meta":{"_seopress_robots_primary_cat":"","_seopress_titles_title":"","_seopress_titles_desc":"","_seopress_robots_index":""},"product_brand":[],"product_cat":[1226,1417,315,809],"product_tag":[1341],"class_list":{"0":"post-110232","1":"product","2":"type-product","3":"status-publish","4":"has-post-thumbnail","6":"product_cat-winter","7":"product_cat-ws23","8":"product_cat-boy","9":"product_cat-boy-0-2","10":"product_tag-ws23","11":"pa_brand-name-it","12":"pa_category-filter-1093","13":"pa_color-filter-906","14":"pa_gender-818","15":"pa_megethos-340","16":"pa_megethos-341","17":"pa_megethos-342","18":"pa_megethos-343","19":"pa_megethos-344","20":"pa_megethos-346","21":"pa_season-winter","23":"first","24":"instock","25":"sale","26":"purchasable","27":"product-type-variable"},"_links":{"self":[{"href":"https:\/\/coconutkids.gr\/de\/wp-json\/wp\/v2\/product\/110232","targetHints":{"allow":["GET"]}}],"collection":[{"href":"https:\/\/coconutkids.gr\/de\/wp-json\/wp\/v2\/product"}],"about":[{"href":"https:\/\/coconutkids.gr\/de\/wp-json\/wp\/v2\/types\/product"}],"replies":[{"embeddable":true,"href":"https:\/\/coconutkids.gr\/de\/wp-json\/wp\/v2\/comments?post=110232"}],"version-history":[{"count":0,"href":"https:\/\/coconutkids.gr\/de\/wp-json\/wp\/v2\/product\/110232\/revisions"}],"wp:featuredmedia":[{"embeddable":true,"href":"https:\/\/coconutkids.gr\/de\/wp-json\/wp\/v2\/media\/109349"}],"wp:attachment":[{"href":"https:\/\/coconutkids.gr\/de\/wp-json\/wp\/v2\/media?parent=110232"}],"wp:term":[{"taxonomy":"product_brand","embeddable":true,"href":"https:\/\/coconutkids.gr\/de\/wp-json\/wp\/v2\/product_brand?post=110232"},{"taxonomy":"product_cat","embeddable":true,"href":"https:\/\/coconutkids.gr\/de\/wp-json\/wp\/v2\/product_cat?post=110232"},{"taxonomy":"product_tag","embeddable":true,"href":"https:\/\/coconutkids.gr\/de\/wp-json\/wp\/v2\/product_tag?post=110232"}],"curies":[{"name":"wp","href":"https:\/\/api.w.org\/{rel}","templated":true}]}}