{"id":110551,"date":"2023-08-28T04:30:12","date_gmt":"2023-08-28T01:30:12","guid":{"rendered":"https:\/\/coconutkids.gr\/product\/name-it-%cf%80%ce%b1%ce%b9%ce%b4%ce%b9%ce%ba%cf%8c-%cf%80%ce%b1%ce%bd%cf%84%ce%b5%ce%bb%cf%8c%ce%bd%ce%b9-%ce%b3%ce%b9%ce%b1-%ce%b1%ce%b3%cf%8c%cf%81%ce%b9-%cf%80%cf%81%ce%ac%cf%83%ce%b9%ce%bd%ce%bf-2\/"},"modified":"2026-03-27T11:41:24","modified_gmt":"2026-03-27T09:41:24","slug":"name-it-%cf%80%ce%b1%ce%b9%ce%b4%ce%b9%ce%ba%cf%8c-%cf%80%ce%b1%ce%bd%cf%84%ce%b5%ce%bb%cf%8c%ce%bd%ce%b9-%ce%b3%ce%b9%ce%b1-%ce%b1%ce%b3%cf%8c%cf%81%ce%b9-%cf%80%cf%81%ce%ac%cf%83%ce%b9%ce%bd%ce%bf-2","status":"publish","type":"product","link":"https:\/\/coconutkids.gr\/de\/produkt\/name-it-%cf%80%ce%b1%ce%b9%ce%b4%ce%b9%ce%ba%cf%8c-%cf%80%ce%b1%ce%bd%cf%84%ce%b5%ce%bb%cf%8c%ce%bd%ce%b9-%ce%b3%ce%b9%ce%b1-%ce%b1%ce%b3%cf%8c%cf%81%ce%b9-%cf%80%cf%81%ce%ac%cf%83%ce%b9%ce%bd%ce%bf-2\/","title":{"rendered":"Name it Kinderhosen f\u00fcr Jungen Gr\u00fcn 13220468-Gewehr Gr\u00fcn"},"content":{"rendered":"<p>Name it \u03a0\u03b1\u03b9\u03b4\u03b9\u03ba\u03cc \u03a0\u03b1\u03bd\u03c4\u03b5\u03bb\u03cc\u03bd\u03b9 \u03b3\u03b9\u03b1 \u0391\u03b3\u03cc\u03c1\u03b9 \u03a0\u03c1\u03ac\u03c3\u03b9\u03bd\u03bf 13220468-Rifle Green, NMMBEN TAPERED CORD PANT 9550-YT P, Trousers<\/p>\n<p>&nbsp;<\/p>\n<p>Pflege: Empfohlen: Vor Gebrauch waschenWaschen mit \u00e4hnlichen Farben<\/p>\n<p>wash and care: MAXIMUM TEMPERATURE 40 C GENTLE PROCESSDO NOT BLEACHDO NOT TUMBLE DRYLINE DRYINGIRON AT MAXIMUM SOLE-PLATE TEMPERATURE OF 150CDO NOT DRY CLEAN<\/p>\n<p>Zusammensetzung: 98% Baumwolle, 2% Elastan,<\/p>","protected":false},"excerpt":{"rendered":"<p>Name it Kinderhosen f\u00fcr Jungen Gr\u00fcn 13220468-Gewehr Gr\u00fcn<\/p>","protected":false},"featured_media":109385,"comment_status":"closed","ping_status":"closed","template":"","meta":{"_seopress_robots_primary_cat":"none","_seopress_titles_title":"","_seopress_titles_desc":"","_seopress_robots_index":""},"product_brand":[],"product_cat":[1226,1417,315,809],"product_tag":[1341],"class_list":{"0":"post-110551","1":"product","2":"type-product","3":"status-publish","4":"has-post-thumbnail","6":"product_cat-winter","7":"product_cat-ws23","8":"product_cat-boy","9":"product_cat-boy-0-2","10":"product_tag-ws23","11":"pa_brand-name-it","12":"pa_category-filter-panteloni","13":"pa_color-filter-908","14":"pa_gender-818","15":"pa_megethos-340","16":"pa_megethos-341","17":"pa_megethos-342","18":"pa_megethos-343","19":"pa_megethos-344","20":"pa_megethos-345","21":"pa_season-winter","23":"first","24":"instock","25":"purchasable","26":"product-type-variable"},"_links":{"self":[{"href":"https:\/\/coconutkids.gr\/de\/wp-json\/wp\/v2\/product\/110551","targetHints":{"allow":["GET"]}}],"collection":[{"href":"https:\/\/coconutkids.gr\/de\/wp-json\/wp\/v2\/product"}],"about":[{"href":"https:\/\/coconutkids.gr\/de\/wp-json\/wp\/v2\/types\/product"}],"replies":[{"embeddable":true,"href":"https:\/\/coconutkids.gr\/de\/wp-json\/wp\/v2\/comments?post=110551"}],"version-history":[{"count":0,"href":"https:\/\/coconutkids.gr\/de\/wp-json\/wp\/v2\/product\/110551\/revisions"}],"wp:featuredmedia":[{"embeddable":true,"href":"https:\/\/coconutkids.gr\/de\/wp-json\/wp\/v2\/media\/109385"}],"wp:attachment":[{"href":"https:\/\/coconutkids.gr\/de\/wp-json\/wp\/v2\/media?parent=110551"}],"wp:term":[{"taxonomy":"product_brand","embeddable":true,"href":"https:\/\/coconutkids.gr\/de\/wp-json\/wp\/v2\/product_brand?post=110551"},{"taxonomy":"product_cat","embeddable":true,"href":"https:\/\/coconutkids.gr\/de\/wp-json\/wp\/v2\/product_cat?post=110551"},{"taxonomy":"product_tag","embeddable":true,"href":"https:\/\/coconutkids.gr\/de\/wp-json\/wp\/v2\/product_tag?post=110551"}],"curies":[{"name":"wp","href":"https:\/\/api.w.org\/{rel}","templated":true}]}}