{"id":116278,"date":"2023-09-12T02:12:35","date_gmt":"2023-09-11T23:12:35","guid":{"rendered":"https:\/\/coconutkids.gr\/product\/mayoral-%cf%80%ce%b1%ce%b9%ce%b4%ce%b9%ce%ba%cf%8c-%ce%ba%ce%b1%ce%bb%cf%83%cf%8c%ce%bd-%ce%b3%ce%b9%ce%b1-%ce%ba%ce%bf%cf%81%ce%af%cf%84%cf%83%ce%b9-%ce%b5%ce%ba%cf%81%ce%bf%cf%8d-13-10517-061\/"},"modified":"2026-05-02T15:51:29","modified_gmt":"2026-05-02T12:51:29","slug":"mayoral-%cf%80%ce%b1%ce%b9%ce%b4%ce%b9%ce%ba%cf%8c-%ce%ba%ce%b1%ce%bb%cf%83%cf%8c%ce%bd-%ce%b3%ce%b9%ce%b1-%ce%ba%ce%bf%cf%81%ce%af%cf%84%cf%83%ce%b9-%ce%b5%ce%ba%cf%81%ce%bf%cf%8d-13-10517-061","status":"publish","type":"product","link":"https:\/\/coconutkids.gr\/de\/produkt\/mayoral-%cf%80%ce%b1%ce%b9%ce%b4%ce%b9%ce%ba%cf%8c-%ce%ba%ce%b1%ce%bb%cf%83%cf%8c%ce%bd-%ce%b3%ce%b9%ce%b1-%ce%ba%ce%bf%cf%81%ce%af%cf%84%cf%83%ce%b9-%ce%b5%ce%ba%cf%81%ce%bf%cf%8d-13-10517-061\/","title":{"rendered":"Mayoral M\u00e4dchenstrumpfhose f\u00fcr M\u00e4dchen Ecru 13-10517-061"},"content":{"rendered":"<p>Mayoral \u03a0\u03b1\u03b9\u03b4\u03b9\u03ba\u03cc \u039a\u03b1\u03bb\u03c3\u03cc\u03bd \u03b3\u03b9\u03b1 \u039a\u03bf\u03c1\u03af\u03c4\u03c3\u03b9 \u0395\u03ba\u03c1\u03bf\u03cd 13-10517-061, \u039a\u03b1\u03bb\u03c3\u03bf\u03bd, \u03b5\u03ba\u03c1\u03bf\u03c5, <\/p>","protected":false},"excerpt":{"rendered":"<p>Mayoral M\u00e4dchenstrumpfhose f\u00fcr M\u00e4dchen Ecru 13-10517-061<\/p>","protected":false},"featured_media":112280,"comment_status":"closed","ping_status":"closed","template":"","meta":{"_seopress_robots_primary_cat":"","_seopress_titles_title":"","_seopress_titles_desc":"","_seopress_robots_index":""},"product_brand":[],"product_cat":[1226,1417,316,592],"product_tag":[1341],"class_list":{"0":"post-116278","1":"product","2":"type-product","3":"status-publish","4":"has-post-thumbnail","6":"product_cat-winter","7":"product_cat-ws23","8":"product_cat-girls","9":"product_cat-girl-0-2","10":"product_tag-ws23","11":"pa_brand-mayoral","12":"pa_category-filter-1116","13":"pa_color-filter-1145","14":"pa_gender-826","15":"pa_megethos-6m","16":"pa_megethos-12m","17":"pa_megethos-340","18":"pa_megethos-341","19":"pa_season-winter","21":"first","22":"instock","23":"purchasable","24":"product-type-variable"},"_links":{"self":[{"href":"https:\/\/coconutkids.gr\/de\/wp-json\/wp\/v2\/product\/116278","targetHints":{"allow":["GET"]}}],"collection":[{"href":"https:\/\/coconutkids.gr\/de\/wp-json\/wp\/v2\/product"}],"about":[{"href":"https:\/\/coconutkids.gr\/de\/wp-json\/wp\/v2\/types\/product"}],"replies":[{"embeddable":true,"href":"https:\/\/coconutkids.gr\/de\/wp-json\/wp\/v2\/comments?post=116278"}],"version-history":[{"count":0,"href":"https:\/\/coconutkids.gr\/de\/wp-json\/wp\/v2\/product\/116278\/revisions"}],"wp:featuredmedia":[{"embeddable":true,"href":"https:\/\/coconutkids.gr\/de\/wp-json\/wp\/v2\/media\/112280"}],"wp:attachment":[{"href":"https:\/\/coconutkids.gr\/de\/wp-json\/wp\/v2\/media?parent=116278"}],"wp:term":[{"taxonomy":"product_brand","embeddable":true,"href":"https:\/\/coconutkids.gr\/de\/wp-json\/wp\/v2\/product_brand?post=116278"},{"taxonomy":"product_cat","embeddable":true,"href":"https:\/\/coconutkids.gr\/de\/wp-json\/wp\/v2\/product_cat?post=116278"},{"taxonomy":"product_tag","embeddable":true,"href":"https:\/\/coconutkids.gr\/de\/wp-json\/wp\/v2\/product_tag?post=116278"}],"curies":[{"name":"wp","href":"https:\/\/api.w.org\/{rel}","templated":true}]}}