{"id":117444,"date":"2023-09-12T13:29:13","date_gmt":"2023-09-12T10:29:13","guid":{"rendered":"https:\/\/coconutkids.gr\/product\/mayoral-%cf%80%ce%b1%ce%b9%ce%b4%ce%b9%ce%ba%cf%8c-%ce%bc%cf%80%ce%bf%cf%85%cf%86%ce%ac%ce%bd-%ce%b3%ce%b9%ce%b1-%ce%ba%ce%bf%cf%81%ce%af%cf%84%cf%83%ce%b9-%ce%ba%ce%b1%cf%86%ce%ad-13-04415-032\/"},"modified":"2026-02-20T10:33:14","modified_gmt":"2026-02-20T08:33:14","slug":"mayoral-%cf%80%ce%b1%ce%b9%ce%b4%ce%b9%ce%ba%cf%8c-%ce%bc%cf%80%ce%bf%cf%85%cf%86%ce%ac%ce%bd-%ce%b3%ce%b9%ce%b1-%ce%ba%ce%bf%cf%81%ce%af%cf%84%cf%83%ce%b9-%ce%ba%ce%b1%cf%86%ce%ad-13-04415-032","status":"publish","type":"product","link":"https:\/\/coconutkids.gr\/de\/produkt\/mayoral-%cf%80%ce%b1%ce%b9%ce%b4%ce%b9%ce%ba%cf%8c-%ce%bc%cf%80%ce%bf%cf%85%cf%86%ce%ac%ce%bd-%ce%b3%ce%b9%ce%b1-%ce%ba%ce%bf%cf%81%ce%af%cf%84%cf%83%ce%b9-%ce%ba%ce%b1%cf%86%ce%ad-13-04415-032\/","title":{"rendered":"Mayoral Kinderjacke f\u00fcr M\u00e4dchen Braun 13-04415-032"},"content":{"rendered":"<p>Mayoral Kinderjacke f\u00fcr M\u00e4dchen Braun 13-04415-032, B\u00fcffel, weicher Apfel, Polyester recycelt<\/p>","protected":false},"excerpt":{"rendered":"<p>Mayoral Kinderjacke f\u00fcr M\u00e4dchen Braun 13-04415-032<\/p>","protected":false},"featured_media":111947,"comment_status":"closed","ping_status":"closed","template":"","meta":{"_seopress_robots_primary_cat":"","_seopress_titles_title":"","_seopress_titles_desc":"","_seopress_robots_index":""},"product_brand":[],"product_cat":[1226,1417,316,53],"product_tag":[1341],"class_list":{"0":"post-117444","1":"product","2":"type-product","3":"status-publish","4":"has-post-thumbnail","6":"product_cat-winter","7":"product_cat-ws23","8":"product_cat-girls","9":"product_cat-girl-2-8","10":"product_tag-ws23","11":"pa_brand-mayoral","12":"pa_category-filter-mpoufan","13":"pa_color-filter-910","14":"pa_gender-826","15":"pa_megethos-340","16":"pa_megethos-341","17":"pa_megethos-342","18":"pa_megethos-343","19":"pa_megethos-344","20":"pa_megethos-345","21":"pa_megethos-346","22":"pa_megethos-347","23":"pa_season-winter","25":"first","26":"instock","27":"sale","28":"purchasable","29":"product-type-variable"},"_links":{"self":[{"href":"https:\/\/coconutkids.gr\/de\/wp-json\/wp\/v2\/product\/117444","targetHints":{"allow":["GET"]}}],"collection":[{"href":"https:\/\/coconutkids.gr\/de\/wp-json\/wp\/v2\/product"}],"about":[{"href":"https:\/\/coconutkids.gr\/de\/wp-json\/wp\/v2\/types\/product"}],"replies":[{"embeddable":true,"href":"https:\/\/coconutkids.gr\/de\/wp-json\/wp\/v2\/comments?post=117444"}],"version-history":[{"count":0,"href":"https:\/\/coconutkids.gr\/de\/wp-json\/wp\/v2\/product\/117444\/revisions"}],"wp:featuredmedia":[{"embeddable":true,"href":"https:\/\/coconutkids.gr\/de\/wp-json\/wp\/v2\/media\/111947"}],"wp:attachment":[{"href":"https:\/\/coconutkids.gr\/de\/wp-json\/wp\/v2\/media?parent=117444"}],"wp:term":[{"taxonomy":"product_brand","embeddable":true,"href":"https:\/\/coconutkids.gr\/de\/wp-json\/wp\/v2\/product_brand?post=117444"},{"taxonomy":"product_cat","embeddable":true,"href":"https:\/\/coconutkids.gr\/de\/wp-json\/wp\/v2\/product_cat?post=117444"},{"taxonomy":"product_tag","embeddable":true,"href":"https:\/\/coconutkids.gr\/de\/wp-json\/wp\/v2\/product_tag?post=117444"}],"curies":[{"name":"wp","href":"https:\/\/api.w.org\/{rel}","templated":true}]}}