{"id":118680,"date":"2023-09-14T23:55:54","date_gmt":"2023-09-14T20:55:54","guid":{"rendered":"https:\/\/coconutkids.gr\/product\/abel-lula-%cf%80%ce%b1%ce%b9%ce%b4%ce%b9%ce%ba%cf%8c-%cf%86%cf%8c%cf%81%ce%b5%ce%bc%ce%b1-%ce%b3%ce%b9%ce%b1-%ce%ba%ce%bf%cf%81%ce%af%cf%84%cf%83%ce%b9-%cf%80%cf%81%ce%ac%cf%83%ce%b9%ce%bd%ce%bf-13-2\/"},"modified":"2026-01-20T20:27:55","modified_gmt":"2026-01-20T18:27:55","slug":"abel-lula-%cf%80%ce%b1%ce%b9%ce%b4%ce%b9%ce%ba%cf%8c-%cf%86%cf%8c%cf%81%ce%b5%ce%bc%ce%b1-%ce%b3%ce%b9%ce%b1-%ce%ba%ce%bf%cf%81%ce%af%cf%84%cf%83%ce%b9-%cf%80%cf%81%ce%ac%cf%83%ce%b9%ce%bd%ce%bf-13-2","status":"publish","type":"product","link":"https:\/\/coconutkids.gr\/de\/produkt\/abel-lula-%cf%80%ce%b1%ce%b9%ce%b4%ce%b9%ce%ba%cf%8c-%cf%86%cf%8c%cf%81%ce%b5%ce%bc%ce%b1-%ce%b3%ce%b9%ce%b1-%ce%ba%ce%bf%cf%81%ce%af%cf%84%cf%83%ce%b9-%cf%80%cf%81%ce%ac%cf%83%ce%b9%ce%bd%ce%bf-13-2\/","title":{"rendered":"Abel &amp; Lula Kinderkleid f\u00fcr M\u00e4dchen Gr\u00fcn 13-05529-081"},"content":{"rendered":"<p>Abel &#038; Lula \u03a0\u03b1\u03b9\u03b4\u03b9\u03ba\u03cc \u03a6\u03cc\u03c1\u03b5\u03bc\u03b1 \u03b3\u03b9\u03b1 \u039a\u03bf\u03c1\u03af\u03c4\u03c3\u03b9 \u03a0\u03c1\u03ac\u03c3\u03b9\u03bd\u03bf 13-05529-081, \u03a6\u03cc\u03c1\u03b5\u03bc\u03b1 \u0392\u03b5\u03bb\u03bf\u03cd\u03b4\u03b9\u03bd\u03bf \u03bb\u03bf\u03c5\u03bb\u03bf\u03c5\u03b4\u03b9\u03b1, \u03c0\u03c1\u03b1\u03c3\u03b9\u03bd\u03bf<\/p>","protected":false},"excerpt":{"rendered":"<p>\u03a6\u03cc\u03c1\u03b5\u03bc\u03b1 \u0392\u03b5\u03bb\u03bf\u03cd\u03b4\u03b9\u03bd\u03bf \u03bb\u03bf\u03c5\u03bb\u03bf\u03c5\u03b4\u03b9\u03b1<\/p>","protected":false},"featured_media":118408,"comment_status":"closed","ping_status":"closed","template":"","meta":{"_seopress_robots_primary_cat":"","_seopress_titles_title":"","_seopress_titles_desc":"","_seopress_robots_index":""},"product_brand":[],"product_cat":[1226,1417,316,293,1199],"product_tag":[1341],"class_list":{"0":"post-118680","1":"product","2":"type-product","3":"status-publish","4":"has-post-thumbnail","6":"product_cat-winter","7":"product_cat-ws23","8":"product_cat-girls","9":"product_cat-girl-premium","10":"product_cat-dress-2-8","11":"product_tag-ws23","12":"pa_brand-abel-lula","13":"pa_category-filter-forema","14":"pa_color-filter-908","15":"pa_gender-826","16":"pa_megethos-342","17":"pa_megethos-343","18":"pa_megethos-344","19":"pa_megethos-345","20":"pa_megethos-346","21":"pa_megethos-348","22":"pa_megethos-349","23":"pa_megethos-350","24":"pa_season-winter","26":"first","27":"instock","28":"sale","29":"purchasable","30":"product-type-variable"},"_links":{"self":[{"href":"https:\/\/coconutkids.gr\/de\/wp-json\/wp\/v2\/product\/118680","targetHints":{"allow":["GET"]}}],"collection":[{"href":"https:\/\/coconutkids.gr\/de\/wp-json\/wp\/v2\/product"}],"about":[{"href":"https:\/\/coconutkids.gr\/de\/wp-json\/wp\/v2\/types\/product"}],"replies":[{"embeddable":true,"href":"https:\/\/coconutkids.gr\/de\/wp-json\/wp\/v2\/comments?post=118680"}],"version-history":[{"count":0,"href":"https:\/\/coconutkids.gr\/de\/wp-json\/wp\/v2\/product\/118680\/revisions"}],"wp:featuredmedia":[{"embeddable":true,"href":"https:\/\/coconutkids.gr\/de\/wp-json\/wp\/v2\/media\/118408"}],"wp:attachment":[{"href":"https:\/\/coconutkids.gr\/de\/wp-json\/wp\/v2\/media?parent=118680"}],"wp:term":[{"taxonomy":"product_brand","embeddable":true,"href":"https:\/\/coconutkids.gr\/de\/wp-json\/wp\/v2\/product_brand?post=118680"},{"taxonomy":"product_cat","embeddable":true,"href":"https:\/\/coconutkids.gr\/de\/wp-json\/wp\/v2\/product_cat?post=118680"},{"taxonomy":"product_tag","embeddable":true,"href":"https:\/\/coconutkids.gr\/de\/wp-json\/wp\/v2\/product_tag?post=118680"}],"curies":[{"name":"wp","href":"https:\/\/api.w.org\/{rel}","templated":true}]}}