{"id":118958,"date":"2023-09-15T00:29:53","date_gmt":"2023-09-14T21:29:53","guid":{"rendered":"https:\/\/coconutkids.gr\/product\/abel-lula-%cf%80%ce%b1%ce%b9%ce%b4%ce%b9%ce%ba%cf%8c-%ce%bc%cf%80%ce%bf%cf%85%cf%86%ce%ac%ce%bd-%ce%b3%ce%b9%ce%b1-%ce%ba%ce%bf%cf%81%ce%af%cf%84%cf%83%ce%b9-%ce%bc%cf%80%ce%bb%ce%b5-13-05847-011\/"},"modified":"2026-02-20T10:33:09","modified_gmt":"2026-02-20T08:33:09","slug":"abel-lula-%cf%80%ce%b1%ce%b9%ce%b4%ce%b9%ce%ba%cf%8c-%ce%bc%cf%80%ce%bf%cf%85%cf%86%ce%ac%ce%bd-%ce%b3%ce%b9%ce%b1-%ce%ba%ce%bf%cf%81%ce%af%cf%84%cf%83%ce%b9-%ce%bc%cf%80%ce%bb%ce%b5-13-05847-011","status":"publish","type":"product","link":"https:\/\/coconutkids.gr\/de\/produkt\/abel-lula-%cf%80%ce%b1%ce%b9%ce%b4%ce%b9%ce%ba%cf%8c-%ce%bc%cf%80%ce%bf%cf%85%cf%86%ce%ac%ce%bd-%ce%b3%ce%b9%ce%b1-%ce%ba%ce%bf%cf%81%ce%af%cf%84%cf%83%ce%b9-%ce%bc%cf%80%ce%bb%ce%b5-13-05847-011\/","title":{"rendered":"Abel &amp; Lula Kinder Jacke f\u00fcr M\u00e4dchen Blau 13-05847-011"},"content":{"rendered":"<p>Abel &amp; Lula Kinder Jacke f\u00fcr M\u00e4dchen Blau 13-05847-011, Satin Fell Jacke, navy blau<\/p>","protected":false},"excerpt":{"rendered":"<p>Buffalo Satin Pelzmantel<\/p>","protected":false},"featured_media":118194,"comment_status":"closed","ping_status":"closed","template":"","meta":{"_seopress_robots_primary_cat":"","_seopress_titles_title":"","_seopress_titles_desc":"","_seopress_robots_index":""},"product_brand":[],"product_cat":[1226,1417,316,293,592],"product_tag":[1341],"class_list":{"0":"post-118958","1":"product","2":"type-product","3":"status-publish","4":"has-post-thumbnail","6":"product_cat-winter","7":"product_cat-ws23","8":"product_cat-girls","9":"product_cat-girl-premium","10":"product_cat-girl-0-2","11":"product_tag-ws23","12":"pa_brand-abel-lula","13":"pa_category-filter-mpoufan","14":"pa_color-filter-blue","15":"pa_gender-826","16":"pa_megethos-9m","17":"pa_megethos-12m","18":"pa_megethos-18m","19":"pa_megethos-340","20":"pa_megethos-341","21":"pa_season-winter","23":"first","24":"instock","25":"sale","26":"purchasable","27":"product-type-variable"},"_links":{"self":[{"href":"https:\/\/coconutkids.gr\/de\/wp-json\/wp\/v2\/product\/118958","targetHints":{"allow":["GET"]}}],"collection":[{"href":"https:\/\/coconutkids.gr\/de\/wp-json\/wp\/v2\/product"}],"about":[{"href":"https:\/\/coconutkids.gr\/de\/wp-json\/wp\/v2\/types\/product"}],"replies":[{"embeddable":true,"href":"https:\/\/coconutkids.gr\/de\/wp-json\/wp\/v2\/comments?post=118958"}],"version-history":[{"count":0,"href":"https:\/\/coconutkids.gr\/de\/wp-json\/wp\/v2\/product\/118958\/revisions"}],"wp:featuredmedia":[{"embeddable":true,"href":"https:\/\/coconutkids.gr\/de\/wp-json\/wp\/v2\/media\/118194"}],"wp:attachment":[{"href":"https:\/\/coconutkids.gr\/de\/wp-json\/wp\/v2\/media?parent=118958"}],"wp:term":[{"taxonomy":"product_brand","embeddable":true,"href":"https:\/\/coconutkids.gr\/de\/wp-json\/wp\/v2\/product_brand?post=118958"},{"taxonomy":"product_cat","embeddable":true,"href":"https:\/\/coconutkids.gr\/de\/wp-json\/wp\/v2\/product_cat?post=118958"},{"taxonomy":"product_tag","embeddable":true,"href":"https:\/\/coconutkids.gr\/de\/wp-json\/wp\/v2\/product_tag?post=118958"}],"curies":[{"name":"wp","href":"https:\/\/api.w.org\/{rel}","templated":true}]}}