{"id":121031,"date":"2023-09-29T23:53:06","date_gmt":"2023-09-29T20:53:06","guid":{"rendered":"https:\/\/coconutkids.gr\/product\/boboli-%cf%80%ce%b1%ce%b9%ce%b4%ce%b9%ce%ba%cf%8c-%ce%bc%cf%80%ce%bf%cf%85%cf%86%ce%ac%ce%bd-%ce%b3%ce%b9%ce%b1-%ce%ba%ce%bf%cf%81%ce%af%cf%84%cf%83%ce%b9-%cf%83%cf%84%ce%b1%ce%bc%cf%80%cf%89%cf%84\/"},"modified":"2026-01-20T23:06:11","modified_gmt":"2026-01-20T21:06:11","slug":"boboli-%cf%80%ce%b1%ce%b9%ce%b4%ce%b9%ce%ba%cf%8c-%ce%bc%cf%80%ce%bf%cf%85%cf%86%ce%ac%ce%bd-%ce%b3%ce%b9%ce%b1-%ce%ba%ce%bf%cf%81%ce%af%cf%84%cf%83%ce%b9-%cf%83%cf%84%ce%b1%ce%bc%cf%80%cf%89%cf%84","status":"publish","type":"product","link":"https:\/\/coconutkids.gr\/de\/produkt\/boboli-%cf%80%ce%b1%ce%b9%ce%b4%ce%b9%ce%ba%cf%8c-%ce%bc%cf%80%ce%bf%cf%85%cf%86%ce%ac%ce%bd-%ce%b3%ce%b9%ce%b1-%ce%ba%ce%bf%cf%81%ce%af%cf%84%cf%83%ce%b9-%cf%83%cf%84%ce%b1%ce%bc%cf%80%cf%89%cf%84\/","title":{"rendered":"Boboli \u03a0\u03b1\u03b9\u03b4\u03b9\u03ba\u03cc \u03a6\u03bb\u03bf\u03c1\u03ac\u03bb \u03a4\u03b6\u03ac\u03ba\u03b5\u03c4 \u03b3\u03b9\u03b1 \u039a\u03bf\u03c1\u03af\u03c4\u03c3\u03b9 \u03a3\u03c4\u03b1\u03bc\u03c0\u03c9\u03c4\u03cc 207144-9257"},"content":{"rendered":"<p>Boboli \u03a0\u03b1\u03b9\u03b4\u03b9\u03ba\u03cc \u039c\u03c0\u03bf\u03c5\u03c6\u03ac\u03bd \u03b3\u03b9\u03b1 \u039a\u03bf\u03c1\u03af\u03c4\u03c3\u03b9 \u03a3\u03c4\u03b1\u03bc\u03c0\u03c9\u03c4\u03cc 207144-9257, print, Denim jacket knit for baby -BCI, MINI, Out:85%cotton 15%polyester Lining:70%cotton 30%polyester<\/p>\n<p>&nbsp;<\/p>","protected":false},"excerpt":{"rendered":"<p>Boboli Kinder Jacke f\u00fcr M\u00e4dchen gen\u00e4ht 207144-9257<\/p>","protected":false},"featured_media":120815,"comment_status":"closed","ping_status":"closed","template":"","meta":{"_seopress_robots_primary_cat":"","_seopress_titles_title":"","_seopress_titles_desc":"","_seopress_robots_index":""},"product_brand":[],"product_cat":[1226,1417,316,592],"product_tag":[1341],"class_list":{"0":"post-121031","1":"product","2":"type-product","3":"status-publish","4":"has-post-thumbnail","6":"product_cat-winter","7":"product_cat-ws23","8":"product_cat-girls","9":"product_cat-girl-0-2","10":"product_tag-ws23","11":"pa_brand-boboli","12":"pa_category-filter-1330","13":"pa_color-filter-1130","14":"pa_gender-826","15":"pa_megethos-18m","16":"pa_megethos-340","17":"pa_megethos-341","18":"pa_megethos-342","19":"pa_megethos-343","20":"pa_megethos-344","21":"pa_megethos-345","22":"pa_megethos-346","23":"pa_season-winter","25":"first","26":"instock","27":"sale","28":"purchasable","29":"product-type-variable"},"_links":{"self":[{"href":"https:\/\/coconutkids.gr\/de\/wp-json\/wp\/v2\/product\/121031","targetHints":{"allow":["GET"]}}],"collection":[{"href":"https:\/\/coconutkids.gr\/de\/wp-json\/wp\/v2\/product"}],"about":[{"href":"https:\/\/coconutkids.gr\/de\/wp-json\/wp\/v2\/types\/product"}],"replies":[{"embeddable":true,"href":"https:\/\/coconutkids.gr\/de\/wp-json\/wp\/v2\/comments?post=121031"}],"version-history":[{"count":0,"href":"https:\/\/coconutkids.gr\/de\/wp-json\/wp\/v2\/product\/121031\/revisions"}],"wp:featuredmedia":[{"embeddable":true,"href":"https:\/\/coconutkids.gr\/de\/wp-json\/wp\/v2\/media\/120815"}],"wp:attachment":[{"href":"https:\/\/coconutkids.gr\/de\/wp-json\/wp\/v2\/media?parent=121031"}],"wp:term":[{"taxonomy":"product_brand","embeddable":true,"href":"https:\/\/coconutkids.gr\/de\/wp-json\/wp\/v2\/product_brand?post=121031"},{"taxonomy":"product_cat","embeddable":true,"href":"https:\/\/coconutkids.gr\/de\/wp-json\/wp\/v2\/product_cat?post=121031"},{"taxonomy":"product_tag","embeddable":true,"href":"https:\/\/coconutkids.gr\/de\/wp-json\/wp\/v2\/product_tag?post=121031"}],"curies":[{"name":"wp","href":"https:\/\/api.w.org\/{rel}","templated":true}]}}