{"id":121042,"date":"2023-09-29T23:55:05","date_gmt":"2023-09-29T20:55:05","guid":{"rendered":"https:\/\/coconutkids.gr\/product\/boboli-%cf%80%ce%b1%ce%b9%ce%b4%ce%b9%ce%ba%cf%8c-%cf%86%ce%bf%cf%8d%cf%84%ce%b5%cf%81-%ce%b3%ce%b9%ce%b1-%ce%ba%ce%bf%cf%81%ce%af%cf%84%cf%83%ce%b9-%ce%b5%ce%ba%cf%81%ce%bf%cf%8d-227146-7359\/"},"modified":"2026-01-20T20:23:17","modified_gmt":"2026-01-20T18:23:17","slug":"boboli-%cf%80%ce%b1%ce%b9%ce%b4%ce%b9%ce%ba%cf%8c-%cf%86%ce%bf%cf%8d%cf%84%ce%b5%cf%81-%ce%b3%ce%b9%ce%b1-%ce%ba%ce%bf%cf%81%ce%af%cf%84%cf%83%ce%b9-%ce%b5%ce%ba%cf%81%ce%bf%cf%8d-227146-7359","status":"publish","type":"product","link":"https:\/\/coconutkids.gr\/de\/produkt\/boboli-%cf%80%ce%b1%ce%b9%ce%b4%ce%b9%ce%ba%cf%8c-%cf%86%ce%bf%cf%8d%cf%84%ce%b5%cf%81-%ce%b3%ce%b9%ce%b1-%ce%ba%ce%bf%cf%81%ce%af%cf%84%cf%83%ce%b9-%ce%b5%ce%ba%cf%81%ce%bf%cf%8d-227146-7359\/","title":{"rendered":"Boboli Kinder Sweatshirt f\u00fcr M\u00e4dchen Ecru 227146-7359"},"content":{"rendered":"<p>Boboli Kids Sweatshirt f\u00fcr Baby M\u00e4dchen ecru 227146-7359, ecru, Fleece Sweatshirt f\u00fcr Baby M\u00e4dchen -BCI, MINI, 89umwolle 11%Polyester<\/p>\n<p>&nbsp;<\/p>\n<p>Maschinenw\u00e4sche bei bis zu 30\u00baC. Nicht bleichen.  Nicht im Trockner trocknen, b\u00fcgeln bis 110\u00baC, nicht chemisch reinigen.<\/p>","protected":false},"excerpt":{"rendered":"<p>Boboli Kinder Sweatshirt f\u00fcr M\u00e4dchen Ecru 227146-7359<\/p>","protected":false},"featured_media":120817,"comment_status":"closed","ping_status":"closed","template":"","meta":{"_seopress_robots_primary_cat":"","_seopress_titles_title":"","_seopress_titles_desc":"","_seopress_robots_index":""},"product_brand":[],"product_cat":[1226,1417,316,592,53],"product_tag":[1341],"class_list":{"0":"post-121042","1":"product","2":"type-product","3":"status-publish","4":"has-post-thumbnail","6":"product_cat-winter","7":"product_cat-ws23","8":"product_cat-girls","9":"product_cat-girl-0-2","10":"product_cat-girl-2-8","11":"product_tag-ws23","12":"pa_brand-boboli","13":"pa_category-filter-1093","14":"pa_color-filter-1145","15":"pa_gender-826","16":"pa_megethos-340","17":"pa_megethos-341","18":"pa_megethos-342","19":"pa_megethos-343","20":"pa_megethos-344","21":"pa_megethos-345","22":"pa_megethos-346","23":"pa_season-winter","25":"first","26":"instock","27":"sale","28":"purchasable","29":"product-type-variable"},"_links":{"self":[{"href":"https:\/\/coconutkids.gr\/de\/wp-json\/wp\/v2\/product\/121042","targetHints":{"allow":["GET"]}}],"collection":[{"href":"https:\/\/coconutkids.gr\/de\/wp-json\/wp\/v2\/product"}],"about":[{"href":"https:\/\/coconutkids.gr\/de\/wp-json\/wp\/v2\/types\/product"}],"replies":[{"embeddable":true,"href":"https:\/\/coconutkids.gr\/de\/wp-json\/wp\/v2\/comments?post=121042"}],"version-history":[{"count":0,"href":"https:\/\/coconutkids.gr\/de\/wp-json\/wp\/v2\/product\/121042\/revisions"}],"wp:featuredmedia":[{"embeddable":true,"href":"https:\/\/coconutkids.gr\/de\/wp-json\/wp\/v2\/media\/120817"}],"wp:attachment":[{"href":"https:\/\/coconutkids.gr\/de\/wp-json\/wp\/v2\/media?parent=121042"}],"wp:term":[{"taxonomy":"product_brand","embeddable":true,"href":"https:\/\/coconutkids.gr\/de\/wp-json\/wp\/v2\/product_brand?post=121042"},{"taxonomy":"product_cat","embeddable":true,"href":"https:\/\/coconutkids.gr\/de\/wp-json\/wp\/v2\/product_cat?post=121042"},{"taxonomy":"product_tag","embeddable":true,"href":"https:\/\/coconutkids.gr\/de\/wp-json\/wp\/v2\/product_tag?post=121042"}],"curies":[{"name":"wp","href":"https:\/\/api.w.org\/{rel}","templated":true}]}}