{"id":121180,"date":"2023-09-30T00:18:59","date_gmt":"2023-09-29T21:18:59","guid":{"rendered":"https:\/\/coconutkids.gr\/product\/boboli-%cf%80%ce%b1%ce%b9%ce%b4%ce%b9%ce%ba%cf%8c-%ce%ba%ce%b1%ce%bb%cf%83%cf%8c%ce%bd-%ce%b3%ce%b9%ce%b1-%ce%ba%ce%bf%cf%81%ce%af%cf%84%cf%83%ce%b9-%ce%bc%ce%b1%cf%8d%cf%81%ce%bf-417147-8131\/"},"modified":"2026-01-20T20:23:11","modified_gmt":"2026-01-20T18:23:11","slug":"boboli-%cf%80%ce%b1%ce%b9%ce%b4%ce%b9%ce%ba%cf%8c-%ce%ba%ce%b1%ce%bb%cf%83%cf%8c%ce%bd-%ce%b3%ce%b9%ce%b1-%ce%ba%ce%bf%cf%81%ce%af%cf%84%cf%83%ce%b9-%ce%bc%ce%b1%cf%8d%cf%81%ce%bf-417147-8131","status":"publish","type":"product","link":"https:\/\/coconutkids.gr\/de\/produkt\/boboli-%cf%80%ce%b1%ce%b9%ce%b4%ce%b9%ce%ba%cf%8c-%ce%ba%ce%b1%ce%bb%cf%83%cf%8c%ce%bd-%ce%b3%ce%b9%ce%b1-%ce%ba%ce%bf%cf%81%ce%af%cf%84%cf%83%ce%b9-%ce%bc%ce%b1%cf%8d%cf%81%ce%bf-417147-8131\/","title":{"rendered":"Boboli M\u00e4dchen Strumpfhose f\u00fcr M\u00e4dchen Schwarz 417147-8131"},"content":{"rendered":"<p>Boboli \u03a0\u03b1\u03b9\u03b4\u03b9\u03ba\u03cc \u039a\u03b1\u03bb\u03c3\u03cc\u03bd \u03b3\u03b9\u03b1 \u039a\u03bf\u03c1\u03af\u03c4\u03c3\u03b9 \u039c\u03b1\u03cd\u03c1\u03bf 417147-8131, slate, Thick tights for girl -BCI, KIDS, 75%cotton 23%polyamide 2%elastane<\/p>\n<p>&nbsp;<\/p>\n<p>Maschinenw\u00e4sche bei bis zu 30\u00baC. Nicht bleichen.  Nicht im Trockner trocknen, b\u00fcgeln bis 110\u00baC, nicht chemisch reinigen.<\/p>","protected":false},"excerpt":{"rendered":"<p>Boboli M\u00e4dchen Strumpfhose f\u00fcr M\u00e4dchen Schwarz 417147-8131<\/p>","protected":false},"featured_media":120436,"comment_status":"closed","ping_status":"closed","template":"","meta":{"_seopress_robots_primary_cat":"","_seopress_titles_title":"","_seopress_titles_desc":"","_seopress_robots_index":""},"product_brand":[],"product_cat":[1226,1417,316,53,55],"product_tag":[1341],"class_list":{"0":"post-121180","1":"product","2":"type-product","3":"status-publish","4":"has-post-thumbnail","6":"product_cat-winter","7":"product_cat-ws23","8":"product_cat-girls","9":"product_cat-girl-2-8","10":"product_cat-girl-9-16","11":"product_tag-ws23","12":"pa_brand-boboli","13":"pa_category-filter-1116","14":"pa_color-filter-black","15":"pa_gender-826","16":"pa_megethos-344","17":"pa_megethos-345","18":"pa_megethos-346","19":"pa_megethos-348","20":"pa_megethos-349","21":"pa_megethos-350","22":"pa_megethos-351","23":"pa_season-winter","25":"first","26":"instock","27":"sale","28":"purchasable","29":"product-type-variable"},"_links":{"self":[{"href":"https:\/\/coconutkids.gr\/de\/wp-json\/wp\/v2\/product\/121180","targetHints":{"allow":["GET"]}}],"collection":[{"href":"https:\/\/coconutkids.gr\/de\/wp-json\/wp\/v2\/product"}],"about":[{"href":"https:\/\/coconutkids.gr\/de\/wp-json\/wp\/v2\/types\/product"}],"replies":[{"embeddable":true,"href":"https:\/\/coconutkids.gr\/de\/wp-json\/wp\/v2\/comments?post=121180"}],"version-history":[{"count":0,"href":"https:\/\/coconutkids.gr\/de\/wp-json\/wp\/v2\/product\/121180\/revisions"}],"wp:featuredmedia":[{"embeddable":true,"href":"https:\/\/coconutkids.gr\/de\/wp-json\/wp\/v2\/media\/120436"}],"wp:attachment":[{"href":"https:\/\/coconutkids.gr\/de\/wp-json\/wp\/v2\/media?parent=121180"}],"wp:term":[{"taxonomy":"product_brand","embeddable":true,"href":"https:\/\/coconutkids.gr\/de\/wp-json\/wp\/v2\/product_brand?post=121180"},{"taxonomy":"product_cat","embeddable":true,"href":"https:\/\/coconutkids.gr\/de\/wp-json\/wp\/v2\/product_cat?post=121180"},{"taxonomy":"product_tag","embeddable":true,"href":"https:\/\/coconutkids.gr\/de\/wp-json\/wp\/v2\/product_tag?post=121180"}],"curies":[{"name":"wp","href":"https:\/\/api.w.org\/{rel}","templated":true}]}}