{"id":123131,"date":"2023-10-31T16:31:16","date_gmt":"2023-10-31T14:31:16","guid":{"rendered":"https:\/\/coconutkids.gr\/?post_type=product&#038;p=123131"},"modified":"2026-01-20T20:21:19","modified_gmt":"2026-01-20T18:21:19","slug":"mayoral-%ce%b2%cf%81%ce%b5%cf%86%ce%b9%ce%ba%cf%8c-%cf%80%ce%b1%ce%bb%cf%84%cf%8c-%ce%bc%ce%b5-%cf%83%ce%ba%ce%bf%cf%8d%cf%86%ce%bf-%ce%b3%ce%b9%ce%b1-%ce%ba%ce%bf%cf%81%ce%af%cf%84%cf%83%ce%b9-%ce%bb","status":"publish","type":"product","link":"https:\/\/coconutkids.gr\/de\/produkt\/mayoral-%ce%b2%cf%81%ce%b5%cf%86%ce%b9%ce%ba%cf%8c-%cf%80%ce%b1%ce%bb%cf%84%cf%8c-%ce%bc%ce%b5-%cf%83%ce%ba%ce%bf%cf%8d%cf%86%ce%bf-%ce%b3%ce%b9%ce%b1-%ce%ba%ce%bf%cf%81%ce%af%cf%84%cf%83%ce%b9-%ce%bb\/","title":{"rendered":"Mayoral Baby Mantel mit M\u00fctze f\u00fcr M\u00e4dchen Wei\u00df 13-02404-092"},"content":{"rendered":"","protected":false},"excerpt":{"rendered":"","protected":false},"featured_media":123136,"comment_status":"open","ping_status":"closed","template":"","meta":{"_seopress_robots_primary_cat":"none","_seopress_titles_title":"","_seopress_titles_desc":"","_seopress_robots_index":""},"product_brand":[],"product_cat":[1226,1417,316,592],"product_tag":[1341],"class_list":{"0":"post-123131","1":"product","2":"type-product","3":"status-publish","4":"has-post-thumbnail","6":"product_cat-winter","7":"product_cat-ws23","8":"product_cat-girls","9":"product_cat-girl-0-2","10":"product_tag-ws23","11":"pa_brand-mayoral","12":"pa_category-filter-palto","13":"pa_color-filter-1238","14":"pa_gender-826","15":"pa_megethos-1m","16":"pa_season-winter","18":"first","19":"instock","20":"sale","21":"shipping-taxable","22":"purchasable","23":"product-type-variable"},"_links":{"self":[{"href":"https:\/\/coconutkids.gr\/de\/wp-json\/wp\/v2\/product\/123131","targetHints":{"allow":["GET"]}}],"collection":[{"href":"https:\/\/coconutkids.gr\/de\/wp-json\/wp\/v2\/product"}],"about":[{"href":"https:\/\/coconutkids.gr\/de\/wp-json\/wp\/v2\/types\/product"}],"replies":[{"embeddable":true,"href":"https:\/\/coconutkids.gr\/de\/wp-json\/wp\/v2\/comments?post=123131"}],"version-history":[{"count":0,"href":"https:\/\/coconutkids.gr\/de\/wp-json\/wp\/v2\/product\/123131\/revisions"}],"wp:featuredmedia":[{"embeddable":true,"href":"https:\/\/coconutkids.gr\/de\/wp-json\/wp\/v2\/media\/123136"}],"wp:attachment":[{"href":"https:\/\/coconutkids.gr\/de\/wp-json\/wp\/v2\/media?parent=123131"}],"wp:term":[{"taxonomy":"product_brand","embeddable":true,"href":"https:\/\/coconutkids.gr\/de\/wp-json\/wp\/v2\/product_brand?post=123131"},{"taxonomy":"product_cat","embeddable":true,"href":"https:\/\/coconutkids.gr\/de\/wp-json\/wp\/v2\/product_cat?post=123131"},{"taxonomy":"product_tag","embeddable":true,"href":"https:\/\/coconutkids.gr\/de\/wp-json\/wp\/v2\/product_tag?post=123131"}],"curies":[{"name":"wp","href":"https:\/\/api.w.org\/{rel}","templated":true}]}}