{"id":125001,"date":"2023-12-11T14:56:18","date_gmt":"2023-12-11T12:56:18","guid":{"rendered":"https:\/\/coconutkids.gr\/?post_type=product&#038;p=125001"},"modified":"2026-01-20T20:20:59","modified_gmt":"2026-01-20T18:20:59","slug":"mayoral-%cf%80%ce%b1%ce%b9%ce%b4%ce%b9%ce%ba%ce%ac-%ce%ba%ce%b1%ce%bb%cf%84%cf%83%ce%ac%ce%ba%ce%b9%ce%b1-3-%cf%84%ce%b5%ce%bc%ce%b1%cf%87%ce%af%cf%89%ce%bd-%ce%b3%ce%b9%ce%b1-%ce%ba%ce%bf%cf%81-3","status":"publish","type":"product","link":"https:\/\/coconutkids.gr\/de\/produkt\/mayoral-%cf%80%ce%b1%ce%b9%ce%b4%ce%b9%ce%ba%ce%ac-%ce%ba%ce%b1%ce%bb%cf%84%cf%83%ce%ac%ce%ba%ce%b9%ce%b1-3-%cf%84%ce%b5%ce%bc%ce%b1%cf%87%ce%af%cf%89%ce%bd-%ce%b3%ce%b9%ce%b1-%ce%ba%ce%bf%cf%81-3\/","title":{"rendered":"Mayoral Kindersocken 3 St\u00fcck f\u00fcr M\u00e4dchen Grau 13-10526-093"},"content":{"rendered":"<p>ECOFRIENDS-Rock. Enth\u00e4lt Bio-Baumwolle Set de 3 pares de calcetines.<\/p>","protected":false},"excerpt":{"rendered":"<p>ECOFRIENDS-Rock. Enth\u00e4lt Bio-Baumwolle Set de 3 pares de calcetines.<\/p>","protected":false},"featured_media":125008,"comment_status":"closed","ping_status":"closed","template":"","meta":{"_seopress_robots_primary_cat":"none","_seopress_titles_title":"","_seopress_titles_desc":"","_seopress_robots_index":""},"product_brand":[],"product_cat":[1226,1417,316,592,319],"product_tag":[1341],"class_list":{"0":"post-125001","1":"product","2":"type-product","3":"status-publish","4":"has-post-thumbnail","6":"product_cat-winter","7":"product_cat-ws23","8":"product_cat-girls","9":"product_cat-girl-0-2","10":"product_cat-socks_kids","11":"product_tag-ws23","12":"pa_brand-mayoral","13":"pa_category-filter-socks","14":"pa_color-filter-906","15":"pa_gender-826","16":"pa_megethos-6m","17":"pa_megethos-12m","18":"pa_megethos-340","19":"pa_megethos-341","20":"pa_season-winter","22":"first","23":"instock","24":"sale","25":"purchasable","26":"product-type-variable"},"_links":{"self":[{"href":"https:\/\/coconutkids.gr\/de\/wp-json\/wp\/v2\/product\/125001","targetHints":{"allow":["GET"]}}],"collection":[{"href":"https:\/\/coconutkids.gr\/de\/wp-json\/wp\/v2\/product"}],"about":[{"href":"https:\/\/coconutkids.gr\/de\/wp-json\/wp\/v2\/types\/product"}],"replies":[{"embeddable":true,"href":"https:\/\/coconutkids.gr\/de\/wp-json\/wp\/v2\/comments?post=125001"}],"version-history":[{"count":0,"href":"https:\/\/coconutkids.gr\/de\/wp-json\/wp\/v2\/product\/125001\/revisions"}],"wp:featuredmedia":[{"embeddable":true,"href":"https:\/\/coconutkids.gr\/de\/wp-json\/wp\/v2\/media\/125008"}],"wp:attachment":[{"href":"https:\/\/coconutkids.gr\/de\/wp-json\/wp\/v2\/media?parent=125001"}],"wp:term":[{"taxonomy":"product_brand","embeddable":true,"href":"https:\/\/coconutkids.gr\/de\/wp-json\/wp\/v2\/product_brand?post=125001"},{"taxonomy":"product_cat","embeddable":true,"href":"https:\/\/coconutkids.gr\/de\/wp-json\/wp\/v2\/product_cat?post=125001"},{"taxonomy":"product_tag","embeddable":true,"href":"https:\/\/coconutkids.gr\/de\/wp-json\/wp\/v2\/product_tag?post=125001"}],"curies":[{"name":"wp","href":"https:\/\/api.w.org\/{rel}","templated":true}]}}