{"id":144478,"date":"2024-04-10T11:35:57","date_gmt":"2024-04-10T08:35:57","guid":{"rendered":"https:\/\/coconutkids.gr\/?post_type=product&#038;p=144478"},"modified":"2026-02-25T15:40:03","modified_gmt":"2026-02-25T13:40:03","slug":"babywalker-%ce%b2%ce%b1%cf%80%cf%84%ce%b9%cf%83%cf%84%ce%b9%ce%ba%cf%8c-%ce%bc%ce%bf%ce%ba%ce%b1%cf%83%ce%af%ce%bd%ce%b9-%ce%b3%ce%b9%ce%b1-%ce%b1%ce%b3%cf%8c%cf%81%ce%b9-%ce%bc%cf%80%ce%b5%ce%b6-bw-4","status":"publish","type":"product","link":"https:\/\/coconutkids.gr\/de\/produkt\/babywalker-%ce%b2%ce%b1%cf%80%cf%84%ce%b9%cf%83%cf%84%ce%b9%ce%ba%cf%8c-%ce%bc%ce%bf%ce%ba%ce%b1%cf%83%ce%af%ce%bd%ce%b9-%ce%b3%ce%b9%ce%b1-%ce%b1%ce%b3%cf%8c%cf%81%ce%b9-%ce%bc%cf%80%ce%b5%ce%b6-bw-4\/","title":{"rendered":"BABYWALKER \u0392\u03b1\u03c0\u03c4\u03b9\u03c3\u03c4\u03b9\u03ba\u03cc \u039c\u03bf\u03ba\u03b1\u03c3\u03af\u03bd\u03b9 \u03b3\u03b9\u03b1 \u0391\u03b3\u03cc\u03c1\u03b9 \u039c\u03c0\u03b5\u03b6 BW-4277"},"content":{"rendered":"<p>\u0397 \u03b1\u03c0\u03bf\u03c3\u03c4\u03bf\u03bb\u03ae \u03c4\u03b7\u03c2 BABYWALKER \u03b5\u03af\u03bd\u03b1\u03b9 \u03bd\u03b1 \u03c3\u03c7\u03b5\u03b4\u03b9\u03ac\u03b6\u03b5\u03b9 \u03ba\u03b1\u03b9 \u03bd\u03b1 \u03b4\u03b7\u03bc\u03b9\u03bf\u03c5\u03c1\u03b3\u03b5\u03af \u03c0\u03b1\u03b9\u03b4\u03b9\u03ba\u03ac \u03c0\u03b1\u03c0\u03bf\u03cd\u03c4\u03c3\u03b9\u03b1 \u03bc\u03b5 \u03ba\u03b1\u03bb\u03bb\u03b9\u03c4\u03b5\u03c7\u03bd\u03b9\u03ba\u03cc \u03c0\u03bd\u03b5\u03cd\u03bc\u03b1&#8230; \u03c0\u03b1\u03c0\u03bf\u03cd\u03c4\u03c3\u03b9\u03b1 \u03bc\u03b5 \u03be\u03b5\u03c7\u03c9\u03c1\u03b9\u03c3\u03c4\u03cc \u03ba\u03b1\u03b9 \u03b5\u03ba\u03bb\u03b5\u03c0\u03c4\u03c5\u03c3\u03bc\u03ad\u03bd\u03bf \u03c3\u03c4\u03c5\u03bb \u03b1\u03bb\u03bb\u03ac \u03c4\u03b1\u03c5\u03c4\u03cc\u03c7\u03c1\u03bf\u03bd\u03b1 \u03c0\u03bf\u03bb\u03c5\u03c4\u03b5\u03bb\u03ae \u03ba\u03b1\u03b9 \u03bc\u03bf\u03bd\u03c4\u03ad\u03c1\u03bd\u03b1&#8230; \u03c0\u03b1\u03c0\u03bf\u03cd\u03c4\u03c3\u03b9\u03b1 \u03c0\u03bf\u03c5 \u03b8\u03b1 \u03ba\u03ac\u03bd\u03bf\u03c5\u03bd \u03ba\u03ac\u03b8\u03b5 \u03c0\u03b5\u03c1\u03af\u03c3\u03c4\u03b1\u03c3\u03b7 \u03be\u03b5\u03c7\u03c9\u03c1\u03b9\u03c3\u03c4\u03ae&#8230; \u03c0\u03b1\u03c0\u03bf\u03cd\u03c4\u03c3\u03b9\u03b1 \u03c0\u03bf\u03c5 \u03b8\u03b1 \u03be\u03c5\u03c0\u03bd\u03ae\u03c3\u03bf\u03c5\u03bd \u03c4\u03b9\u03c2 \u03b1\u03bd\u03b1\u03bc\u03bd\u03ae\u03c3\u03b5\u03b9\u03c2 \u03ba\u03b1\u03b9 \u03c4\u03b1 \u03c3\u03c5\u03bd\u03b1\u03b9\u03c3\u03b8\u03ae\u03bc\u03b1\u03c4\u03ac \u03c3\u03b1\u03c2. \u03a0\u03b1\u03c0\u03bf\u03cd\u03c4\u03c3\u03b9\u03b1 \u03c0\u03bf\u03c5 \u03b8\u03b1 \u03b1\u03c6\u03b7\u03b3\u03b7\u03b8\u03bf\u03cd\u03bd \u03bc\u03b9\u03b1 \u03b9\u03c3\u03c4\u03bf\u03c1\u03af\u03b1 \u03c3\u03c4\u03bf\u03c5\u03c2 \u03c0\u03b5\u03bb\u03ac\u03c4\u03b5\u03c2 \u03bc\u03b1\u03c2&#8230; \u03c3\u03c4\u03b1 \u03c0\u03b1\u03b9\u03b4\u03b9\u03ac \u03bc\u03b1\u03c2.<\/p>\n<p>&nbsp;<\/p>\n<p>F\u00fcr andere als die angegebenen Gr\u00f6\u00dfen wenden Sie sich bitte an unseren Kundendienst unter <strong>2241074118 oder unter info@coconutkids.gr.<\/strong><\/p>","protected":false},"excerpt":{"rendered":"<p>\u0397 \u03b1\u03c0\u03bf\u03c3\u03c4\u03bf\u03bb\u03ae \u03c4\u03b7\u03c2 BABYWALKER \u03b5\u03af\u03bd\u03b1\u03b9 \u03bd\u03b1 \u03c3\u03c7\u03b5\u03b4\u03b9\u03ac\u03b6\u03b5\u03b9 \u03ba\u03b1\u03b9 \u03bd\u03b1 \u03b4\u03b7\u03bc\u03b9\u03bf\u03c5\u03c1\u03b3\u03b5\u03af \u03c0\u03b1\u03b9\u03b4\u03b9\u03ba\u03ac \u03c0\u03b1\u03c0\u03bf\u03cd\u03c4\u03c3\u03b9\u03b1 \u03bc\u03b5 \u03ba\u03b1\u03bb\u03bb\u03b9\u03c4\u03b5\u03c7\u03bd\u03b9\u03ba\u03cc \u03c0\u03bd\u03b5\u03cd\u03bc\u03b1&#8230; \u03c0\u03b1\u03c0\u03bf\u03cd\u03c4\u03c3\u03b9\u03b1 \u03bc\u03b5 \u03be\u03b5\u03c7\u03c9\u03c1\u03b9\u03c3\u03c4\u03cc \u03ba\u03b1\u03b9 \u03b5\u03ba\u03bb\u03b5\u03c0\u03c4\u03c5\u03c3\u03bc\u03ad\u03bd\u03bf<\/p>","protected":false},"featured_media":144483,"comment_status":"open","ping_status":"closed","template":"","meta":{"_seopress_robots_primary_cat":"none","_seopress_titles_title":"","_seopress_titles_desc":"","_seopress_robots_index":""},"product_brand":[],"product_cat":[1364,1232,1407,1414,315,669,809,54,514,329],"product_tag":[1284],"class_list":{"0":"post-144478","1":"product","2":"type-product","3":"status-publish","4":"has-post-thumbnail","6":"product_cat-boys-shoes","7":"product_cat-summer","8":"product_cat-1407","9":"product_cat-ss24","10":"product_cat-boy","11":"product_cat-boy-premium","12":"product_cat-boy-0-2","13":"product_cat-boy-2-8","14":"product_cat-shoes","15":"product_cat-boy-shoes-1-16","16":"product_tag-ss24","17":"pa_brand-babywalker","18":"pa_category-filter-shoes","19":"pa_color-filter-907","20":"pa_gender-818","21":"pa_megethos-19-shoes","22":"pa_season-summer","24":"first","25":"instock","26":"shipping-taxable","27":"purchasable","28":"product-type-variable"},"_links":{"self":[{"href":"https:\/\/coconutkids.gr\/de\/wp-json\/wp\/v2\/product\/144478","targetHints":{"allow":["GET"]}}],"collection":[{"href":"https:\/\/coconutkids.gr\/de\/wp-json\/wp\/v2\/product"}],"about":[{"href":"https:\/\/coconutkids.gr\/de\/wp-json\/wp\/v2\/types\/product"}],"replies":[{"embeddable":true,"href":"https:\/\/coconutkids.gr\/de\/wp-json\/wp\/v2\/comments?post=144478"}],"version-history":[{"count":0,"href":"https:\/\/coconutkids.gr\/de\/wp-json\/wp\/v2\/product\/144478\/revisions"}],"wp:featuredmedia":[{"embeddable":true,"href":"https:\/\/coconutkids.gr\/de\/wp-json\/wp\/v2\/media\/144483"}],"wp:attachment":[{"href":"https:\/\/coconutkids.gr\/de\/wp-json\/wp\/v2\/media?parent=144478"}],"wp:term":[{"taxonomy":"product_brand","embeddable":true,"href":"https:\/\/coconutkids.gr\/de\/wp-json\/wp\/v2\/product_brand?post=144478"},{"taxonomy":"product_cat","embeddable":true,"href":"https:\/\/coconutkids.gr\/de\/wp-json\/wp\/v2\/product_cat?post=144478"},{"taxonomy":"product_tag","embeddable":true,"href":"https:\/\/coconutkids.gr\/de\/wp-json\/wp\/v2\/product_tag?post=144478"}],"curies":[{"name":"wp","href":"https:\/\/api.w.org\/{rel}","templated":true}]}}