{"id":144828,"date":"2024-04-11T19:34:17","date_gmt":"2024-04-11T16:34:17","guid":{"rendered":"https:\/\/coconutkids.gr\/?post_type=product&#038;p=144828"},"modified":"2026-02-20T03:02:37","modified_gmt":"2026-02-20T01:02:37","slug":"vinteli-%ce%b2%ce%b1%cf%80%cf%84%ce%b9%cf%83%cf%84%ce%b9%ce%ba%cf%8c-%cf%83%ce%b5%cf%84-%ce%ba%ce%bf%cf%85%cf%83%cf%84%ce%bf%cf%8d%ce%bc%ce%b9-%ce%b3%ce%b9%ce%b1-%ce%b1%ce%b3%cf%8c%cf%81%ce%b9-8","status":"publish","type":"product","link":"https:\/\/coconutkids.gr\/de\/produkt\/vinteli-%ce%b2%ce%b1%cf%80%cf%84%ce%b9%cf%83%cf%84%ce%b9%ce%ba%cf%8c-%cf%83%ce%b5%cf%84-%ce%ba%ce%bf%cf%85%cf%83%cf%84%ce%bf%cf%8d%ce%bc%ce%b9-%ce%b3%ce%b9%ce%b1-%ce%b1%ce%b3%cf%8c%cf%81%ce%b9-8\/","title":{"rendered":"Vinteli \u0392\u03b1\u03c0\u03c4\u03b9\u03c3\u03c4\u03b9\u03ba\u03cc \u03a3\u03b5\u03c4 \u039a\u03bf\u03c5\u03c3\u03c4\u03bf\u03cd\u03bc\u03b9 \u03b3\u03b9\u03b1 \u0391\u03b3\u03cc\u03c1\u03b9 \u039c\u03c0\u03bb\u03b5-\u0393\u03ba\u03c1\u03b9 EXC5308"},"content":{"rendered":"<div class=\"description\">\n<div class=\"description\">\n<div class=\"description\">\n<div>\n<p class=\"price\">\u039c\u03b5 \u03b1\u03b4\u03b9\u03cc\u03c1\u03b1\u03c4\u03b7 \u03b1\u03af\u03c3\u03b8\u03b7\u03c3\u03b7 \u03bd\u03bf\u03c3\u03c4\u03b1\u03bb\u03b3\u03af\u03b1\u03c2 \u03b7 Vinte li \u03b5\u03c0\u03b9\u03b8\u03c5\u03bc\u03b5\u03af \u03bd\u03b1 \u03c3\u03b1\u03c2 \u03c0\u03b1\u03c1\u03b1\u03c3\u03cd\u03c1\u03b5\u03b9 \u03c3\u0384 \u03ad\u03bd\u03b1 \u03cc\u03bc\u03bf\u03c1\u03c6\u03bf \u03c4\u03b1\u03be\u03af\u03b4\u03b9 \u03bc\u03ad\u03c3\u03b1 \u03c3\u03c4\u03bf \u03c7\u03c1\u03cc\u03bd\u03bf. \u03a0\u03c1\u03bf\u03ba\u03b1\u03bb\u03ce\u03bd\u03c4\u03b1\u03c2 \u03c4\u03bf\u03bd \u03b8\u03b1\u03c5\u03bc\u03b1\u03c3\u03bc\u03cc \u03c3\u03b1\u03c2 , \u03b4\u03b7\u03bc\u03b9\u03bf\u03c5\u03c1\u03b3\u03bf\u03cd\u03bc\u03b5 \u03b2\u03b1\u03c0\u03c4\u03b9\u03c3\u03c4\u03b9\u03ba\u03ac \u03bc\u03b5 vintage \u03b1\u03af\u03c3\u03b8\u03b7\u03c3\u03b7 \u03b3\u03b9\u03b1 \u03c4\u03b9\u03c2 \u03bc\u03b9\u03ba\u03c1\u03ad\u03c2 \u03ba\u03c5\u03c1\u03af\u03b5\u03c2 \u03ba\u03b1\u03b9 retro style \u03c0\u03bf\u03c5 \u03c7\u03b1\u03c1\u03af\u03b6\u03b5\u03b9 \u03cd\u03c6\u03bf\u03c2 \u03ba\u03b1\u03b9 \u03c0\u03c1\u03bf\u03c3\u03c9\u03c0\u03b9\u03ba\u03cc\u03c4\u03b7\u03c4\u03b1 \u03c3\u03c4\u03b1 \u03b1\u03b3\u03b1\u03c0\u03b7\u03bc\u03ad\u03bd\u03b1 \u03bc\u03b1\u03c2 \u03b1\u03b3\u03bf\u03c1\u03ac\u03ba\u03b9\u03b1 &#8230;.<\/p>\n<\/div>\n<div><\/div>\n<div class=\"description\"><span class=\"posted_in\"><em><strong>Gr\u00f6\u00dfen<\/strong><\/em>:<\/span>\u00a0 6-9 Monate, 9-12 Monate, 12-18 Monate, 18-24 Monate<br \/>\nZusammensetzung: 100%CO<br \/>\n* Der Preis gilt f\u00fcr Gr\u00f6\u00dfen bis zu 24 Monaten<\/div>\n<\/div>\n<\/div>\n<\/div>\n<p>F\u00fcr andere als die angegebenen Gr\u00f6\u00dfen wenden Sie sich bitte an unseren Kundendienst unter<strong> 2241074118 oder unter info@coconutkids.gr.<\/strong><\/p>","protected":false},"excerpt":{"rendered":"<p><span class=\"posted_in\"><em><strong>Gr\u00f6\u00dfen<\/strong><\/em>:<\/span>\u00a0 6-9 Monate, 9-12 Monate, 12-18 Monate, 18-24 Monate<\/p>\n<div class=\"description\">\n<div class=\"description\">\n<div class=\"description\">\n<div class=\"description\">\n<p>* Der Preis gilt f\u00fcr Gr\u00f6\u00dfen bis zu 24 Monaten<\/p>\n<\/div>\n<\/div>\n<\/div>\n<\/div>\n<p>F\u00fcr andere als die angegebenen Gr\u00f6\u00dfen wenden Sie sich bitte an unseren Kundendienst unter<strong> 2241074118 oder unter info@coconutkids.gr.<\/strong><\/p>","protected":false},"featured_media":144825,"comment_status":"open","ping_status":"closed","template":"","meta":{"_seopress_robots_primary_cat":"none","_seopress_titles_title":"","_seopress_titles_desc":"","_seopress_robots_index":""},"product_brand":[],"product_cat":[1232,1407,1414,315,669,331,332],"product_tag":[1284],"class_list":{"0":"post-144828","1":"product","2":"type-product","3":"status-publish","4":"has-post-thumbnail","6":"product_cat-summer","7":"product_cat-1407","8":"product_cat-ss24","9":"product_cat-boy","10":"product_cat-boy-premium","11":"product_cat-baptism","12":"product_cat-boy-baptism","13":"product_tag-ss24","14":"pa_brand-vinteli","15":"pa_category-filter-1126","16":"pa_color-filter-906","17":"pa_color-filter-blue","18":"pa_gender-818","19":"pa_megethos-12m","20":"pa_season-summer","22":"first","23":"instock","24":"shipping-taxable","25":"purchasable","26":"product-type-variable"},"_links":{"self":[{"href":"https:\/\/coconutkids.gr\/de\/wp-json\/wp\/v2\/product\/144828","targetHints":{"allow":["GET"]}}],"collection":[{"href":"https:\/\/coconutkids.gr\/de\/wp-json\/wp\/v2\/product"}],"about":[{"href":"https:\/\/coconutkids.gr\/de\/wp-json\/wp\/v2\/types\/product"}],"replies":[{"embeddable":true,"href":"https:\/\/coconutkids.gr\/de\/wp-json\/wp\/v2\/comments?post=144828"}],"version-history":[{"count":0,"href":"https:\/\/coconutkids.gr\/de\/wp-json\/wp\/v2\/product\/144828\/revisions"}],"wp:featuredmedia":[{"embeddable":true,"href":"https:\/\/coconutkids.gr\/de\/wp-json\/wp\/v2\/media\/144825"}],"wp:attachment":[{"href":"https:\/\/coconutkids.gr\/de\/wp-json\/wp\/v2\/media?parent=144828"}],"wp:term":[{"taxonomy":"product_brand","embeddable":true,"href":"https:\/\/coconutkids.gr\/de\/wp-json\/wp\/v2\/product_brand?post=144828"},{"taxonomy":"product_cat","embeddable":true,"href":"https:\/\/coconutkids.gr\/de\/wp-json\/wp\/v2\/product_cat?post=144828"},{"taxonomy":"product_tag","embeddable":true,"href":"https:\/\/coconutkids.gr\/de\/wp-json\/wp\/v2\/product_tag?post=144828"}],"curies":[{"name":"wp","href":"https:\/\/api.w.org\/{rel}","templated":true}]}}