{"id":30332,"date":"2021-11-06T18:27:26","date_gmt":"2021-11-06T16:27:26","guid":{"rendered":"https:\/\/coconutkids.gr\/product\/abel-lula-%ce%bc%cf%80%ce%bb%ce%bf%cf%85%ce%b6%ce%b1-%cf%83%cf%84%ce%b1%ce%bc%cf%80%cf%89%cf%84%ce%b7-%ce%ba%ce%b1%cf%81%ce%b4%ce%b9%ce%b5%cf%82-%ce%bc%cf%80%ce%b5%ce%b6\/"},"modified":"2026-01-29T19:18:47","modified_gmt":"2026-01-29T17:18:47","slug":"abel-lula-%ce%bc%cf%80%ce%bb%ce%bf%cf%85%ce%b6%ce%b1-%cf%83%cf%84%ce%b1%ce%bc%cf%80%cf%89%cf%84%ce%b7-%ce%ba%ce%b1%cf%81%ce%b4%ce%b9%ce%b5%cf%82-%ce%bc%cf%80%ce%b5%ce%b6","status":"publish","type":"product","link":"https:\/\/coconutkids.gr\/de\/produkt\/abel-lula-%ce%bc%cf%80%ce%bb%ce%bf%cf%85%ce%b6%ce%b1-%cf%83%cf%84%ce%b1%ce%bc%cf%80%cf%89%cf%84%ce%b7-%ce%ba%ce%b1%cf%81%ce%b4%ce%b9%ce%b5%cf%82-%ce%bc%cf%80%ce%b5%ce%b6\/","title":{"rendered":"Abel &amp; Lula Kinder T-Shirt gekn\u00f6pfte Hemden f\u00fcr M\u00e4dchen Beige 05618-002"},"content":{"rendered":"<div id=\"content_description\" class=\"ty-wysiwyg-content content-description\">\n<div>\n<p>Sch\u00f6ne Bluse mit Herzchen-Print und asymmetrischem Unterteil. Mit einer Schleife auf der Schulter mit kontrastierendem Stoff. Schlie\u00dft mit 2 sch\u00f6nen Kn\u00f6pfen auf der R\u00fcckseite. Passt perfekt zu jedem Look aus unserer Kollektion.<\/p>\n<hr \/>\n<p>87% Baumwolle<br \/>\n10% Polyester<br \/>\n3% Elastomeres Polyurethan<\/p>\n<\/div>\n<\/div>","protected":false},"excerpt":{"rendered":"<p>Sch\u00f6ne Bluse mit Herzchen-Print und asymmetrischem Unterteil. Mit einer Schleife auf der Schulter mit kontrastierendem Stoff. Schlie\u00dft mit 2 sch\u00f6nen Kn\u00f6pfen auf der R\u00fcckseite. Passt perfekt zu jedem Look aus unserer Kollektion.<\/p>\n<hr \/>\n<p>87% Baumwolle<br \/>\n10% Polyester<br \/>\n3% Elastomeres Polyurethan<\/p>","protected":false},"featured_media":33272,"comment_status":"closed","ping_status":"closed","template":"","meta":{"_seopress_robots_primary_cat":"none","_seopress_titles_title":"","_seopress_titles_desc":"","_seopress_robots_index":""},"product_brand":[],"product_cat":[1226,1415,316,293,53],"product_tag":[1410],"class_list":{"0":"post-30332","1":"product","2":"type-product","3":"status-publish","4":"has-post-thumbnail","6":"product_cat-winter","7":"product_cat-ws21","8":"product_cat-girls","9":"product_cat-girl-premium","10":"product_cat-girl-2-8","11":"product_tag-ws21","12":"pa_brand-abel-lula","13":"pa_category-filter-1351","14":"pa_color-filter-907","15":"pa_gender-826","16":"pa_megethos-342","17":"pa_megethos-343","18":"pa_season-winter","20":"first","21":"instock","22":"sale","23":"purchasable","24":"product-type-variable"},"_links":{"self":[{"href":"https:\/\/coconutkids.gr\/de\/wp-json\/wp\/v2\/product\/30332","targetHints":{"allow":["GET"]}}],"collection":[{"href":"https:\/\/coconutkids.gr\/de\/wp-json\/wp\/v2\/product"}],"about":[{"href":"https:\/\/coconutkids.gr\/de\/wp-json\/wp\/v2\/types\/product"}],"replies":[{"embeddable":true,"href":"https:\/\/coconutkids.gr\/de\/wp-json\/wp\/v2\/comments?post=30332"}],"version-history":[{"count":0,"href":"https:\/\/coconutkids.gr\/de\/wp-json\/wp\/v2\/product\/30332\/revisions"}],"wp:featuredmedia":[{"embeddable":true,"href":"https:\/\/coconutkids.gr\/de\/wp-json\/wp\/v2\/media\/33272"}],"wp:attachment":[{"href":"https:\/\/coconutkids.gr\/de\/wp-json\/wp\/v2\/media?parent=30332"}],"wp:term":[{"taxonomy":"product_brand","embeddable":true,"href":"https:\/\/coconutkids.gr\/de\/wp-json\/wp\/v2\/product_brand?post=30332"},{"taxonomy":"product_cat","embeddable":true,"href":"https:\/\/coconutkids.gr\/de\/wp-json\/wp\/v2\/product_cat?post=30332"},{"taxonomy":"product_tag","embeddable":true,"href":"https:\/\/coconutkids.gr\/de\/wp-json\/wp\/v2\/product_tag?post=30332"}],"curies":[{"name":"wp","href":"https:\/\/api.w.org\/{rel}","templated":true}]}}