{"id":41554,"date":"2022-02-28T01:13:00","date_gmt":"2022-02-27T23:13:00","guid":{"rendered":"https:\/\/coconutkids.gr\/product\/mayoral-%cf%80%ce%b1%ce%b9%ce%b4%ce%b9%ce%ba%ce%bf-%cf%80%ce%b1%ce%bd%cf%84%ce%b5%ce%bb%ce%bf%ce%bd%ce%b9-%ce%ba%ce%bf%ce%bd%cf%84%ce%bf-%ce%b3%ce%b9%ce%b1-%ce%ba%ce%bf%cf%81%ce%af%cf%84%cf%83%ce%b9-9\/"},"modified":"2026-02-19T20:03:57","modified_gmt":"2026-02-19T18:03:57","slug":"mayoral-%cf%80%ce%b1%ce%b9%ce%b4%ce%b9%ce%ba%ce%bf-%cf%80%ce%b1%ce%bd%cf%84%ce%b5%ce%bb%ce%bf%ce%bd%ce%b9-%ce%ba%ce%bf%ce%bd%cf%84%ce%bf-%ce%b3%ce%b9%ce%b1-%ce%ba%ce%bf%cf%81%ce%af%cf%84%cf%83%ce%b9-9","status":"publish","type":"product","link":"https:\/\/coconutkids.gr\/de\/produkt\/mayoral-%cf%80%ce%b1%ce%b9%ce%b4%ce%b9%ce%ba%ce%bf-%cf%80%ce%b1%ce%bd%cf%84%ce%b5%ce%bb%ce%bf%ce%bd%ce%b9-%ce%ba%ce%bf%ce%bd%cf%84%ce%bf-%ce%b3%ce%b9%ce%b1-%ce%ba%ce%bf%cf%81%ce%af%cf%84%cf%83%ce%b9-9\/","title":{"rendered":"Mayoral Kinder Shorts f\u00fcr M\u00e4dchen Gr\u00fcn 22-03274-080"},"content":{"rendered":"<p>Mayoral Kinder kurze Hose f\u00fcr M\u00e4dchen Gr\u00fcn<\/p>\n<p>Hose mit kurzen Taschen Hose mit kurzen Taschen Girl<\/p>","protected":false},"excerpt":{"rendered":"<p>Mayoral Kinder kurze Hose f\u00fcr M\u00e4dchen Gr\u00fcn<\/p>","protected":false},"featured_media":37844,"comment_status":"closed","ping_status":"closed","template":"","meta":{"_seopress_robots_primary_cat":"none","_seopress_titles_title":"","_seopress_titles_desc":"","_seopress_robots_index":""},"product_brand":[],"product_cat":[1232,1412,316,53],"product_tag":[1343],"class_list":{"0":"post-41554","1":"product","2":"type-product","3":"status-publish","4":"has-post-thumbnail","6":"product_cat-summer","7":"product_cat-ss22","8":"product_cat-girls","9":"product_cat-girl-2-8","10":"product_tag-ss22","11":"pa_brand-mayoral","12":"pa_category-filter-1117","13":"pa_color-filter-908","14":"pa_gender-826","15":"pa_megethos-340","16":"pa_megethos-342","17":"pa_megethos-343","18":"pa_megethos-344","19":"pa_megethos-347","20":"pa_season-summer","22":"first","23":"instock","24":"sale","25":"purchasable","26":"product-type-variable"},"_links":{"self":[{"href":"https:\/\/coconutkids.gr\/de\/wp-json\/wp\/v2\/product\/41554","targetHints":{"allow":["GET"]}}],"collection":[{"href":"https:\/\/coconutkids.gr\/de\/wp-json\/wp\/v2\/product"}],"about":[{"href":"https:\/\/coconutkids.gr\/de\/wp-json\/wp\/v2\/types\/product"}],"replies":[{"embeddable":true,"href":"https:\/\/coconutkids.gr\/de\/wp-json\/wp\/v2\/comments?post=41554"}],"version-history":[{"count":0,"href":"https:\/\/coconutkids.gr\/de\/wp-json\/wp\/v2\/product\/41554\/revisions"}],"wp:featuredmedia":[{"embeddable":true,"href":"https:\/\/coconutkids.gr\/de\/wp-json\/wp\/v2\/media\/37844"}],"wp:attachment":[{"href":"https:\/\/coconutkids.gr\/de\/wp-json\/wp\/v2\/media?parent=41554"}],"wp:term":[{"taxonomy":"product_brand","embeddable":true,"href":"https:\/\/coconutkids.gr\/de\/wp-json\/wp\/v2\/product_brand?post=41554"},{"taxonomy":"product_cat","embeddable":true,"href":"https:\/\/coconutkids.gr\/de\/wp-json\/wp\/v2\/product_cat?post=41554"},{"taxonomy":"product_tag","embeddable":true,"href":"https:\/\/coconutkids.gr\/de\/wp-json\/wp\/v2\/product_tag?post=41554"}],"curies":[{"name":"wp","href":"https:\/\/api.w.org\/{rel}","templated":true}]}}