{"id":46475,"date":"2022-03-15T03:34:15","date_gmt":"2022-03-15T01:34:15","guid":{"rendered":"https:\/\/coconutkids.gr\/product\/name-it-%cf%80%ce%b1%ce%b9%ce%b4%ce%b9%ce%ba%cf%8c-%ce%bc%ce%b1%ce%b3%ce%b9%cf%8c-%ce%b3%ce%b9%ce%b1-%ce%ba%ce%bf%cf%81%ce%af%cf%84%cf%83%ce%b9-%ce%bc%cf%80%ce%b5%ce%b6-13199647_3801417\/"},"modified":"2026-03-13T17:09:29","modified_gmt":"2026-03-13T15:09:29","slug":"name-it-%cf%80%ce%b1%ce%b9%ce%b4%ce%b9%ce%ba%cf%8c-%ce%bc%ce%b1%ce%b3%ce%b9%cf%8c-%ce%b3%ce%b9%ce%b1-%ce%ba%ce%bf%cf%81%ce%af%cf%84%cf%83%ce%b9-%ce%bc%cf%80%ce%b5%ce%b6-13199647_3801417","status":"publish","type":"product","link":"https:\/\/coconutkids.gr\/de\/produkt\/name-it-%cf%80%ce%b1%ce%b9%ce%b4%ce%b9%ce%ba%cf%8c-%ce%bc%ce%b1%ce%b3%ce%b9%cf%8c-%ce%b3%ce%b9%ce%b1-%ce%ba%ce%bf%cf%81%ce%af%cf%84%cf%83%ce%b9-%ce%bc%cf%80%ce%b5%ce%b6-13199647_3801417\/","title":{"rendered":"Name it Baby Badeanzug f\u00fcr M\u00e4dchen Beige 13199647_3801417"},"content":{"rendered":"<p>Add fun and colour to your child\u00c2\u00b4s summer wardrobe with a printed swimsuit. Take a look at the different designs and bring joy and happiness. Cross back Ruffle details Polyester lining<\/p>\n<p>Female Manufacture: Circular Knit Style Type: SWIMSUIT Composition: 80% Polyamide, 20% Elastane&#8221;<\/p>\n<p>&nbsp;<\/p>\n<p>&nbsp;<\/p>","protected":false},"excerpt":{"rendered":"<p>Add fun and colour to your child\u00c2\u00b4s summer wardrobe with a printed swimsuit. Take a look at the different designs and bring joy and happiness. Cross back Ruffle details Polyester lining<\/p>","protected":false},"featured_media":47203,"comment_status":"closed","ping_status":"closed","template":"","meta":{"_seopress_robots_primary_cat":"none","_seopress_titles_title":"","_seopress_titles_desc":"","_seopress_robots_index":""},"product_brand":[],"product_cat":[1232,1412,316,1196],"product_tag":[1343],"class_list":{"0":"post-46475","1":"product","2":"type-product","3":"status-publish","4":"has-post-thumbnail","6":"product_cat-summer","7":"product_cat-ss22","8":"product_cat-girls","9":"product_cat-girl-sea","10":"product_tag-ss22","11":"pa_brand-name-it","12":"pa_category-filter-magio","13":"pa_color-filter-907","14":"pa_gender-826","15":"pa_megethos-340","16":"pa_megethos-342","17":"pa_megethos-344","18":"pa_megethos-346","19":"pa_megethos-350","20":"pa_season-summer","22":"first","23":"instock","24":"purchasable","25":"product-type-variable"},"_links":{"self":[{"href":"https:\/\/coconutkids.gr\/de\/wp-json\/wp\/v2\/product\/46475","targetHints":{"allow":["GET"]}}],"collection":[{"href":"https:\/\/coconutkids.gr\/de\/wp-json\/wp\/v2\/product"}],"about":[{"href":"https:\/\/coconutkids.gr\/de\/wp-json\/wp\/v2\/types\/product"}],"replies":[{"embeddable":true,"href":"https:\/\/coconutkids.gr\/de\/wp-json\/wp\/v2\/comments?post=46475"}],"version-history":[{"count":0,"href":"https:\/\/coconutkids.gr\/de\/wp-json\/wp\/v2\/product\/46475\/revisions"}],"wp:featuredmedia":[{"embeddable":true,"href":"https:\/\/coconutkids.gr\/de\/wp-json\/wp\/v2\/media\/47203"}],"wp:attachment":[{"href":"https:\/\/coconutkids.gr\/de\/wp-json\/wp\/v2\/media?parent=46475"}],"wp:term":[{"taxonomy":"product_brand","embeddable":true,"href":"https:\/\/coconutkids.gr\/de\/wp-json\/wp\/v2\/product_brand?post=46475"},{"taxonomy":"product_cat","embeddable":true,"href":"https:\/\/coconutkids.gr\/de\/wp-json\/wp\/v2\/product_cat?post=46475"},{"taxonomy":"product_tag","embeddable":true,"href":"https:\/\/coconutkids.gr\/de\/wp-json\/wp\/v2\/product_tag?post=46475"}],"curies":[{"name":"wp","href":"https:\/\/api.w.org\/{rel}","templated":true}]}}