{"id":46478,"date":"2022-03-15T03:34:15","date_gmt":"2022-03-15T01:34:15","guid":{"rendered":"https:\/\/coconutkids.gr\/product\/name-it-%cf%80%ce%b1%ce%b9%ce%b4%ce%b9%ce%ba%cf%8c-%ce%bc%ce%b1%ce%b3%ce%b9%cf%8c-%ce%b3%ce%b9%ce%b1-%ce%ba%ce%bf%cf%81%ce%af%cf%84%cf%83%ce%b9-%cf%80%cf%81%ce%ac%cf%83%ce%b9%ce%bd%ce%bf-13199650_3801\/"},"modified":"2026-04-09T12:24:16","modified_gmt":"2026-04-09T09:24:16","slug":"name-it-%cf%80%ce%b1%ce%b9%ce%b4%ce%b9%ce%ba%cf%8c-%ce%bc%ce%b1%ce%b3%ce%b9%cf%8c-%ce%b3%ce%b9%ce%b1-%ce%ba%ce%bf%cf%81%ce%af%cf%84%cf%83%ce%b9-%cf%80%cf%81%ce%ac%cf%83%ce%b9%ce%bd%ce%bf-13199650_3801","status":"publish","type":"product","link":"https:\/\/coconutkids.gr\/de\/produkt\/name-it-%cf%80%ce%b1%ce%b9%ce%b4%ce%b9%ce%ba%cf%8c-%ce%bc%ce%b1%ce%b3%ce%b9%cf%8c-%ce%b3%ce%b9%ce%b1-%ce%ba%ce%bf%cf%81%ce%af%cf%84%cf%83%ce%b9-%cf%80%cf%81%ce%ac%cf%83%ce%b9%ce%bd%ce%bf-13199650_3801\/","title":{"rendered":"Name it Baby Badeanzug f\u00fcr M\u00e4dchen Gr\u00fcn 13199650_3801434"},"content":{"rendered":"<p>Colourful and fun prints add joy and a feeling of summer. Check out the different designs and update your child\u00c2\u2019s wardrobe with a bright swimsuit. Cross back Polyester lining<\/p>\n<p>Female Manufacture: Circular Knit Style Type: SWIMSUIT Composition: 80% Polyamide, 20% Elastane&#8221;<\/p>\n<p>&nbsp;<\/p>\n<p>&nbsp;<\/p>","protected":false},"excerpt":{"rendered":"<p>Colourful and fun prints add joy and a feeling of summer. Check out the different designs and update your child\u00c2\u2019s wardrobe with a bright swimsuit. Cross back Polyester lining<\/p>","protected":false},"featured_media":47206,"comment_status":"closed","ping_status":"closed","template":"","meta":{"_seopress_robots_primary_cat":"none","_seopress_titles_title":"","_seopress_titles_desc":"","_seopress_robots_index":""},"product_brand":[],"product_cat":[1232,1412,316,1196],"product_tag":[1343],"class_list":{"0":"post-46478","1":"product","2":"type-product","3":"status-publish","4":"has-post-thumbnail","6":"product_cat-summer","7":"product_cat-ss22","8":"product_cat-girls","9":"product_cat-girl-sea","10":"product_tag-ss22","11":"pa_brand-name-it","12":"pa_category-filter-magio","13":"pa_color-filter-908","14":"pa_gender-826","15":"pa_megethos-340","16":"pa_megethos-342","17":"pa_megethos-344","18":"pa_megethos-346","19":"pa_season-summer","21":"first","22":"instock","23":"sale","24":"purchasable","25":"product-type-variable"},"_links":{"self":[{"href":"https:\/\/coconutkids.gr\/de\/wp-json\/wp\/v2\/product\/46478","targetHints":{"allow":["GET"]}}],"collection":[{"href":"https:\/\/coconutkids.gr\/de\/wp-json\/wp\/v2\/product"}],"about":[{"href":"https:\/\/coconutkids.gr\/de\/wp-json\/wp\/v2\/types\/product"}],"replies":[{"embeddable":true,"href":"https:\/\/coconutkids.gr\/de\/wp-json\/wp\/v2\/comments?post=46478"}],"version-history":[{"count":0,"href":"https:\/\/coconutkids.gr\/de\/wp-json\/wp\/v2\/product\/46478\/revisions"}],"wp:featuredmedia":[{"embeddable":true,"href":"https:\/\/coconutkids.gr\/de\/wp-json\/wp\/v2\/media\/47206"}],"wp:attachment":[{"href":"https:\/\/coconutkids.gr\/de\/wp-json\/wp\/v2\/media?parent=46478"}],"wp:term":[{"taxonomy":"product_brand","embeddable":true,"href":"https:\/\/coconutkids.gr\/de\/wp-json\/wp\/v2\/product_brand?post=46478"},{"taxonomy":"product_cat","embeddable":true,"href":"https:\/\/coconutkids.gr\/de\/wp-json\/wp\/v2\/product_cat?post=46478"},{"taxonomy":"product_tag","embeddable":true,"href":"https:\/\/coconutkids.gr\/de\/wp-json\/wp\/v2\/product_tag?post=46478"}],"curies":[{"name":"wp","href":"https:\/\/api.w.org\/{rel}","templated":true}]}}