{"id":46496,"date":"2022-03-15T02:28:33","date_gmt":"2022-03-15T00:28:33","guid":{"rendered":"https:\/\/coconutkids.gr\/product\/name-it-%cf%80%ce%b1%ce%b9%ce%b4%ce%b9%ce%ba%cf%8c-%cf%83%ce%bf%cf%81%cf%84%cf%82-%ce%b3%ce%b9%ce%b1-%ce%b1%ce%b3%cf%8c%cf%81%ce%b9-%ce%bc%cf%80%ce%bb%ce%b5-13200109_3820954\/"},"modified":"2026-02-19T19:56:57","modified_gmt":"2026-02-19T17:56:57","slug":"name-it-%cf%80%ce%b1%ce%b9%ce%b4%ce%b9%ce%ba%cf%8c-%cf%83%ce%bf%cf%81%cf%84%cf%82-%ce%b3%ce%b9%ce%b1-%ce%b1%ce%b3%cf%8c%cf%81%ce%b9-%ce%bc%cf%80%ce%bb%ce%b5-13200109_3820954","status":"publish","type":"product","link":"https:\/\/coconutkids.gr\/de\/produkt\/name-it-%cf%80%ce%b1%ce%b9%ce%b4%ce%b9%ce%ba%cf%8c-%cf%83%ce%bf%cf%81%cf%84%cf%82-%ce%b3%ce%b9%ce%b1-%ce%b1%ce%b3%cf%8c%cf%81%ce%b9-%ce%bc%cf%80%ce%bb%ce%b5-13200109_3820954\/","title":{"rendered":"Name it Kindershorts f\u00fcr Jungen Blau 13200109_3820954"},"content":{"rendered":"<p>Detail Typ : Shorts Material : Twill ist ein strapazierf\u00e4higes Gewebe, das sich durch sein diagonales Design f\u00fcr einen klassischen Look auszeichnet L\u00e4nge\/Gr\u00f6\u00dfe : Lang Taille\/H\u00f6he : Normale Taille Verschluss\/Schlitz : Druckknopf und halber Scheinschlitzverschluss Zus\u00e4tzliche Details : Verstellbarer Bund Andere Taschen : Seitentaschen Anlass\/Styling : Stellen Sie das perfekte Outfit f\u00fcr Ihr Kind mit hochwertigen Alltagsstyles zusammen und kreieren Sie einen bequemen und trendigen Look PASSFORM : Regular Fit<\/p>\n<p>M\u00e4nnlich Herstellung:Gewebt Herstellung Detail:K\u00f6perbindung Stil Typ:SHORTS Zusammensetzung:97% Baumwolle, 3% Elastan\"<\/p>\n<p>&nbsp;<\/p>\n<p>&nbsp;<\/p>","protected":false},"excerpt":{"rendered":"<p>Detail Typ : Shorts Material : Twill ist ein strapazierf\u00e4higes Gewebe, das sich durch sein diagonales Design f\u00fcr einen klassischen Look auszeichnet L\u00e4nge\/Gr\u00f6\u00dfe : Lang Taille\/H\u00f6he : Normale Taille Verschluss\/Schlitz : Druckknopf und halber Scheinschlitzverschluss Zus\u00e4tzliche Details : Verstellbarer Bund Andere Taschen : Seitentaschen Anlass\/Styling : Stellen Sie das perfekte Outfit f\u00fcr Ihr Kind mit hochwertigen Alltagsstyles zusammen und kreieren Sie einen bequemen und trendigen Look PASSFORM : Regular Fit<\/p>","protected":false},"featured_media":47146,"comment_status":"closed","ping_status":"closed","template":"","meta":{"_seopress_robots_primary_cat":"none","_seopress_titles_title":"","_seopress_titles_desc":"","_seopress_robots_index":""},"product_brand":[],"product_cat":[1232,1412,315,54],"product_tag":[1343],"class_list":{"0":"post-46496","1":"product","2":"type-product","3":"status-publish","4":"has-post-thumbnail","6":"product_cat-summer","7":"product_cat-ss22","8":"product_cat-boy","9":"product_cat-boy-2-8","10":"product_tag-ss22","11":"pa_brand-name-it","12":"pa_category-filter-1118","13":"pa_color-filter-blue","14":"pa_gender-818","15":"pa_megethos-344","16":"pa_megethos-345","17":"pa_megethos-346","18":"pa_megethos-349","19":"pa_megethos-468","20":"pa_season-summer","22":"first","23":"instock","24":"sale","25":"purchasable","26":"product-type-variable"},"_links":{"self":[{"href":"https:\/\/coconutkids.gr\/de\/wp-json\/wp\/v2\/product\/46496","targetHints":{"allow":["GET"]}}],"collection":[{"href":"https:\/\/coconutkids.gr\/de\/wp-json\/wp\/v2\/product"}],"about":[{"href":"https:\/\/coconutkids.gr\/de\/wp-json\/wp\/v2\/types\/product"}],"replies":[{"embeddable":true,"href":"https:\/\/coconutkids.gr\/de\/wp-json\/wp\/v2\/comments?post=46496"}],"version-history":[{"count":0,"href":"https:\/\/coconutkids.gr\/de\/wp-json\/wp\/v2\/product\/46496\/revisions"}],"wp:featuredmedia":[{"embeddable":true,"href":"https:\/\/coconutkids.gr\/de\/wp-json\/wp\/v2\/media\/47146"}],"wp:attachment":[{"href":"https:\/\/coconutkids.gr\/de\/wp-json\/wp\/v2\/media?parent=46496"}],"wp:term":[{"taxonomy":"product_brand","embeddable":true,"href":"https:\/\/coconutkids.gr\/de\/wp-json\/wp\/v2\/product_brand?post=46496"},{"taxonomy":"product_cat","embeddable":true,"href":"https:\/\/coconutkids.gr\/de\/wp-json\/wp\/v2\/product_cat?post=46496"},{"taxonomy":"product_tag","embeddable":true,"href":"https:\/\/coconutkids.gr\/de\/wp-json\/wp\/v2\/product_tag?post=46496"}],"curies":[{"name":"wp","href":"https:\/\/api.w.org\/{rel}","templated":true}]}}