{"id":46842,"date":"2022-03-15T02:37:08","date_gmt":"2022-03-15T00:37:08","guid":{"rendered":"https:\/\/coconutkids.gr\/product\/name-it-%cf%80%ce%b1%ce%b9%ce%b4%ce%b9%ce%ba%ce%ae-%ce%bc%cf%80%ce%bb%ce%bf%cf%8d%ce%b6%ce%b1-%ce%b3%ce%b9%ce%b1-%ce%b1%ce%b3%cf%8c%cf%81%ce%b9-%cf%81%ce%bf%ce%b6-13202053_3842348\/"},"modified":"2026-02-19T19:56:26","modified_gmt":"2026-02-19T17:56:26","slug":"name-it-%cf%80%ce%b1%ce%b9%ce%b4%ce%b9%ce%ba%ce%ae-%ce%bc%cf%80%ce%bb%ce%bf%cf%8d%ce%b6%ce%b1-%ce%b3%ce%b9%ce%b1-%ce%b1%ce%b3%cf%8c%cf%81%ce%b9-%cf%81%ce%bf%ce%b6-13202053_3842348","status":"publish","type":"product","link":"https:\/\/coconutkids.gr\/de\/produkt\/name-it-%cf%80%ce%b1%ce%b9%ce%b4%ce%b9%ce%ba%ce%ae-%ce%bc%cf%80%ce%bb%ce%bf%cf%8d%ce%b6%ce%b1-%ce%b3%ce%b9%ce%b1-%ce%b1%ce%b3%cf%8c%cf%81%ce%b9-%cf%81%ce%bf%ce%b6-13202053_3842348\/","title":{"rendered":"Name it Boys' Blouse f\u00fcr Jungen Rosa 13202053_3842348"},"content":{"rendered":"<p>Detail Typ : Tshirt Material : Jersey ist ein leichtes und dehnbares Material mit einer weichen Oberfl\u00c3?che und Innenseite f\u00c3?r ein angenehmes Gef\u00c3?hl und Bewegungsfreiheit Drucktyp : Flockdruck f\u00c3?r eine weiche und pelzige Oberfl\u00c3?che Anlass\/Styling : Geben Sie der Garderobe Ihres Kindes ein Update mit coolen Oberteilen, die perfekt f\u00c3?r den Alltag und besondere Anl\u00c3?sse sind PASSFORM : Normale Passform HALS : ONCELL SLEEVE : Kurze \u00c3rmel (S\/S)<\/p>\n<p>M\u00e4nnlich Herstellung: Rundstrick Herstellung Detail: Single Jersey Stil Typ: T-SHIRT Stoff Name: Single-180-95\/5-Org Zusammensetzung: 95% Baumwolle - Bio, 5% Elastan Gauge: 28 Gewicht: 180 Garn Qualit\u00e4t: Ne 40\/1 + 20D Faser L\u00e4nge: 32 mm Gewebe Kommentare: Stretchability: 90-115% - 24.7-27 cm\"<\/p>\n<p>&nbsp;<\/p>\n<p>&nbsp;<\/p>","protected":false},"excerpt":{"rendered":"<p>Detail Typ : Tshirt Material : Jersey ist ein leichtes und dehnbares Material mit einer weichen Oberfl\u00c3?che und Innenseite f\u00c3?r ein angenehmes Gef\u00c3?hl und Bewegungsfreiheit Drucktyp : Flockdruck f\u00c3?r eine weiche und pelzige Oberfl\u00c3?che Anlass\/Styling : Geben Sie der Garderobe Ihres Kindes ein Update mit coolen Oberteilen, die perfekt f\u00c3?r den Alltag und besondere Anl\u00c3?sse sind PASSFORM : Normale Passform HALS : ONCELL SLEEVE : Kurze \u00c3rmel (S\/S)<\/p>","protected":false},"featured_media":47325,"comment_status":"closed","ping_status":"closed","template":"","meta":{"_seopress_robots_primary_cat":"none","_seopress_titles_title":"","_seopress_titles_desc":"","_seopress_robots_index":""},"product_brand":[],"product_cat":[1232,1412,315,56],"product_tag":[1343],"class_list":{"0":"post-46842","1":"product","2":"type-product","3":"status-publish","4":"has-post-thumbnail","6":"product_cat-summer","7":"product_cat-ss22","8":"product_cat-boy","9":"product_cat-boy-9-16","10":"product_tag-ss22","11":"pa_brand-name-it","12":"pa_category-filter-mplouza","13":"pa_color-filter-pink","14":"pa_gender-818","15":"pa_megethos-346","16":"pa_megethos-348","17":"pa_megethos-349","18":"pa_megethos-350","19":"pa_season-summer","21":"first","22":"instock","23":"sale","24":"purchasable","25":"product-type-variable"},"_links":{"self":[{"href":"https:\/\/coconutkids.gr\/de\/wp-json\/wp\/v2\/product\/46842","targetHints":{"allow":["GET"]}}],"collection":[{"href":"https:\/\/coconutkids.gr\/de\/wp-json\/wp\/v2\/product"}],"about":[{"href":"https:\/\/coconutkids.gr\/de\/wp-json\/wp\/v2\/types\/product"}],"replies":[{"embeddable":true,"href":"https:\/\/coconutkids.gr\/de\/wp-json\/wp\/v2\/comments?post=46842"}],"version-history":[{"count":0,"href":"https:\/\/coconutkids.gr\/de\/wp-json\/wp\/v2\/product\/46842\/revisions"}],"wp:featuredmedia":[{"embeddable":true,"href":"https:\/\/coconutkids.gr\/de\/wp-json\/wp\/v2\/media\/47325"}],"wp:attachment":[{"href":"https:\/\/coconutkids.gr\/de\/wp-json\/wp\/v2\/media?parent=46842"}],"wp:term":[{"taxonomy":"product_brand","embeddable":true,"href":"https:\/\/coconutkids.gr\/de\/wp-json\/wp\/v2\/product_brand?post=46842"},{"taxonomy":"product_cat","embeddable":true,"href":"https:\/\/coconutkids.gr\/de\/wp-json\/wp\/v2\/product_cat?post=46842"},{"taxonomy":"product_tag","embeddable":true,"href":"https:\/\/coconutkids.gr\/de\/wp-json\/wp\/v2\/product_tag?post=46842"}],"curies":[{"name":"wp","href":"https:\/\/api.w.org\/{rel}","templated":true}]}}