{"id":47580,"date":"2022-03-15T04:00:09","date_gmt":"2022-03-15T02:00:09","guid":{"rendered":"https:\/\/coconutkids.gr\/product\/abel-lula-%cf%80%ce%b1%ce%b9%ce%b4%ce%b9%ce%ba%cf%8c-%cf%84%cf%83%ce%b9%ce%bc%cf%80%ce%b9%ce%b4%ce%ac%ce%ba%ce%b9-%ce%b4%ce%b9%cf%80%ce%bb%cf%8c-%ce%bb%ce%bf%cf%85%ce%bb%ce%bf%cf%8d%ce%b4%ce%b9\/"},"modified":"2026-02-19T19:56:07","modified_gmt":"2026-02-19T17:56:07","slug":"abel-lula-%cf%80%ce%b1%ce%b9%ce%b4%ce%b9%ce%ba%cf%8c-%cf%84%cf%83%ce%b9%ce%bc%cf%80%ce%b9%ce%b4%ce%ac%ce%ba%ce%b9-%ce%b4%ce%b9%cf%80%ce%bb%cf%8c-%ce%bb%ce%bf%cf%85%ce%bb%ce%bf%cf%8d%ce%b4%ce%b9","status":"publish","type":"product","link":"https:\/\/coconutkids.gr\/de\/produkt\/abel-lula-%cf%80%ce%b1%ce%b9%ce%b4%ce%b9%ce%ba%cf%8c-%cf%84%cf%83%ce%b9%ce%bc%cf%80%ce%b9%ce%b4%ce%ac%ce%ba%ce%b9-%ce%b4%ce%b9%cf%80%ce%bb%cf%8c-%ce%bb%ce%bf%cf%85%ce%bb%ce%bf%cf%8d%ce%b4%ce%b9\/","title":{"rendered":"Abel &amp; Lula Kinder Anstecknadel mit doppelter Bl\u00fcte f\u00fcr M\u00e4dchen Somon 22-05404-080"},"content":{"rendered":"","protected":false},"excerpt":{"rendered":"","protected":false},"featured_media":39557,"comment_status":"closed","ping_status":"closed","template":"","meta":{"_seopress_robots_primary_cat":"none","_seopress_titles_title":"","_seopress_titles_desc":"","_seopress_robots_index":""},"product_brand":[],"product_cat":[1232,1412,667,314],"product_tag":[1343],"class_list":{"0":"post-47580","1":"product","2":"type-product","3":"status-publish","4":"has-post-thumbnail","6":"product_cat-summer","7":"product_cat-ss22","8":"product_cat-girl-accessories","9":"product_cat-accessories","10":"product_tag-ss22","11":"pa_brand-abel-lula","12":"pa_category-filter-1096","13":"pa_color-filter-pink","14":"pa_gender-826","15":"pa_megethos-one-size","16":"pa_season-summer","18":"first","19":"instock","20":"sale","21":"purchasable","22":"product-type-variable"},"_links":{"self":[{"href":"https:\/\/coconutkids.gr\/de\/wp-json\/wp\/v2\/product\/47580","targetHints":{"allow":["GET"]}}],"collection":[{"href":"https:\/\/coconutkids.gr\/de\/wp-json\/wp\/v2\/product"}],"about":[{"href":"https:\/\/coconutkids.gr\/de\/wp-json\/wp\/v2\/types\/product"}],"replies":[{"embeddable":true,"href":"https:\/\/coconutkids.gr\/de\/wp-json\/wp\/v2\/comments?post=47580"}],"version-history":[{"count":0,"href":"https:\/\/coconutkids.gr\/de\/wp-json\/wp\/v2\/product\/47580\/revisions"}],"wp:featuredmedia":[{"embeddable":true,"href":"https:\/\/coconutkids.gr\/de\/wp-json\/wp\/v2\/media\/39557"}],"wp:attachment":[{"href":"https:\/\/coconutkids.gr\/de\/wp-json\/wp\/v2\/media?parent=47580"}],"wp:term":[{"taxonomy":"product_brand","embeddable":true,"href":"https:\/\/coconutkids.gr\/de\/wp-json\/wp\/v2\/product_brand?post=47580"},{"taxonomy":"product_cat","embeddable":true,"href":"https:\/\/coconutkids.gr\/de\/wp-json\/wp\/v2\/product_cat?post=47580"},{"taxonomy":"product_tag","embeddable":true,"href":"https:\/\/coconutkids.gr\/de\/wp-json\/wp\/v2\/product_tag?post=47580"}],"curies":[{"name":"wp","href":"https:\/\/api.w.org\/{rel}","templated":true}]}}