{"id":48460,"date":"2022-03-17T19:39:45","date_gmt":"2022-03-17T17:39:45","guid":{"rendered":"https:\/\/coconutkids.gr\/product\/mayoral-%cf%80%ce%b1%ce%b9%ce%b4%ce%b9%ce%ba%cf%8c-%cf%80%ce%b1%cf%80%ce%bf%cf%8d%cf%84%cf%83%ce%b9-%cf%83%ce%b1%ce%bd%ce%b4%ce%ac%ce%bb%ce%b9-%ce%b3%ce%b9%ce%b1-%ce%ba%ce%bf%cf%81%ce%af%cf%84%cf%83-8\/"},"modified":"2026-02-19T21:58:13","modified_gmt":"2026-02-19T19:58:13","slug":"mayoral-%cf%80%ce%b1%ce%b9%ce%b4%ce%b9%ce%ba%cf%8c-%cf%80%ce%b1%cf%80%ce%bf%cf%8d%cf%84%cf%83%ce%b9-%cf%83%ce%b1%ce%bd%ce%b4%ce%ac%ce%bb%ce%b9-%ce%b3%ce%b9%ce%b1-%ce%ba%ce%bf%cf%81%ce%af%cf%84%cf%83-8","status":"publish","type":"product","link":"https:\/\/coconutkids.gr\/de\/produkt\/mayoral-%cf%80%ce%b1%ce%b9%ce%b4%ce%b9%ce%ba%cf%8c-%cf%80%ce%b1%cf%80%ce%bf%cf%8d%cf%84%cf%83%ce%b9-%cf%83%ce%b1%ce%bd%ce%b4%ce%ac%ce%bb%ce%b9-%ce%b3%ce%b9%ce%b1-%ce%ba%ce%bf%cf%81%ce%af%cf%84%cf%83-8\/","title":{"rendered":"Mayoral Kinderschuhe Sandalen f\u00fcr M\u00e4dchen Wei\u00df-Silber 22-43369-023"},"content":{"rendered":"","protected":false},"excerpt":{"rendered":"","protected":false},"featured_media":39186,"comment_status":"closed","ping_status":"closed","template":"","meta":{"_seopress_robots_primary_cat":"none","_seopress_titles_title":"","_seopress_titles_desc":"","_seopress_robots_index":""},"product_brand":[],"product_cat":[1232,1412,316,293],"product_tag":[1343],"class_list":{"0":"post-48460","1":"product","2":"type-product","3":"status-publish","4":"has-post-thumbnail","6":"product_cat-summer","7":"product_cat-ss22","8":"product_cat-girls","9":"product_cat-girl-premium","10":"product_tag-ss22","11":"pa_brand-mayoral","12":"pa_category-filter-shoes","13":"pa_color-filter-906","14":"pa_gender-826","15":"pa_megethos-26-shoes","16":"pa_megethos-27-shoes","17":"pa_megethos-33-shoes","18":"pa_season-summer","20":"first","21":"instock","22":"sale","23":"purchasable","24":"product-type-variable"},"_links":{"self":[{"href":"https:\/\/coconutkids.gr\/de\/wp-json\/wp\/v2\/product\/48460","targetHints":{"allow":["GET"]}}],"collection":[{"href":"https:\/\/coconutkids.gr\/de\/wp-json\/wp\/v2\/product"}],"about":[{"href":"https:\/\/coconutkids.gr\/de\/wp-json\/wp\/v2\/types\/product"}],"replies":[{"embeddable":true,"href":"https:\/\/coconutkids.gr\/de\/wp-json\/wp\/v2\/comments?post=48460"}],"version-history":[{"count":0,"href":"https:\/\/coconutkids.gr\/de\/wp-json\/wp\/v2\/product\/48460\/revisions"}],"wp:featuredmedia":[{"embeddable":true,"href":"https:\/\/coconutkids.gr\/de\/wp-json\/wp\/v2\/media\/39186"}],"wp:attachment":[{"href":"https:\/\/coconutkids.gr\/de\/wp-json\/wp\/v2\/media?parent=48460"}],"wp:term":[{"taxonomy":"product_brand","embeddable":true,"href":"https:\/\/coconutkids.gr\/de\/wp-json\/wp\/v2\/product_brand?post=48460"},{"taxonomy":"product_cat","embeddable":true,"href":"https:\/\/coconutkids.gr\/de\/wp-json\/wp\/v2\/product_cat?post=48460"},{"taxonomy":"product_tag","embeddable":true,"href":"https:\/\/coconutkids.gr\/de\/wp-json\/wp\/v2\/product_tag?post=48460"}],"curies":[{"name":"wp","href":"https:\/\/api.w.org\/{rel}","templated":true}]}}