{"id":50938,"date":"2022-05-24T16:21:09","date_gmt":"2022-05-24T13:21:09","guid":{"rendered":"https:\/\/coconutkids.gr\/?post_type=product&#038;p=50938"},"modified":"2026-04-07T18:39:11","modified_gmt":"2026-04-07T15:39:11","slug":"mayoral-%cf%86%cf%8c%cf%81%ce%b5%ce%bc%ce%b1-%ce%ba%ce%b1%cf%81%cf%8c-%ce%b3%ce%b9%ce%b1-%ce%ba%ce%bf%cf%81%ce%af%cf%84%cf%83%ce%b9-%cf%80%ce%b5%cf%8d%ce%ba%ce%bf-22-06966-080","status":"publish","type":"product","link":"https:\/\/coconutkids.gr\/de\/produkt\/mayoral-%cf%86%cf%8c%cf%81%ce%b5%ce%bc%ce%b1-%ce%ba%ce%b1%cf%81%cf%8c-%ce%b3%ce%b9%ce%b1-%ce%ba%ce%bf%cf%81%ce%af%cf%84%cf%83%ce%b9-%cf%80%ce%b5%cf%8d%ce%ba%ce%bf-22-06966-080\/","title":{"rendered":"Mayoral Kinder Kariertes Kleid f\u00fcr M\u00e4dchen Gr\u00fcn 22-06966-080"},"content":{"rendered":"<div class=\"Eti\">\n<div class=\"header\">\n<p>Kleid<\/p>\n<\/div>\n<div class=\"Com\">\n<div class=\"CLin\">\n<div class=\"Cuni_t\">Extern<\/div>\n<div class=\"Cuni\">60% \u0392\u03b9\u03c3\u03ba\u03cc\u03b6\u03b7<\/div>\n<div class=\"Cuni\">40% \u03a0\u03bf\u03bb\u03c5\u03b5\u03c3\u03c4\u03ad\u03c1\u03b1\u03c2<\/div>\n<\/div>\n<div class=\"CLin\">\n<div class=\"Cuni_t\">Auskleidung<\/div>\n<div class=\"Cuni\">70% Polyester<\/div>\n<div class=\"Cuni\">30% \u0392\u03b1\u03bc\u03b2\u03ac\u03ba\u03b9<\/div>\n<\/div>\n<\/div>\n<div class=\"Cui\">\n<p>PRODUKTPFLEGE<\/p>\n<p><img data-recalc-dims=\"1\" decoding=\"async\" src=\"https:\/\/i0.wp.com\/media.mayoral.com\/wcsstore\/mayoral\/images\/careicons\/S01.JPG?ssl=1\" \/> <img data-recalc-dims=\"1\" decoding=\"async\" src=\"https:\/\/i0.wp.com\/media.mayoral.com\/wcsstore\/mayoral\/images\/careicons\/S13.JPG?ssl=1\" \/> <img data-recalc-dims=\"1\" decoding=\"async\" src=\"https:\/\/i0.wp.com\/media.mayoral.com\/wcsstore\/mayoral\/images\/careicons\/S38.JPG?ssl=1\" \/> <img data-recalc-dims=\"1\" decoding=\"async\" src=\"https:\/\/i0.wp.com\/media.mayoral.com\/wcsstore\/mayoral\/images\/careicons\/S17.JPG?ssl=1\" \/> <img data-recalc-dims=\"1\" decoding=\"async\" src=\"https:\/\/i0.wp.com\/media.mayoral.com\/wcsstore\/mayoral\/images\/careicons\/S26.JPG?ssl=1\" \/><\/p>\n<\/div>\n<\/div>","protected":false},"excerpt":{"rendered":"<div class=\"Eti\">\n<div class=\"header\">\n<p>Kleid<\/p>\n<\/div>\n<div class=\"Com\">\n<div class=\"CLin\">\n<div class=\"Cuni_t\">Extern<\/div>\n<div class=\"Cuni\">60% \u0392\u03b9\u03c3\u03ba\u03cc\u03b6\u03b7<\/div>\n<div class=\"Cuni\">40% \u03a0\u03bf\u03bb\u03c5\u03b5\u03c3\u03c4\u03ad\u03c1\u03b1\u03c2<\/div>\n<\/div>\n<div class=\"CLin\">\n<div class=\"Cuni_t\">Auskleidung<\/div>\n<div class=\"Cuni\">70% Polyester<\/div>\n<div class=\"Cuni\">30% \u0392\u03b1\u03bc\u03b2\u03ac\u03ba\u03b9<\/div>\n<\/div>\n<\/div>\n<div class=\"Cui\">\n<p>PRODUKTPFLEGE<\/p>\n<p><img decoding=\"async\" src=\"https:\/\/media.mayoral.com\/wcsstore\/mayoral\/images\/careicons\/S01.JPG\" \/> <img decoding=\"async\" src=\"https:\/\/media.mayoral.com\/wcsstore\/mayoral\/images\/careicons\/S13.JPG\" \/> <img decoding=\"async\" src=\"https:\/\/media.mayoral.com\/wcsstore\/mayoral\/images\/careicons\/S38.JPG\" \/> <img decoding=\"async\" src=\"https:\/\/media.mayoral.com\/wcsstore\/mayoral\/images\/careicons\/S17.JPG\" \/> <img decoding=\"async\" src=\"https:\/\/media.mayoral.com\/wcsstore\/mayoral\/images\/careicons\/S26.JPG\" \/><\/p>\n<\/div>\n<\/div>","protected":false},"featured_media":50940,"comment_status":"open","ping_status":"closed","template":"","meta":{"_seopress_robots_primary_cat":"none","_seopress_titles_title":"","_seopress_titles_desc":"","_seopress_robots_index":""},"product_brand":[],"product_cat":[1232,1412,316,55],"product_tag":[1343],"class_list":{"0":"post-50938","1":"product","2":"type-product","3":"status-publish","4":"has-post-thumbnail","6":"product_cat-summer","7":"product_cat-ss22","8":"product_cat-girls","9":"product_cat-girl-9-16","10":"product_tag-ss22","11":"pa_brand-mayoral","12":"pa_category-filter-forema","13":"pa_color-filter-908","14":"pa_gender-826","15":"pa_megethos-346","16":"pa_megethos-348","17":"pa_megethos-349","18":"pa_megethos-350","19":"pa_megethos-351","20":"pa_season-summer","22":"first","23":"instock","24":"sale","25":"shipping-taxable","26":"purchasable","27":"product-type-variable","28":"has-default-attributes"},"_links":{"self":[{"href":"https:\/\/coconutkids.gr\/de\/wp-json\/wp\/v2\/product\/50938","targetHints":{"allow":["GET"]}}],"collection":[{"href":"https:\/\/coconutkids.gr\/de\/wp-json\/wp\/v2\/product"}],"about":[{"href":"https:\/\/coconutkids.gr\/de\/wp-json\/wp\/v2\/types\/product"}],"replies":[{"embeddable":true,"href":"https:\/\/coconutkids.gr\/de\/wp-json\/wp\/v2\/comments?post=50938"}],"version-history":[{"count":0,"href":"https:\/\/coconutkids.gr\/de\/wp-json\/wp\/v2\/product\/50938\/revisions"}],"wp:featuredmedia":[{"embeddable":true,"href":"https:\/\/coconutkids.gr\/de\/wp-json\/wp\/v2\/media\/50940"}],"wp:attachment":[{"href":"https:\/\/coconutkids.gr\/de\/wp-json\/wp\/v2\/media?parent=50938"}],"wp:term":[{"taxonomy":"product_brand","embeddable":true,"href":"https:\/\/coconutkids.gr\/de\/wp-json\/wp\/v2\/product_brand?post=50938"},{"taxonomy":"product_cat","embeddable":true,"href":"https:\/\/coconutkids.gr\/de\/wp-json\/wp\/v2\/product_cat?post=50938"},{"taxonomy":"product_tag","embeddable":true,"href":"https:\/\/coconutkids.gr\/de\/wp-json\/wp\/v2\/product_tag?post=50938"}],"curies":[{"name":"wp","href":"https:\/\/api.w.org\/{rel}","templated":true}]}}