{"id":52798,"date":"2022-06-09T13:08:30","date_gmt":"2022-06-09T10:08:30","guid":{"rendered":"https:\/\/coconutkids.gr\/?post_type=product&#038;p=52798"},"modified":"2026-02-19T19:51:18","modified_gmt":"2026-02-19T17:51:18","slug":"name-it-%cf%80%ce%b1%ce%b9%ce%b4%ce%b9%ce%ba%cf%8c-%cf%83%ce%bf%cf%81%cf%84%cf%82-%ce%b3%ce%b9%ce%b1-%ce%ba%ce%bf%cf%81%ce%af%cf%84%cf%83%ce%b9-%ce%ac%cf%83%cf%80%cf%81%ce%bf-13203009","status":"publish","type":"product","link":"https:\/\/coconutkids.gr\/de\/produkt\/name-it-%cf%80%ce%b1%ce%b9%ce%b4%ce%b9%ce%ba%cf%8c-%cf%83%ce%bf%cf%81%cf%84%cf%82-%ce%b3%ce%b9%ce%b1-%ce%ba%ce%bf%cf%81%ce%af%cf%84%cf%83%ce%b9-%ce%ac%cf%83%cf%80%cf%81%ce%bf-13203009\/","title":{"rendered":"Name it Kids Shorts f\u00fcr M\u00e4dchen Wei\u00df 13203009_3961787"},"content":{"rendered":"","protected":false},"excerpt":{"rendered":"","protected":false},"featured_media":52802,"comment_status":"open","ping_status":"closed","template":"","meta":{"_seopress_robots_primary_cat":"none","_seopress_titles_title":"","_seopress_titles_desc":"","_seopress_robots_index":""},"product_brand":[],"product_cat":[1232,1412,316,592,53],"product_tag":[1343],"class_list":{"0":"post-52798","1":"product","2":"type-product","3":"status-publish","4":"has-post-thumbnail","6":"product_cat-summer","7":"product_cat-ss22","8":"product_cat-girls","9":"product_cat-girl-0-2","10":"product_cat-girl-2-8","11":"product_tag-ss22","12":"pa_brand-name-it","13":"pa_category-filter-1117","14":"pa_color-filter-white","15":"pa_gender-826","16":"pa_megethos-12m","17":"pa_megethos-18m","18":"pa_megethos-340","19":"pa_megethos-341","20":"pa_megethos-342","21":"pa_megethos-343","22":"pa_season-summer","24":"first","25":"instock","26":"sale","27":"shipping-taxable","28":"purchasable","29":"product-type-variable","30":"has-default-attributes"},"_links":{"self":[{"href":"https:\/\/coconutkids.gr\/de\/wp-json\/wp\/v2\/product\/52798","targetHints":{"allow":["GET"]}}],"collection":[{"href":"https:\/\/coconutkids.gr\/de\/wp-json\/wp\/v2\/product"}],"about":[{"href":"https:\/\/coconutkids.gr\/de\/wp-json\/wp\/v2\/types\/product"}],"replies":[{"embeddable":true,"href":"https:\/\/coconutkids.gr\/de\/wp-json\/wp\/v2\/comments?post=52798"}],"version-history":[{"count":0,"href":"https:\/\/coconutkids.gr\/de\/wp-json\/wp\/v2\/product\/52798\/revisions"}],"wp:featuredmedia":[{"embeddable":true,"href":"https:\/\/coconutkids.gr\/de\/wp-json\/wp\/v2\/media\/52802"}],"wp:attachment":[{"href":"https:\/\/coconutkids.gr\/de\/wp-json\/wp\/v2\/media?parent=52798"}],"wp:term":[{"taxonomy":"product_brand","embeddable":true,"href":"https:\/\/coconutkids.gr\/de\/wp-json\/wp\/v2\/product_brand?post=52798"},{"taxonomy":"product_cat","embeddable":true,"href":"https:\/\/coconutkids.gr\/de\/wp-json\/wp\/v2\/product_cat?post=52798"},{"taxonomy":"product_tag","embeddable":true,"href":"https:\/\/coconutkids.gr\/de\/wp-json\/wp\/v2\/product_tag?post=52798"}],"curies":[{"name":"wp","href":"https:\/\/api.w.org\/{rel}","templated":true}]}}