{"id":53980,"date":"2022-06-25T14:56:21","date_gmt":"2022-06-25T11:56:21","guid":{"rendered":"https:\/\/coconutkids.gr\/?post_type=product&#038;p=53980"},"modified":"2026-02-19T19:49:05","modified_gmt":"2026-02-19T17:49:05","slug":"%ce%bdame-it-%cf%80%ce%b1%ce%b9%ce%b4%ce%b9%ce%ba%cf%8c-%cf%86%cf%8c%cf%81%ce%b5%ce%bc%ce%b1-%ce%b3%ce%b9%ce%b1-%ce%ba%ce%bf%cf%81%ce%af%cf%84%cf%83%ce%b9-%ce%ba%ce%af%cf%84%cf%81%ce%b9%ce%bd%ce%bf-13","status":"publish","type":"product","link":"https:\/\/coconutkids.gr\/de\/produkt\/%ce%bdame-it-%cf%80%ce%b1%ce%b9%ce%b4%ce%b9%ce%ba%cf%8c-%cf%86%cf%8c%cf%81%ce%b5%ce%bc%ce%b1-%ce%b3%ce%b9%ce%b1-%ce%ba%ce%bf%cf%81%ce%af%cf%84%cf%83%ce%b9-%ce%ba%ce%af%cf%84%cf%81%ce%b9%ce%bd%ce%bf-13\/","title":{"rendered":"Name it Kids Kleid f\u00fcr M\u00e4dchen Gelb 13202997"},"content":{"rendered":"<p>Bringen Sie Licht und Farbe in die Garderobe Ihres Kindes mit tollen Fr\u00fchlings- und Sommermodellen, die Bewegungsfreiheit und einen stilvollen Look bieten. Jersey ist ein leichtes und dehnbares Material mit einer weichen Au\u00dfen- und Innenseite f\u00fcr ein angenehmes Tragegef\u00fchl und Bewegungsfreiheit.<br \/>\n- Art des Details : Spencer Dress<br \/>\n&#8211; \u039c\u03ae\u03ba\u03bf\u03c2\/\u03bc\u03ad\u03b3\u03b5\u03b8\u03bf\u03c2 : \u039c\u03ae\u03ba\u03bf\u03c2 \u03bc\u03ad\u03c7\u03c1\u03b9 \u03c4\u03bf \u03b3\u03cc\u03bd\u03b1\u03c4\u03bf<br \/>\n- Druckart : Wiederholter Druck auf das gesamte Objekt<br \/>\n- Stoff : Jersey<br \/>\n- FIT : Normale Anwendung<br \/>\n- CROOPS : Rundhalsausschnitt<\/p>\n<p>&nbsp;<\/p>","protected":false},"excerpt":{"rendered":"<p>Bringen Sie Licht und Farbe in die Garderobe Ihres Kindes mit tollen Fr\u00fchlings- und Sommermodellen, die Bewegungsfreiheit und einen stilvollen Look bieten. Jersey ist ein leichtes und dehnbares Material mit einer weichen Au\u00dfen- und Innenseite f\u00fcr ein angenehmes Tragegef\u00fchl und Bewegungsfreiheit.<br \/>\n- Art des Details : Spencer Dress<br \/>\n&#8211; \u039c\u03ae\u03ba\u03bf\u03c2\/\u03bc\u03ad\u03b3\u03b5\u03b8\u03bf\u03c2 : \u039c\u03ae\u03ba\u03bf\u03c2 \u03bc\u03ad\u03c7\u03c1\u03b9 \u03c4\u03bf \u03b3\u03cc\u03bd\u03b1\u03c4\u03bf<br \/>\n- Druckart : Wiederholter Druck auf das gesamte Objekt<br \/>\n- Stoff : Jersey<br \/>\n- FIT : Normale Anwendung<br \/>\n- CROOPS : Rundhalsausschnitt<\/p>","protected":false},"featured_media":53994,"comment_status":"open","ping_status":"closed","template":"","meta":{"_seopress_robots_primary_cat":"none","_seopress_titles_title":"","_seopress_titles_desc":"","_seopress_robots_index":""},"product_brand":[],"product_cat":[1232,1412,316,53],"product_tag":[1343],"class_list":{"0":"post-53980","1":"product","2":"type-product","3":"status-publish","4":"has-post-thumbnail","6":"product_cat-summer","7":"product_cat-ss22","8":"product_cat-girls","9":"product_cat-girl-2-8","10":"product_tag-ss22","11":"pa_brand-name-it","12":"pa_category-filter-forema","13":"pa_color-filter-yellow","14":"pa_gender-826","15":"pa_megethos-340","16":"pa_megethos-341","17":"pa_megethos-342","18":"pa_megethos-343","19":"pa_megethos-344","20":"pa_megethos-345","21":"pa_season-summer","23":"first","24":"instock","25":"sale","26":"shipping-taxable","27":"purchasable","28":"product-type-variable","29":"has-default-attributes"},"_links":{"self":[{"href":"https:\/\/coconutkids.gr\/de\/wp-json\/wp\/v2\/product\/53980","targetHints":{"allow":["GET"]}}],"collection":[{"href":"https:\/\/coconutkids.gr\/de\/wp-json\/wp\/v2\/product"}],"about":[{"href":"https:\/\/coconutkids.gr\/de\/wp-json\/wp\/v2\/types\/product"}],"replies":[{"embeddable":true,"href":"https:\/\/coconutkids.gr\/de\/wp-json\/wp\/v2\/comments?post=53980"}],"version-history":[{"count":0,"href":"https:\/\/coconutkids.gr\/de\/wp-json\/wp\/v2\/product\/53980\/revisions"}],"wp:featuredmedia":[{"embeddable":true,"href":"https:\/\/coconutkids.gr\/de\/wp-json\/wp\/v2\/media\/53994"}],"wp:attachment":[{"href":"https:\/\/coconutkids.gr\/de\/wp-json\/wp\/v2\/media?parent=53980"}],"wp:term":[{"taxonomy":"product_brand","embeddable":true,"href":"https:\/\/coconutkids.gr\/de\/wp-json\/wp\/v2\/product_brand?post=53980"},{"taxonomy":"product_cat","embeddable":true,"href":"https:\/\/coconutkids.gr\/de\/wp-json\/wp\/v2\/product_cat?post=53980"},{"taxonomy":"product_tag","embeddable":true,"href":"https:\/\/coconutkids.gr\/de\/wp-json\/wp\/v2\/product_tag?post=53980"}],"curies":[{"name":"wp","href":"https:\/\/api.w.org\/{rel}","templated":true}]}}