{"id":61784,"date":"2022-08-22T21:40:18","date_gmt":"2022-08-22T18:40:18","guid":{"rendered":"https:\/\/coconutkids.gr\/?post_type=product&#038;p=61784"},"modified":"2026-02-14T13:14:46","modified_gmt":"2026-02-14T11:14:46","slug":"name-it-%cf%80%ce%b1%ce%b9%ce%b4%ce%b9%ce%ba%cf%8c-%ce%b3%ce%b9%ce%bb%ce%ad%ce%ba%ce%bf-%ce%b3%ce%b9%ce%b1-%ce%b1%ce%b3%cf%8c%cf%81%ce%b9-%cf%80%cf%81%ce%b1%cf%83%ce%b9%ce%bd%cf%8c-13205872","status":"publish","type":"product","link":"https:\/\/coconutkids.gr\/de\/produkt\/name-it-%cf%80%ce%b1%ce%b9%ce%b4%ce%b9%ce%ba%cf%8c-%ce%b3%ce%b9%ce%bb%ce%ad%ce%ba%ce%bf-%ce%b3%ce%b9%ce%b1-%ce%b1%ce%b3%cf%8c%cf%81%ce%b9-%cf%80%cf%81%ce%b1%cf%83%ce%b9%ce%bd%cf%8c-13205872\/","title":{"rendered":"Name it Kinderweste f\u00fcr Jungen Gr\u00fcn 13205872"},"content":{"rendered":"<p>R\u00fcsten Sie Ihr Kind f\u00fcr jede Jahreszeit mit trendiger Oberbekleidung, die Farbe und einen coolen Touch verleiht. Der gewebte Stoff hat ein markantes Kreuzstichmuster und eine leicht strukturierte Oberfl\u00e4che f\u00fcr einen sauberen und klassischen Look.<\/p>\n<p>100% \u03b1\u03bd\u03b1\u03ba\u03c5\u03ba\u03bb\u03c9\u03bc\u03ad\u03bd\u03bf\u03c2 \u03c0\u03bf\u03bb\u03c5\u03b5\u03c3\u03c4\u03ad\u03c1\u03b1\u03c2: 100% \u03c0\u03bf\u03bb\u03c5\u03b5\u03c3\u03c4\u03ad\u03c1\u03b1\u03c2.<\/p>","protected":false},"excerpt":{"rendered":"<p>R\u00fcsten Sie Ihr Kind f\u00fcr jede Jahreszeit mit trendiger Oberbekleidung, die Farbe und einen coolen Touch verleiht. Der gewebte Stoff hat ein markantes Kreuzstichmuster und eine leicht strukturierte Oberfl\u00e4che f\u00fcr einen sauberen und klassischen Look.<\/p>\n<p>100% \u03b1\u03bd\u03b1\u03ba\u03c5\u03ba\u03bb\u03c9\u03bc\u03ad\u03bd\u03bf\u03c2 \u03c0\u03bf\u03bb\u03c5\u03b5\u03c3\u03c4\u03ad\u03c1\u03b1\u03c2: 100% \u03c0\u03bf\u03bb\u03c5\u03b5\u03c3\u03c4\u03ad\u03c1\u03b1\u03c2.<\/p>","protected":false},"featured_media":61787,"comment_status":"open","ping_status":"closed","template":"","meta":{"_seopress_robots_primary_cat":"none","_seopress_titles_title":"","_seopress_titles_desc":"","_seopress_robots_index":""},"product_brand":[],"product_cat":[1226,1416],"product_tag":[1409],"class_list":{"0":"post-61784","1":"product","2":"type-product","3":"status-publish","4":"has-post-thumbnail","6":"product_cat-winter","7":"product_cat-ws22","8":"product_tag-ws22","9":"pa_brand-name-it","10":"pa_category-filter-gileko","11":"pa_color-filter-908","12":"pa_gender-818","13":"pa_megethos-346","14":"pa_megethos-347","15":"pa_megethos-348","16":"pa_megethos-467","17":"pa_megethos-349","18":"pa_megethos-468","19":"pa_megethos-350","20":"pa_season-winter","22":"first","23":"instock","24":"shipping-taxable","25":"purchasable","26":"product-type-variable"},"_links":{"self":[{"href":"https:\/\/coconutkids.gr\/de\/wp-json\/wp\/v2\/product\/61784","targetHints":{"allow":["GET"]}}],"collection":[{"href":"https:\/\/coconutkids.gr\/de\/wp-json\/wp\/v2\/product"}],"about":[{"href":"https:\/\/coconutkids.gr\/de\/wp-json\/wp\/v2\/types\/product"}],"replies":[{"embeddable":true,"href":"https:\/\/coconutkids.gr\/de\/wp-json\/wp\/v2\/comments?post=61784"}],"version-history":[{"count":0,"href":"https:\/\/coconutkids.gr\/de\/wp-json\/wp\/v2\/product\/61784\/revisions"}],"wp:featuredmedia":[{"embeddable":true,"href":"https:\/\/coconutkids.gr\/de\/wp-json\/wp\/v2\/media\/61787"}],"wp:attachment":[{"href":"https:\/\/coconutkids.gr\/de\/wp-json\/wp\/v2\/media?parent=61784"}],"wp:term":[{"taxonomy":"product_brand","embeddable":true,"href":"https:\/\/coconutkids.gr\/de\/wp-json\/wp\/v2\/product_brand?post=61784"},{"taxonomy":"product_cat","embeddable":true,"href":"https:\/\/coconutkids.gr\/de\/wp-json\/wp\/v2\/product_cat?post=61784"},{"taxonomy":"product_tag","embeddable":true,"href":"https:\/\/coconutkids.gr\/de\/wp-json\/wp\/v2\/product_tag?post=61784"}],"curies":[{"name":"wp","href":"https:\/\/api.w.org\/{rel}","templated":true}]}}