{"id":62392,"date":"2022-08-24T21:14:37","date_gmt":"2022-08-24T18:14:37","guid":{"rendered":"https:\/\/coconutkids.gr\/product\/abel-lula-%cf%80%ce%b1%ce%b9%ce%b4%ce%b9%ce%ba%cf%8c-%ce%bc%cf%80%ce%bf%cf%85%cf%86%ce%b1%ce%bd-%cf%83%ce%b1%cf%84%ce%b9%ce%bd%ce%b5-%ce%b3%ce%b9%ce%b1-%ce%ba%ce%bf%cf%81%ce%af%cf%84%cf%83%ce%b9\/"},"modified":"2026-02-20T10:39:50","modified_gmt":"2026-02-20T08:39:50","slug":"abel-lula-%cf%80%ce%b1%ce%b9%ce%b4%ce%b9%ce%ba%cf%8c-%ce%bc%cf%80%ce%bf%cf%85%cf%86%ce%b1%ce%bd-%cf%83%ce%b1%cf%84%ce%b9%ce%bd%ce%b5-%ce%b3%ce%b9%ce%b1-%ce%ba%ce%bf%cf%81%ce%af%cf%84%cf%83%ce%b9","status":"publish","type":"product","link":"https:\/\/coconutkids.gr\/de\/produkt\/abel-lula-%cf%80%ce%b1%ce%b9%ce%b4%ce%b9%ce%ba%cf%8c-%ce%bc%cf%80%ce%bf%cf%85%cf%86%ce%b1%ce%bd-%cf%83%ce%b1%cf%84%ce%b9%ce%bd%ce%b5-%ce%b3%ce%b9%ce%b1-%ce%ba%ce%bf%cf%81%ce%af%cf%84%cf%83%ce%b9\/","title":{"rendered":"Abel &amp; Lula Kinder Satin Bouffant f\u00fcr M\u00e4dchen Creme 12-05804-002"},"content":{"rendered":"<p>Abel &amp; Lula Kinder Satin Bouffant f\u00fcr M\u00e4dchen Creme 12-05804-002<\/p>","protected":false},"excerpt":{"rendered":"<p>Abel &amp; Lula Kinder Satin Bouffant f\u00fcr M\u00e4dchen Creme 12-05804-002<\/p>","protected":false},"featured_media":67969,"comment_status":"closed","ping_status":"closed","template":"","meta":{"_seopress_robots_primary_cat":"none","_seopress_titles_title":"","_seopress_titles_desc":"","_seopress_robots_index":""},"product_brand":[],"product_cat":[1226,1416,316,293,592],"product_tag":[1409],"class_list":{"0":"post-62392","1":"product","2":"type-product","3":"status-publish","4":"has-post-thumbnail","6":"product_cat-winter","7":"product_cat-ws22","8":"product_cat-girls","9":"product_cat-girl-premium","10":"product_cat-girl-0-2","11":"product_tag-ws22","12":"pa_brand-abel-lula","13":"pa_category-filter-mpoufan","14":"pa_color-filter-white","15":"pa_gender-826","16":"pa_megethos-9m","17":"pa_megethos-12m","18":"pa_megethos-18m","19":"pa_megethos-340","20":"pa_megethos-341","21":"pa_season-winter","23":"first","24":"instock","25":"sale","26":"purchasable","27":"product-type-variable"},"_links":{"self":[{"href":"https:\/\/coconutkids.gr\/de\/wp-json\/wp\/v2\/product\/62392","targetHints":{"allow":["GET"]}}],"collection":[{"href":"https:\/\/coconutkids.gr\/de\/wp-json\/wp\/v2\/product"}],"about":[{"href":"https:\/\/coconutkids.gr\/de\/wp-json\/wp\/v2\/types\/product"}],"replies":[{"embeddable":true,"href":"https:\/\/coconutkids.gr\/de\/wp-json\/wp\/v2\/comments?post=62392"}],"version-history":[{"count":0,"href":"https:\/\/coconutkids.gr\/de\/wp-json\/wp\/v2\/product\/62392\/revisions"}],"wp:featuredmedia":[{"embeddable":true,"href":"https:\/\/coconutkids.gr\/de\/wp-json\/wp\/v2\/media\/67969"}],"wp:attachment":[{"href":"https:\/\/coconutkids.gr\/de\/wp-json\/wp\/v2\/media?parent=62392"}],"wp:term":[{"taxonomy":"product_brand","embeddable":true,"href":"https:\/\/coconutkids.gr\/de\/wp-json\/wp\/v2\/product_brand?post=62392"},{"taxonomy":"product_cat","embeddable":true,"href":"https:\/\/coconutkids.gr\/de\/wp-json\/wp\/v2\/product_cat?post=62392"},{"taxonomy":"product_tag","embeddable":true,"href":"https:\/\/coconutkids.gr\/de\/wp-json\/wp\/v2\/product_tag?post=62392"}],"curies":[{"name":"wp","href":"https:\/\/api.w.org\/{rel}","templated":true}]}}