{"id":62464,"date":"2022-08-24T21:16:06","date_gmt":"2022-08-24T18:16:06","guid":{"rendered":"https:\/\/coconutkids.gr\/product\/abel-lula-%cf%80%ce%b1%ce%b9%ce%b4%ce%b9%ce%ba%cf%8c-%cf%80%ce%b1%ce%bb%cf%84%ce%bf-%ce%ba%ce%b1%cf%81%ce%bf-%ce%b3%ce%b9%ce%b1-%ce%ba%ce%bf%cf%81%ce%af%cf%84%cf%83%ce%b9-%ce%ba%cf%8c%ce%ba%ce%ba\/"},"modified":"2026-01-20T20:59:21","modified_gmt":"2026-01-20T18:59:21","slug":"abel-lula-%cf%80%ce%b1%ce%b9%ce%b4%ce%b9%ce%ba%cf%8c-%cf%80%ce%b1%ce%bb%cf%84%ce%bf-%ce%ba%ce%b1%cf%81%ce%bf-%ce%b3%ce%b9%ce%b1-%ce%ba%ce%bf%cf%81%ce%af%cf%84%cf%83%ce%b9-%ce%ba%cf%8c%ce%ba%ce%ba","status":"publish","type":"product","link":"https:\/\/coconutkids.gr\/de\/produkt\/abel-lula-%cf%80%ce%b1%ce%b9%ce%b4%ce%b9%ce%ba%cf%8c-%cf%80%ce%b1%ce%bb%cf%84%ce%bf-%ce%ba%ce%b1%cf%81%ce%bf-%ce%b3%ce%b9%ce%b1-%ce%ba%ce%bf%cf%81%ce%af%cf%84%cf%83%ce%b9-%ce%ba%cf%8c%ce%ba%ce%ba\/","title":{"rendered":"Abel &amp; Lula Kindermantel Check f\u00fcr M\u00e4dchen Rot 12-05828-042"},"content":{"rendered":"<p>Abel &amp; Lula Kindermantel Check f\u00fcr M\u00e4dchen Rot 12-05828-042<\/p>","protected":false},"excerpt":{"rendered":"<p>Abel &amp; Lula Kindermantel Check f\u00fcr M\u00e4dchen Rot 12-05828-042<\/p>","protected":false},"featured_media":61574,"comment_status":"closed","ping_status":"closed","template":"","meta":{"_seopress_robots_primary_cat":"none","_seopress_titles_title":"","_seopress_titles_desc":"","_seopress_robots_index":""},"product_brand":[],"product_cat":[1226,1416,316,293,53],"product_tag":[1409],"class_list":{"0":"post-62464","1":"product","2":"type-product","3":"status-publish","4":"has-post-thumbnail","6":"product_cat-winter","7":"product_cat-ws22","8":"product_cat-girls","9":"product_cat-girl-premium","10":"product_cat-girl-2-8","11":"product_tag-ws22","12":"pa_brand-abel-lula","13":"pa_category-filter-palto","14":"pa_color-filter-red","15":"pa_gender-826","16":"pa_megethos-342","17":"pa_megethos-343","18":"pa_megethos-344","19":"pa_megethos-345","20":"pa_megethos-346","21":"pa_megethos-348","22":"pa_megethos-349","23":"pa_megethos-350","24":"pa_season-winter","26":"first","27":"instock","28":"sale","29":"purchasable","30":"product-type-variable"},"_links":{"self":[{"href":"https:\/\/coconutkids.gr\/de\/wp-json\/wp\/v2\/product\/62464","targetHints":{"allow":["GET"]}}],"collection":[{"href":"https:\/\/coconutkids.gr\/de\/wp-json\/wp\/v2\/product"}],"about":[{"href":"https:\/\/coconutkids.gr\/de\/wp-json\/wp\/v2\/types\/product"}],"replies":[{"embeddable":true,"href":"https:\/\/coconutkids.gr\/de\/wp-json\/wp\/v2\/comments?post=62464"}],"version-history":[{"count":0,"href":"https:\/\/coconutkids.gr\/de\/wp-json\/wp\/v2\/product\/62464\/revisions"}],"wp:featuredmedia":[{"embeddable":true,"href":"https:\/\/coconutkids.gr\/de\/wp-json\/wp\/v2\/media\/61574"}],"wp:attachment":[{"href":"https:\/\/coconutkids.gr\/de\/wp-json\/wp\/v2\/media?parent=62464"}],"wp:term":[{"taxonomy":"product_brand","embeddable":true,"href":"https:\/\/coconutkids.gr\/de\/wp-json\/wp\/v2\/product_brand?post=62464"},{"taxonomy":"product_cat","embeddable":true,"href":"https:\/\/coconutkids.gr\/de\/wp-json\/wp\/v2\/product_cat?post=62464"},{"taxonomy":"product_tag","embeddable":true,"href":"https:\/\/coconutkids.gr\/de\/wp-json\/wp\/v2\/product_tag?post=62464"}],"curies":[{"name":"wp","href":"https:\/\/api.w.org\/{rel}","templated":true}]}}