{"id":62479,"date":"2022-08-24T21:16:29","date_gmt":"2022-08-24T18:16:29","guid":{"rendered":"https:\/\/coconutkids.gr\/product\/abel-lula-%cf%80%ce%b1%ce%b9%ce%b4%ce%b9%ce%ba%cf%8c-%ce%ba%ce%b1%ce%bb%cf%83%ce%bf%ce%bd-%ce%b6%ce%b1%ce%ba%ce%b1%cf%81-%ce%b3%ce%b9%ce%b1-%ce%ba%ce%bf%cf%81%ce%af%cf%84%cf%83%ce%b9-%cf%81%ce%bf\/"},"modified":"2026-05-02T15:52:09","modified_gmt":"2026-05-02T12:52:09","slug":"abel-lula-%cf%80%ce%b1%ce%b9%ce%b4%ce%b9%ce%ba%cf%8c-%ce%ba%ce%b1%ce%bb%cf%83%ce%bf%ce%bd-%ce%b6%ce%b1%ce%ba%ce%b1%cf%81-%ce%b3%ce%b9%ce%b1-%ce%ba%ce%bf%cf%81%ce%af%cf%84%cf%83%ce%b9-%cf%81%ce%bf","status":"publish","type":"product","link":"https:\/\/coconutkids.gr\/de\/produkt\/abel-lula-%cf%80%ce%b1%ce%b9%ce%b4%ce%b9%ce%ba%cf%8c-%ce%ba%ce%b1%ce%bb%cf%83%ce%bf%ce%bd-%ce%b6%ce%b1%ce%ba%ce%b1%cf%81-%ce%b3%ce%b9%ce%b1-%ce%ba%ce%bf%cf%81%ce%af%cf%84%cf%83%ce%b9-%cf%81%ce%bf\/","title":{"rendered":"Abel &amp; Lula Kinder Strumpfjacke f\u00fcr M\u00e4dchen Rosa 12-05938-078"},"content":{"rendered":"<p>Abel &amp; Lula Kinder Strumpfjacke f\u00fcr M\u00e4dchen Rosa 12-05938-078<\/p>","protected":false},"excerpt":{"rendered":"<p>Abel &amp; Lula Kinder Strumpfjacke f\u00fcr M\u00e4dchen Rosa 12-05938-078<\/p>","protected":false},"featured_media":61599,"comment_status":"closed","ping_status":"closed","template":"","meta":{"_seopress_robots_primary_cat":"","_seopress_titles_title":"","_seopress_titles_desc":"","_seopress_robots_index":""},"product_brand":[],"product_cat":[1226,1416,316,293,55,1289],"product_tag":[1409],"class_list":{"0":"post-62479","1":"product","2":"type-product","3":"status-publish","4":"has-post-thumbnail","6":"product_cat-winter","7":"product_cat-ws22","8":"product_cat-girls","9":"product_cat-girl-premium","10":"product_cat-girl-9-16","11":"product_cat-1289","12":"product_tag-ws22","13":"pa_brand-abel-lula","14":"pa_category-filter-1116","15":"pa_color-filter-pink","16":"pa_gender-826","17":"pa_megethos-342","18":"pa_megethos-344","19":"pa_megethos-346","20":"pa_megethos-348","21":"pa_megethos-349","22":"pa_megethos-350","23":"pa_season-winter","25":"first","26":"instock","27":"purchasable","28":"product-type-variable"},"_links":{"self":[{"href":"https:\/\/coconutkids.gr\/de\/wp-json\/wp\/v2\/product\/62479","targetHints":{"allow":["GET"]}}],"collection":[{"href":"https:\/\/coconutkids.gr\/de\/wp-json\/wp\/v2\/product"}],"about":[{"href":"https:\/\/coconutkids.gr\/de\/wp-json\/wp\/v2\/types\/product"}],"replies":[{"embeddable":true,"href":"https:\/\/coconutkids.gr\/de\/wp-json\/wp\/v2\/comments?post=62479"}],"version-history":[{"count":0,"href":"https:\/\/coconutkids.gr\/de\/wp-json\/wp\/v2\/product\/62479\/revisions"}],"wp:featuredmedia":[{"embeddable":true,"href":"https:\/\/coconutkids.gr\/de\/wp-json\/wp\/v2\/media\/61599"}],"wp:attachment":[{"href":"https:\/\/coconutkids.gr\/de\/wp-json\/wp\/v2\/media?parent=62479"}],"wp:term":[{"taxonomy":"product_brand","embeddable":true,"href":"https:\/\/coconutkids.gr\/de\/wp-json\/wp\/v2\/product_brand?post=62479"},{"taxonomy":"product_cat","embeddable":true,"href":"https:\/\/coconutkids.gr\/de\/wp-json\/wp\/v2\/product_cat?post=62479"},{"taxonomy":"product_tag","embeddable":true,"href":"https:\/\/coconutkids.gr\/de\/wp-json\/wp\/v2\/product_tag?post=62479"}],"curies":[{"name":"wp","href":"https:\/\/api.w.org\/{rel}","templated":true}]}}