{"id":62482,"date":"2022-08-24T21:16:50","date_gmt":"2022-08-24T18:16:50","guid":{"rendered":"https:\/\/coconutkids.gr\/product\/abel-lula-%cf%80%ce%b1%ce%b9%ce%b4%ce%b9%ce%ba%cf%8c-%ce%ba%ce%b1%ce%bb%cf%83%ce%bf%ce%bd-%ce%b6%ce%b1%ce%ba%ce%b1%cf%81-%ce%b3%ce%b9%ce%b1-%ce%ba%ce%bf%cf%81%ce%af%cf%84%cf%83%ce%b9-%ce%bd%ce%b1\/"},"modified":"2026-05-02T15:52:09","modified_gmt":"2026-05-02T12:52:09","slug":"abel-lula-%cf%80%ce%b1%ce%b9%ce%b4%ce%b9%ce%ba%cf%8c-%ce%ba%ce%b1%ce%bb%cf%83%ce%bf%ce%bd-%ce%b6%ce%b1%ce%ba%ce%b1%cf%81-%ce%b3%ce%b9%ce%b1-%ce%ba%ce%bf%cf%81%ce%af%cf%84%cf%83%ce%b9-%ce%bd%ce%b1","status":"publish","type":"product","link":"https:\/\/coconutkids.gr\/de\/produkt\/abel-lula-%cf%80%ce%b1%ce%b9%ce%b4%ce%b9%ce%ba%cf%8c-%ce%ba%ce%b1%ce%bb%cf%83%ce%bf%ce%bd-%ce%b6%ce%b1%ce%ba%ce%b1%cf%81-%ce%b3%ce%b9%ce%b1-%ce%ba%ce%bf%cf%81%ce%af%cf%84%cf%83%ce%b9-%ce%bd%ce%b1\/","title":{"rendered":"Abel &amp; Lula Kinder Calico Jacke f\u00fcr M\u00e4dchen Marineblau 12-05938-080"},"content":{"rendered":"<p>Abel &amp; Lula Kinder Calico Jacke f\u00fcr M\u00e4dchen Marineblau 12-05938-080<\/p>","protected":false},"excerpt":{"rendered":"<p>Abel &amp; Lula Kinder Calico Jacke f\u00fcr M\u00e4dchen Marineblau 12-05938-080<\/p>","protected":false},"featured_media":61602,"comment_status":"closed","ping_status":"closed","template":"","meta":{"_seopress_robots_primary_cat":"","_seopress_titles_title":"","_seopress_titles_desc":"","_seopress_robots_index":""},"product_brand":[],"product_cat":[1226,1416],"product_tag":[1409],"class_list":{"0":"post-62482","1":"product","2":"type-product","3":"status-publish","4":"has-post-thumbnail","6":"product_cat-winter","7":"product_cat-ws22","8":"product_tag-ws22","9":"pa_brand-abel-lula","10":"pa_category-filter-1116","11":"pa_color-filter-blue","12":"pa_gender-826","13":"pa_megethos-342","14":"pa_megethos-344","15":"pa_megethos-346","16":"pa_megethos-348","17":"pa_megethos-349","18":"pa_megethos-350","19":"pa_season-winter","21":"first","22":"instock","23":"purchasable","24":"product-type-variable"},"_links":{"self":[{"href":"https:\/\/coconutkids.gr\/de\/wp-json\/wp\/v2\/product\/62482","targetHints":{"allow":["GET"]}}],"collection":[{"href":"https:\/\/coconutkids.gr\/de\/wp-json\/wp\/v2\/product"}],"about":[{"href":"https:\/\/coconutkids.gr\/de\/wp-json\/wp\/v2\/types\/product"}],"replies":[{"embeddable":true,"href":"https:\/\/coconutkids.gr\/de\/wp-json\/wp\/v2\/comments?post=62482"}],"version-history":[{"count":0,"href":"https:\/\/coconutkids.gr\/de\/wp-json\/wp\/v2\/product\/62482\/revisions"}],"wp:featuredmedia":[{"embeddable":true,"href":"https:\/\/coconutkids.gr\/de\/wp-json\/wp\/v2\/media\/61602"}],"wp:attachment":[{"href":"https:\/\/coconutkids.gr\/de\/wp-json\/wp\/v2\/media?parent=62482"}],"wp:term":[{"taxonomy":"product_brand","embeddable":true,"href":"https:\/\/coconutkids.gr\/de\/wp-json\/wp\/v2\/product_brand?post=62482"},{"taxonomy":"product_cat","embeddable":true,"href":"https:\/\/coconutkids.gr\/de\/wp-json\/wp\/v2\/product_cat?post=62482"},{"taxonomy":"product_tag","embeddable":true,"href":"https:\/\/coconutkids.gr\/de\/wp-json\/wp\/v2\/product_tag?post=62482"}],"curies":[{"name":"wp","href":"https:\/\/api.w.org\/{rel}","templated":true}]}}