{"id":62497,"date":"2022-08-24T21:17:12","date_gmt":"2022-08-24T18:17:12","guid":{"rendered":"https:\/\/coconutkids.gr\/product\/abel-lula-%cf%80%ce%b1%ce%b9%ce%b4%ce%b9%ce%ba%cf%8c-%ce%ba%ce%b1%ce%bb%cf%83%ce%bf%ce%bd-%ce%bb%ce%bf%cf%85%cf%81%ce%b5%ce%be-%ce%b3%ce%b9%ce%b1-%ce%ba%ce%bf%cf%81%ce%af%cf%84%cf%83%ce%b9-%ce%ba\/"},"modified":"2026-05-02T15:52:08","modified_gmt":"2026-05-02T12:52:08","slug":"abel-lula-%cf%80%ce%b1%ce%b9%ce%b4%ce%b9%ce%ba%cf%8c-%ce%ba%ce%b1%ce%bb%cf%83%ce%bf%ce%bd-%ce%bb%ce%bf%cf%85%cf%81%ce%b5%ce%be-%ce%b3%ce%b9%ce%b1-%ce%ba%ce%bf%cf%81%ce%af%cf%84%cf%83%ce%b9-%ce%ba","status":"publish","type":"product","link":"https:\/\/coconutkids.gr\/de\/produkt\/abel-lula-%cf%80%ce%b1%ce%b9%ce%b4%ce%b9%ce%ba%cf%8c-%ce%ba%ce%b1%ce%bb%cf%83%ce%bf%ce%bd-%ce%bb%ce%bf%cf%85%cf%81%ce%b5%ce%be-%ce%b3%ce%b9%ce%b1-%ce%ba%ce%bf%cf%81%ce%af%cf%84%cf%83%ce%b9-%ce%ba\/","title":{"rendered":"Abel &amp; Lula Kinderstrumpf Lurex f\u00fcr M\u00e4dchen rot 12-05942-008"},"content":{"rendered":"<p>Abel &amp; Lula Kinderstrumpf Lurex f\u00fcr M\u00e4dchen rot 12-05942-008<\/p>","protected":false},"excerpt":{"rendered":"<p>Abel &amp; Lula Kinderstrumpf Lurex f\u00fcr M\u00e4dchen rot 12-05942-008<\/p>","protected":false},"featured_media":61617,"comment_status":"closed","ping_status":"closed","template":"","meta":{"_seopress_robots_primary_cat":"","_seopress_titles_title":"","_seopress_titles_desc":"","_seopress_robots_index":""},"product_brand":[],"product_cat":[1226,1416,316,55,1289],"product_tag":[1409],"class_list":{"0":"post-62497","1":"product","2":"type-product","3":"status-publish","4":"has-post-thumbnail","6":"product_cat-winter","7":"product_cat-ws22","8":"product_cat-girls","9":"product_cat-girl-9-16","10":"product_cat-1289","11":"product_tag-ws22","12":"pa_brand-abel-lula","13":"pa_category-filter-1116","14":"pa_color-filter-red","15":"pa_gender-826","16":"pa_megethos-342","17":"pa_megethos-344","18":"pa_megethos-346","19":"pa_megethos-348","20":"pa_megethos-349","21":"pa_megethos-350","22":"pa_season-winter","24":"first","25":"instock","26":"purchasable","27":"product-type-variable"},"_links":{"self":[{"href":"https:\/\/coconutkids.gr\/de\/wp-json\/wp\/v2\/product\/62497","targetHints":{"allow":["GET"]}}],"collection":[{"href":"https:\/\/coconutkids.gr\/de\/wp-json\/wp\/v2\/product"}],"about":[{"href":"https:\/\/coconutkids.gr\/de\/wp-json\/wp\/v2\/types\/product"}],"replies":[{"embeddable":true,"href":"https:\/\/coconutkids.gr\/de\/wp-json\/wp\/v2\/comments?post=62497"}],"version-history":[{"count":0,"href":"https:\/\/coconutkids.gr\/de\/wp-json\/wp\/v2\/product\/62497\/revisions"}],"wp:featuredmedia":[{"embeddable":true,"href":"https:\/\/coconutkids.gr\/de\/wp-json\/wp\/v2\/media\/61617"}],"wp:attachment":[{"href":"https:\/\/coconutkids.gr\/de\/wp-json\/wp\/v2\/media?parent=62497"}],"wp:term":[{"taxonomy":"product_brand","embeddable":true,"href":"https:\/\/coconutkids.gr\/de\/wp-json\/wp\/v2\/product_brand?post=62497"},{"taxonomy":"product_cat","embeddable":true,"href":"https:\/\/coconutkids.gr\/de\/wp-json\/wp\/v2\/product_cat?post=62497"},{"taxonomy":"product_tag","embeddable":true,"href":"https:\/\/coconutkids.gr\/de\/wp-json\/wp\/v2\/product_tag?post=62497"}],"curies":[{"name":"wp","href":"https:\/\/api.w.org\/{rel}","templated":true}]}}