{"id":62509,"date":"2022-08-24T21:17:12","date_gmt":"2022-08-24T18:17:12","guid":{"rendered":"https:\/\/coconutkids.gr\/product\/abel-lula-%cf%80%ce%b1%ce%b9%ce%b4%ce%b9%ce%ba%cf%8c-%cf%83%ce%b5%cf%84-%cf%83%ce%ba%ce%bf%cf%85%cf%86%ce%bf%cf%82-%ce%ba%ce%b1%cf%83%ce%ba%ce%bf%ce%bb-%cf%80%ce%bf%cf%85%ce%bb%ce%b9%ce%b5%cf%82-2\/"},"modified":"2026-01-20T20:59:15","modified_gmt":"2026-01-20T18:59:15","slug":"abel-lula-%cf%80%ce%b1%ce%b9%ce%b4%ce%b9%ce%ba%cf%8c-%cf%83%ce%b5%cf%84-%cf%83%ce%ba%ce%bf%cf%85%cf%86%ce%bf%cf%82-%ce%ba%ce%b1%cf%83%ce%ba%ce%bf%ce%bb-%cf%80%ce%bf%cf%85%ce%bb%ce%b9%ce%b5%cf%82-2","status":"publish","type":"product","link":"https:\/\/coconutkids.gr\/de\/produkt\/abel-lula-%cf%80%ce%b1%ce%b9%ce%b4%ce%b9%ce%ba%cf%8c-%cf%83%ce%b5%cf%84-%cf%83%ce%ba%ce%bf%cf%85%cf%86%ce%bf%cf%82-%ce%ba%ce%b1%cf%83%ce%ba%ce%bf%ce%bb-%cf%80%ce%bf%cf%85%ce%bb%ce%b9%ce%b5%cf%82-2\/","title":{"rendered":"Abel &amp; Lula Kinder M\u00fctzen Set Pailletten Schal Schal Set f\u00fcr M\u00e4dchen Schwarz 12-05946-084"},"content":{"rendered":"<p>Abel &amp; Lula \u03a0\u03b1\u03b9\u03b4\u03b9\u03ba\u03cc \u03a3\u03b5\u03c4 \u03c3\u03ba\u03bf\u03c5\u03c6\u03bf\u03c2 \u03ba\u03b1\u03c3\u03ba\u03bf\u03bb \u03c0\u03bf\u03c5\u03bb\u03b9\u03b5\u03c2 \u03b3\u03b9\u03b1 \u039a\u03bf\u03c1\u03af\u03c4\u03c3\u03b9 \u039c\u03b1\u03cd\u03c1\u03bf 12-05946-084<\/p>","protected":false},"excerpt":{"rendered":"<p>Abel &amp; Lula \u03a0\u03b1\u03b9\u03b4\u03b9\u03ba\u03cc \u03a3\u03b5\u03c4 \u03c3\u03ba\u03bf\u03c5\u03c6\u03bf\u03c2 \u03ba\u03b1\u03c3\u03ba\u03bf\u03bb \u03c0\u03bf\u03c5\u03bb\u03b9\u03b5\u03c2 \u03b3\u03b9\u03b1 \u039a\u03bf\u03c1\u03af\u03c4\u03c3\u03b9 \u039c\u03b1\u03cd\u03c1\u03bf 12-05946-084<\/p>","protected":false},"featured_media":61629,"comment_status":"closed","ping_status":"closed","template":"","meta":{"_seopress_robots_primary_cat":"","_seopress_titles_title":"","_seopress_titles_desc":"","_seopress_robots_index":""},"product_brand":[],"product_cat":[1226,1416],"product_tag":[1409],"class_list":{"0":"post-62509","1":"product","2":"type-product","3":"status-publish","4":"has-post-thumbnail","6":"product_cat-winter","7":"product_cat-ws22","8":"product_tag-ws22","9":"pa_brand-abel-lula","10":"pa_category-filter-1121","11":"pa_color-filter-black","12":"pa_gender-826","13":"pa_megethos-342","14":"pa_megethos-346","15":"pa_megethos-349","16":"pa_season-winter","18":"first","19":"instock","20":"sale","21":"purchasable","22":"product-type-variable"},"_links":{"self":[{"href":"https:\/\/coconutkids.gr\/de\/wp-json\/wp\/v2\/product\/62509","targetHints":{"allow":["GET"]}}],"collection":[{"href":"https:\/\/coconutkids.gr\/de\/wp-json\/wp\/v2\/product"}],"about":[{"href":"https:\/\/coconutkids.gr\/de\/wp-json\/wp\/v2\/types\/product"}],"replies":[{"embeddable":true,"href":"https:\/\/coconutkids.gr\/de\/wp-json\/wp\/v2\/comments?post=62509"}],"version-history":[{"count":0,"href":"https:\/\/coconutkids.gr\/de\/wp-json\/wp\/v2\/product\/62509\/revisions"}],"wp:featuredmedia":[{"embeddable":true,"href":"https:\/\/coconutkids.gr\/de\/wp-json\/wp\/v2\/media\/61629"}],"wp:attachment":[{"href":"https:\/\/coconutkids.gr\/de\/wp-json\/wp\/v2\/media?parent=62509"}],"wp:term":[{"taxonomy":"product_brand","embeddable":true,"href":"https:\/\/coconutkids.gr\/de\/wp-json\/wp\/v2\/product_brand?post=62509"},{"taxonomy":"product_cat","embeddable":true,"href":"https:\/\/coconutkids.gr\/de\/wp-json\/wp\/v2\/product_cat?post=62509"},{"taxonomy":"product_tag","embeddable":true,"href":"https:\/\/coconutkids.gr\/de\/wp-json\/wp\/v2\/product_tag?post=62509"}],"curies":[{"name":"wp","href":"https:\/\/api.w.org\/{rel}","templated":true}]}}