{"id":62999,"date":"2022-08-25T17:45:57","date_gmt":"2022-08-25T14:45:57","guid":{"rendered":"https:\/\/coconutkids.gr\/product\/billieblush-%cf%80%ce%b1%ce%b9%ce%b4%ce%b9%ce%ba%ce%ae-%ce%bc%cf%80%ce%bb%ce%bf%cf%8d%ce%b6%ce%b1-%ce%bc%ce%b1%ce%ba%cf%81%cf%85%ce%bc%ce%ac%ce%bd%ce%b9%ce%ba%ce%b7-%ce%b3%ce%b9%ce%b1-%ce%ba%ce%bf\/"},"modified":"2026-02-21T11:26:58","modified_gmt":"2026-02-21T09:26:58","slug":"billieblush-%cf%80%ce%b1%ce%b9%ce%b4%ce%b9%ce%ba%ce%ae-%ce%bc%cf%80%ce%bb%ce%bf%cf%8d%ce%b6%ce%b1-%ce%bc%ce%b1%ce%ba%cf%81%cf%85%ce%bc%ce%ac%ce%bd%ce%b9%ce%ba%ce%b7-%ce%b3%ce%b9%ce%b1-%ce%ba%ce%bf","status":"publish","type":"product","link":"https:\/\/coconutkids.gr\/de\/produkt\/billieblush-%cf%80%ce%b1%ce%b9%ce%b4%ce%b9%ce%ba%ce%ae-%ce%bc%cf%80%ce%bb%ce%bf%cf%8d%ce%b6%ce%b1-%ce%bc%ce%b1%ce%ba%cf%81%cf%85%ce%bc%ce%ac%ce%bd%ce%b9%ce%ba%ce%b7-%ce%b3%ce%b9%ce%b1-%ce%ba%ce%bf\/","title":{"rendered":"Billieblush Kids Langarmbluse f\u00fcr M\u00e4dchen Wei\u00df U15A38-121"},"content":{"rendered":"<p>Billieblush Kids Langarmbluse f\u00fcr M\u00e4dchen Wei\u00df U15A38-121<\/p>","protected":false},"excerpt":{"rendered":"<p>Billieblush \u03a0\u03b1\u03b9\u03b4\u03b9\u03ba\u03ae \u039c\u03c0\u03bb\u03bf\u03cd\u03b6\u03b1 \u039c\u03b1\u03ba\u03c1\u03c5\u03bc\u03ac\u03bd\u03b9\u03ba\u03b7 \u03b3\u03b9\u03b1 \u039a\u03bf\u03c1\u03af\u03c4\u03c3\u03b9 \u0386\u03c3\u03c0\u03c1\u03bf U15A38-121- 100%\u0392\u0391\u039c\u0392\u0391\u039a\u0399<\/p>","protected":false},"featured_media":56312,"comment_status":"closed","ping_status":"closed","template":"","meta":{"_seopress_robots_primary_cat":"","_seopress_titles_title":"","_seopress_titles_desc":"","_seopress_robots_index":""},"product_brand":[],"product_cat":[1226,1416,316,293,55],"product_tag":[1409],"class_list":{"0":"post-62999","1":"product","2":"type-product","3":"status-publish","4":"has-post-thumbnail","6":"product_cat-winter","7":"product_cat-ws22","8":"product_cat-girls","9":"product_cat-girl-premium","10":"product_cat-girl-9-16","11":"product_tag-ws22","12":"pa_brand-billieblush","13":"pa_category-filter-1351","14":"pa_color-filter-white","15":"pa_gender-826","16":"pa_megethos-344","17":"pa_megethos-346","18":"pa_megethos-348","19":"pa_megethos-349","20":"pa_season-winter","22":"first","23":"instock","24":"sale","25":"purchasable","26":"product-type-variable"},"_links":{"self":[{"href":"https:\/\/coconutkids.gr\/de\/wp-json\/wp\/v2\/product\/62999","targetHints":{"allow":["GET"]}}],"collection":[{"href":"https:\/\/coconutkids.gr\/de\/wp-json\/wp\/v2\/product"}],"about":[{"href":"https:\/\/coconutkids.gr\/de\/wp-json\/wp\/v2\/types\/product"}],"replies":[{"embeddable":true,"href":"https:\/\/coconutkids.gr\/de\/wp-json\/wp\/v2\/comments?post=62999"}],"version-history":[{"count":0,"href":"https:\/\/coconutkids.gr\/de\/wp-json\/wp\/v2\/product\/62999\/revisions"}],"wp:featuredmedia":[{"embeddable":true,"href":"https:\/\/coconutkids.gr\/de\/wp-json\/wp\/v2\/media\/56312"}],"wp:attachment":[{"href":"https:\/\/coconutkids.gr\/de\/wp-json\/wp\/v2\/media?parent=62999"}],"wp:term":[{"taxonomy":"product_brand","embeddable":true,"href":"https:\/\/coconutkids.gr\/de\/wp-json\/wp\/v2\/product_brand?post=62999"},{"taxonomy":"product_cat","embeddable":true,"href":"https:\/\/coconutkids.gr\/de\/wp-json\/wp\/v2\/product_cat?post=62999"},{"taxonomy":"product_tag","embeddable":true,"href":"https:\/\/coconutkids.gr\/de\/wp-json\/wp\/v2\/product_tag?post=62999"}],"curies":[{"name":"wp","href":"https:\/\/api.w.org\/{rel}","templated":true}]}}