{"id":63040,"date":"2022-08-25T17:47:41","date_gmt":"2022-08-25T14:47:41","guid":{"rendered":"https:\/\/coconutkids.gr\/product\/michael-kors-%cf%80%ce%b1%ce%b9%ce%b4%ce%b9%ce%ba%ce%ae-%ce%bc%cf%80%ce%bb%ce%bf%cf%8d%ce%b6%ce%b1-%ce%b3%ce%b9%ce%b1-%ce%ba%ce%bf%cf%81%ce%af%cf%84%cf%83%ce%b9-%ce%ac%cf%83%cf%80%cf%81%ce%bf-r15121-1\/"},"modified":"2026-02-21T10:59:50","modified_gmt":"2026-02-21T08:59:50","slug":"michael-kors-%cf%80%ce%b1%ce%b9%ce%b4%ce%b9%ce%ba%ce%ae-%ce%bc%cf%80%ce%bb%ce%bf%cf%8d%ce%b6%ce%b1-%ce%b3%ce%b9%ce%b1-%ce%ba%ce%bf%cf%81%ce%af%cf%84%cf%83%ce%b9-%ce%ac%cf%83%cf%80%cf%81%ce%bf-r15121-1","status":"publish","type":"product","link":"https:\/\/coconutkids.gr\/de\/produkt\/michael-kors-%cf%80%ce%b1%ce%b9%ce%b4%ce%b9%ce%ba%ce%ae-%ce%bc%cf%80%ce%bb%ce%bf%cf%8d%ce%b6%ce%b1-%ce%b3%ce%b9%ce%b1-%ce%ba%ce%bf%cf%81%ce%af%cf%84%cf%83%ce%b9-%ce%ac%cf%83%cf%80%cf%81%ce%bf-r15121-1\/","title":{"rendered":"Michael Kors Kinderbluse f\u00fcr M\u00e4dchen Wei\u00df R15121-117"},"content":{"rendered":"<p>Michael Kors Kinderbluse f\u00fcr M\u00e4dchen Wei\u00df R15121-117<\/p>","protected":false},"excerpt":{"rendered":"<p>Michael Kors \u03a0\u03b1\u03b9\u03b4\u03b9\u03ba\u03ae \u039c\u03c0\u03bb\u03bf\u03cd\u03b6\u03b1 \u03b3\u03b9\u03b1 \u039a\u03bf\u03c1\u03af\u03c4\u03c3\u03b9 \u0386\u03c3\u03c0\u03c1\u03bf R15121-117- 100%\u0392\u0391\u039c\u0392\u0391\u039a\u0399<\/p>","protected":false},"featured_media":56373,"comment_status":"closed","ping_status":"closed","template":"","meta":{"_seopress_robots_primary_cat":"","_seopress_titles_title":"","_seopress_titles_desc":"","_seopress_robots_index":""},"product_brand":[],"product_cat":[1226,1416,316,293,55],"product_tag":[1409],"class_list":{"0":"post-63040","1":"product","2":"type-product","3":"status-publish","4":"has-post-thumbnail","6":"product_cat-winter","7":"product_cat-ws22","8":"product_cat-girls","9":"product_cat-girl-premium","10":"product_cat-girl-9-16","11":"product_tag-ws22","12":"pa_brand-michael-kors","13":"pa_category-filter-1351","14":"pa_color-filter-white","15":"pa_gender-826","16":"pa_megethos-346","17":"pa_megethos-348","18":"pa_megethos-349","19":"pa_megethos-350","20":"pa_season-winter","22":"first","23":"instock","24":"sale","25":"purchasable","26":"product-type-variable"},"_links":{"self":[{"href":"https:\/\/coconutkids.gr\/de\/wp-json\/wp\/v2\/product\/63040","targetHints":{"allow":["GET"]}}],"collection":[{"href":"https:\/\/coconutkids.gr\/de\/wp-json\/wp\/v2\/product"}],"about":[{"href":"https:\/\/coconutkids.gr\/de\/wp-json\/wp\/v2\/types\/product"}],"replies":[{"embeddable":true,"href":"https:\/\/coconutkids.gr\/de\/wp-json\/wp\/v2\/comments?post=63040"}],"version-history":[{"count":0,"href":"https:\/\/coconutkids.gr\/de\/wp-json\/wp\/v2\/product\/63040\/revisions"}],"wp:featuredmedia":[{"embeddable":true,"href":"https:\/\/coconutkids.gr\/de\/wp-json\/wp\/v2\/media\/56373"}],"wp:attachment":[{"href":"https:\/\/coconutkids.gr\/de\/wp-json\/wp\/v2\/media?parent=63040"}],"wp:term":[{"taxonomy":"product_brand","embeddable":true,"href":"https:\/\/coconutkids.gr\/de\/wp-json\/wp\/v2\/product_brand?post=63040"},{"taxonomy":"product_cat","embeddable":true,"href":"https:\/\/coconutkids.gr\/de\/wp-json\/wp\/v2\/product_cat?post=63040"},{"taxonomy":"product_tag","embeddable":true,"href":"https:\/\/coconutkids.gr\/de\/wp-json\/wp\/v2\/product_tag?post=63040"}],"curies":[{"name":"wp","href":"https:\/\/api.w.org\/{rel}","templated":true}]}}