{"id":63106,"date":"2022-08-26T17:42:14","date_gmt":"2022-08-26T14:42:14","guid":{"rendered":"https:\/\/coconutkids.gr\/?post_type=product&#038;p=63106"},"modified":"2026-03-19T12:23:20","modified_gmt":"2026-03-19T10:23:20","slug":"name-it-%cf%80%ce%b1%ce%b9%ce%b4%ce%b9%ce%ba%ce%ae-%ce%bc%cf%80%ce%bb%ce%bf%cf%8d%ce%b6%ce%b1-%ce%b3%ce%b9%ce%b1-%ce%ba%ce%bf%cf%81%ce%af%cf%84%cf%83%ce%b9-%cf%81%ce%bf%ce%b6-13206648","status":"publish","type":"product","link":"https:\/\/coconutkids.gr\/de\/produkt\/name-it-%cf%80%ce%b1%ce%b9%ce%b4%ce%b9%ce%ba%ce%ae-%ce%bc%cf%80%ce%bb%ce%bf%cf%8d%ce%b6%ce%b1-%ce%b3%ce%b9%ce%b1-%ce%ba%ce%bf%cf%81%ce%af%cf%84%cf%83%ce%b9-%cf%81%ce%bf%ce%b6-13206648\/","title":{"rendered":"Name it Kinderbluse f\u00fcr M\u00e4dchen Rosa 13206648"},"content":{"rendered":"<p>Stellen Sie das perfekte Outfit f\u00fcr Ihr Kind aus hochwertigen Alltagsmodellen zusammen und kreieren Sie einen bequemen und modischen Look. Jersey ist ein leichtes und dehnbares Gewebe mit einer weichen Oberfl\u00e4che und Innenseite f\u00fcr ein angenehmes Tragegef\u00fchl und Bewegungsfreiheit.<\/p>\n<p>95% Baumwolle, 5% Elastan.<\/p>","protected":false},"excerpt":{"rendered":"<p>Stellen Sie das perfekte Outfit f\u00fcr Ihr Kind aus hochwertigen Alltagsmodellen zusammen und kreieren Sie einen bequemen und modischen Look. Jersey ist ein leichtes und dehnbares Gewebe mit einer weichen Oberfl\u00e4che und Innenseite f\u00fcr ein angenehmes Tragegef\u00fchl und Bewegungsfreiheit.<\/p>\n<p>95% Baumwolle, 5% Elastan.<\/p>","protected":false},"featured_media":63108,"comment_status":"open","ping_status":"closed","template":"","meta":{"_seopress_robots_primary_cat":"none","_seopress_titles_title":"","_seopress_titles_desc":"","_seopress_robots_index":""},"product_brand":[],"product_cat":[1226,1416,316,53],"product_tag":[1409],"class_list":{"0":"post-63106","1":"product","2":"type-product","3":"status-publish","4":"has-post-thumbnail","6":"product_cat-winter","7":"product_cat-ws22","8":"product_cat-girls","9":"product_cat-girl-2-8","10":"product_tag-ws22","11":"pa_brand-name-it","12":"pa_category-filter-1351","13":"pa_color-filter-pink","14":"pa_gender-826","15":"pa_megethos-340","16":"pa_megethos-341","17":"pa_megethos-342","18":"pa_megethos-343","19":"pa_megethos-344","20":"pa_megethos-346","21":"pa_season-winter","23":"first","24":"instock","25":"sale","26":"shipping-taxable","27":"purchasable","28":"product-type-variable"},"_links":{"self":[{"href":"https:\/\/coconutkids.gr\/de\/wp-json\/wp\/v2\/product\/63106","targetHints":{"allow":["GET"]}}],"collection":[{"href":"https:\/\/coconutkids.gr\/de\/wp-json\/wp\/v2\/product"}],"about":[{"href":"https:\/\/coconutkids.gr\/de\/wp-json\/wp\/v2\/types\/product"}],"replies":[{"embeddable":true,"href":"https:\/\/coconutkids.gr\/de\/wp-json\/wp\/v2\/comments?post=63106"}],"version-history":[{"count":0,"href":"https:\/\/coconutkids.gr\/de\/wp-json\/wp\/v2\/product\/63106\/revisions"}],"wp:featuredmedia":[{"embeddable":true,"href":"https:\/\/coconutkids.gr\/de\/wp-json\/wp\/v2\/media\/63108"}],"wp:attachment":[{"href":"https:\/\/coconutkids.gr\/de\/wp-json\/wp\/v2\/media?parent=63106"}],"wp:term":[{"taxonomy":"product_brand","embeddable":true,"href":"https:\/\/coconutkids.gr\/de\/wp-json\/wp\/v2\/product_brand?post=63106"},{"taxonomy":"product_cat","embeddable":true,"href":"https:\/\/coconutkids.gr\/de\/wp-json\/wp\/v2\/product_cat?post=63106"},{"taxonomy":"product_tag","embeddable":true,"href":"https:\/\/coconutkids.gr\/de\/wp-json\/wp\/v2\/product_tag?post=63106"}],"curies":[{"name":"wp","href":"https:\/\/api.w.org\/{rel}","templated":true}]}}