{"id":69896,"date":"2022-11-04T21:59:02","date_gmt":"2022-11-04T19:59:02","guid":{"rendered":"https:\/\/coconutkids.gr\/product\/mayoral-%cf%80%ce%b1%ce%b9%ce%b4%ce%b9%ce%ba%cf%8c-%ce%b6%ce%b9%ce%b2%ce%b1%ce%b3%ce%ba%ce%bf-tricot-%ce%b3%ce%b9%ce%b1-%ce%ba%ce%bf%cf%81%ce%af%cf%84%cf%83%ce%b9-%cf%81%ce%bf%ce%b6-12-00313-012\/"},"modified":"2026-03-10T20:30:35","modified_gmt":"2026-03-10T18:30:35","slug":"mayoral-%cf%80%ce%b1%ce%b9%ce%b4%ce%b9%ce%ba%cf%8c-%ce%b6%ce%b9%ce%b2%ce%b1%ce%b3%ce%ba%ce%bf-tricot-%ce%b3%ce%b9%ce%b1-%ce%ba%ce%bf%cf%81%ce%af%cf%84%cf%83%ce%b9-%cf%81%ce%bf%ce%b6-12-00313-012","status":"publish","type":"product","link":"https:\/\/coconutkids.gr\/de\/produkt\/mayoral-%cf%80%ce%b1%ce%b9%ce%b4%ce%b9%ce%ba%cf%8c-%ce%b6%ce%b9%ce%b2%ce%b1%ce%b3%ce%ba%ce%bf-tricot-%ce%b3%ce%b9%ce%b1-%ce%ba%ce%bf%cf%81%ce%af%cf%84%cf%83%ce%b9-%cf%81%ce%bf%ce%b6-12-00313-012\/","title":{"rendered":"Mayoral Kindertrikot-Rollkragenpullover f\u00fcr M\u00e4dchen Rosa 12-00313-012"},"content":{"rendered":"<p>Mayoral Kindertrikot-Rollkragenpullover f\u00fcr M\u00e4dchen Rosa 12-00313-012. bessere Baumwolle<\/p>","protected":false},"excerpt":{"rendered":"<p>Mayoral Kindertrikot-Rollkragenpullover f\u00fcr M\u00e4dchen Rosa 12-00313-012. bessere Baumwolle<\/p>","protected":false},"featured_media":70566,"comment_status":"closed","ping_status":"closed","template":"","meta":{"_seopress_robots_primary_cat":"none","_seopress_titles_title":"","_seopress_titles_desc":"","_seopress_robots_index":""},"product_brand":[],"product_cat":[1226,1416,316,53],"product_tag":[1409],"class_list":{"0":"post-69896","1":"product","2":"type-product","3":"status-publish","4":"has-post-thumbnail","6":"product_cat-winter","7":"product_cat-ws22","8":"product_cat-girls","9":"product_cat-girl-2-8","10":"product_tag-ws22","11":"pa_brand-mayoral","12":"pa_category-filter-1351","13":"pa_color-filter-pink","14":"pa_gender-826","15":"pa_megethos-340","16":"pa_megethos-341","17":"pa_megethos-342","18":"pa_megethos-343","19":"pa_megethos-344","20":"pa_megethos-345","21":"pa_megethos-346","22":"pa_megethos-347","23":"pa_season-winter","25":"first","26":"instock","27":"sale","28":"purchasable","29":"product-type-variable"},"_links":{"self":[{"href":"https:\/\/coconutkids.gr\/de\/wp-json\/wp\/v2\/product\/69896","targetHints":{"allow":["GET"]}}],"collection":[{"href":"https:\/\/coconutkids.gr\/de\/wp-json\/wp\/v2\/product"}],"about":[{"href":"https:\/\/coconutkids.gr\/de\/wp-json\/wp\/v2\/types\/product"}],"replies":[{"embeddable":true,"href":"https:\/\/coconutkids.gr\/de\/wp-json\/wp\/v2\/comments?post=69896"}],"version-history":[{"count":0,"href":"https:\/\/coconutkids.gr\/de\/wp-json\/wp\/v2\/product\/69896\/revisions"}],"wp:featuredmedia":[{"embeddable":true,"href":"https:\/\/coconutkids.gr\/de\/wp-json\/wp\/v2\/media\/70566"}],"wp:attachment":[{"href":"https:\/\/coconutkids.gr\/de\/wp-json\/wp\/v2\/media?parent=69896"}],"wp:term":[{"taxonomy":"product_brand","embeddable":true,"href":"https:\/\/coconutkids.gr\/de\/wp-json\/wp\/v2\/product_brand?post=69896"},{"taxonomy":"product_cat","embeddable":true,"href":"https:\/\/coconutkids.gr\/de\/wp-json\/wp\/v2\/product_cat?post=69896"},{"taxonomy":"product_tag","embeddable":true,"href":"https:\/\/coconutkids.gr\/de\/wp-json\/wp\/v2\/product_tag?post=69896"}],"curies":[{"name":"wp","href":"https:\/\/api.w.org\/{rel}","templated":true}]}}