{"id":74140,"date":"2022-12-10T09:41:03","date_gmt":"2022-12-10T07:41:03","guid":{"rendered":"https:\/\/coconutkids.gr\/?post_type=product&#038;p=74140"},"modified":"2026-02-21T10:48:28","modified_gmt":"2026-02-21T08:48:28","slug":"name-it-%cf%80%ce%b1%ce%b9%ce%b4%ce%b9%ce%ba%cf%8c-%cf%80%ce%bf%cf%85%ce%bb%cf%8c%ce%b2%ce%b5%cf%81-%ce%b3%ce%b9%ce%b1-%ce%ba%ce%bf%cf%81%ce%af%cf%84%cf%83%ce%b9-%ce%bc%cf%89%ce%b2-13209977","status":"publish","type":"product","link":"https:\/\/coconutkids.gr\/de\/produkt\/name-it-%cf%80%ce%b1%ce%b9%ce%b4%ce%b9%ce%ba%cf%8c-%cf%80%ce%bf%cf%85%ce%bb%cf%8c%ce%b2%ce%b5%cf%81-%ce%b3%ce%b9%ce%b1-%ce%ba%ce%bf%cf%81%ce%af%cf%84%cf%83%ce%b9-%ce%bc%cf%89%ce%b2-13209977\/","title":{"rendered":"Name it Kids Pullover f\u00fcr M\u00e4dchen Lila 13209977"},"content":{"rendered":"<p>Genie\u00dfen Sie k\u00fchle N\u00e4chte und kalte Tage mit gestrickten Modellen, die Ihrem Kind Komfort und Weichheit garantieren.<\/p>\n<p>-100% Acryl<\/p>\n<p>&nbsp;<\/p>","protected":false},"excerpt":{"rendered":"<p>Genie\u00dfen Sie k\u00fchle N\u00e4chte und kalte Tage mit coolen Strickmodellen, die f\u00fcr den Komfort und die Weichheit Ihres Kindes sorgen.<\/p>\n<p>-100% Acryl<\/p>\n<p>&nbsp;<\/p>","protected":false},"featured_media":74146,"comment_status":"open","ping_status":"closed","template":"","meta":{"_seopress_robots_primary_cat":"none","_seopress_titles_title":"","_seopress_titles_desc":"","_seopress_robots_index":""},"product_brand":[],"product_cat":[1226,1416,316,53],"product_tag":[1409],"class_list":{"0":"post-74140","1":"product","2":"type-product","3":"status-publish","4":"has-post-thumbnail","6":"product_cat-winter","7":"product_cat-ws22","8":"product_cat-girls","9":"product_cat-girl-2-8","10":"product_tag-ws22","11":"pa_brand-name-it","12":"pa_category-filter-1168","13":"pa_color-filter-purple","14":"pa_gender-826","15":"pa_megethos-340","16":"pa_megethos-341","17":"pa_megethos-342","18":"pa_megethos-343","19":"pa_megethos-344","20":"pa_megethos-346","21":"pa_season-winter","23":"first","24":"instock","25":"sale","26":"shipping-taxable","27":"purchasable","28":"product-type-variable"},"_links":{"self":[{"href":"https:\/\/coconutkids.gr\/de\/wp-json\/wp\/v2\/product\/74140","targetHints":{"allow":["GET"]}}],"collection":[{"href":"https:\/\/coconutkids.gr\/de\/wp-json\/wp\/v2\/product"}],"about":[{"href":"https:\/\/coconutkids.gr\/de\/wp-json\/wp\/v2\/types\/product"}],"replies":[{"embeddable":true,"href":"https:\/\/coconutkids.gr\/de\/wp-json\/wp\/v2\/comments?post=74140"}],"version-history":[{"count":0,"href":"https:\/\/coconutkids.gr\/de\/wp-json\/wp\/v2\/product\/74140\/revisions"}],"wp:featuredmedia":[{"embeddable":true,"href":"https:\/\/coconutkids.gr\/de\/wp-json\/wp\/v2\/media\/74146"}],"wp:attachment":[{"href":"https:\/\/coconutkids.gr\/de\/wp-json\/wp\/v2\/media?parent=74140"}],"wp:term":[{"taxonomy":"product_brand","embeddable":true,"href":"https:\/\/coconutkids.gr\/de\/wp-json\/wp\/v2\/product_brand?post=74140"},{"taxonomy":"product_cat","embeddable":true,"href":"https:\/\/coconutkids.gr\/de\/wp-json\/wp\/v2\/product_cat?post=74140"},{"taxonomy":"product_tag","embeddable":true,"href":"https:\/\/coconutkids.gr\/de\/wp-json\/wp\/v2\/product_tag?post=74140"}],"curies":[{"name":"wp","href":"https:\/\/api.w.org\/{rel}","templated":true}]}}