{"id":77531,"date":"2023-01-20T16:54:23","date_gmt":"2023-01-20T14:54:23","guid":{"rendered":"https:\/\/coconutkids.gr\/?post_type=product&#038;p=77531"},"modified":"2025-03-05T04:16:34","modified_gmt":"2025-03-05T02:16:34","slug":"designers-cat-%ce%b2%ce%b1%cf%80%cf%84%ce%b9%cf%83%cf%84%ce%b9%ce%ba%cf%8c-%cf%86%cf%8c%cf%81%ce%b5%ce%bc%ce%b1-selene-%ce%b3%ce%b9%ce%b1-%ce%ba%ce%bf%cf%81%ce%af%cf%84%cf%83%ce%b9-%ce%b9%ce%b2","status":"publish","type":"product","link":"https:\/\/coconutkids.gr\/de\/produkt\/designers-cat-%ce%b2%ce%b1%cf%80%cf%84%ce%b9%cf%83%cf%84%ce%b9%ce%ba%cf%8c-%cf%86%cf%8c%cf%81%ce%b5%ce%bc%ce%b1-selene-%ce%b3%ce%b9%ce%b1-%ce%ba%ce%bf%cf%81%ce%af%cf%84%cf%83%ce%b9-%ce%b9%ce%b2\/","title":{"rendered":"Designer's Katze Taufkleid SELENE f\u00fcr M\u00e4dchen Elfenbein"},"content":{"rendered":"<p>F\u00fcr andere als die aufgef\u00fchrten Gr\u00f6\u00dfen wenden Sie sich bitte an den Kundendienst unter 2241074118 oder info@coconutkids.gr.<\/p>\n<p>&nbsp;<\/p>","protected":false},"excerpt":{"rendered":"<p>F\u00fcr andere als die aufgef\u00fchrten Gr\u00f6\u00dfen wenden Sie sich bitte an den Kundendienst unter 2241074118 oder info@coconutkids.gr. &nbsp;<\/p>","protected":false},"featured_media":77538,"comment_status":"open","ping_status":"closed","template":"","meta":{"_seopress_robots_primary_cat":"none","_seopress_titles_title":"","_seopress_titles_desc":"","_seopress_robots_index":""},"product_brand":[],"product_cat":[331,333],"product_tag":[],"class_list":{"0":"post-77531","1":"product","2":"type-product","3":"status-publish","4":"has-post-thumbnail","6":"product_cat-baptism","7":"product_cat-girl-baptism","8":"pa_brand-designers-cat","9":"pa_category-filter-1126","10":"pa_color-filter-907","11":"pa_gender-826","12":"pa_megethos-6m","13":"pa_megethos-12m","14":"pa_megethos-340","15":"pa_megethos-341","16":"pa_season-summer","18":"first","19":"instock","20":"sale","21":"shipping-taxable","22":"purchasable","23":"product-type-variable"},"_links":{"self":[{"href":"https:\/\/coconutkids.gr\/de\/wp-json\/wp\/v2\/product\/77531","targetHints":{"allow":["GET"]}}],"collection":[{"href":"https:\/\/coconutkids.gr\/de\/wp-json\/wp\/v2\/product"}],"about":[{"href":"https:\/\/coconutkids.gr\/de\/wp-json\/wp\/v2\/types\/product"}],"replies":[{"embeddable":true,"href":"https:\/\/coconutkids.gr\/de\/wp-json\/wp\/v2\/comments?post=77531"}],"version-history":[{"count":0,"href":"https:\/\/coconutkids.gr\/de\/wp-json\/wp\/v2\/product\/77531\/revisions"}],"wp:featuredmedia":[{"embeddable":true,"href":"https:\/\/coconutkids.gr\/de\/wp-json\/wp\/v2\/media\/77538"}],"wp:attachment":[{"href":"https:\/\/coconutkids.gr\/de\/wp-json\/wp\/v2\/media?parent=77531"}],"wp:term":[{"taxonomy":"product_brand","embeddable":true,"href":"https:\/\/coconutkids.gr\/de\/wp-json\/wp\/v2\/product_brand?post=77531"},{"taxonomy":"product_cat","embeddable":true,"href":"https:\/\/coconutkids.gr\/de\/wp-json\/wp\/v2\/product_cat?post=77531"},{"taxonomy":"product_tag","embeddable":true,"href":"https:\/\/coconutkids.gr\/de\/wp-json\/wp\/v2\/product_tag?post=77531"}],"curies":[{"name":"wp","href":"https:\/\/api.w.org\/{rel}","templated":true}]}}