{"id":77609,"date":"2023-01-20T18:10:09","date_gmt":"2023-01-20T16:10:09","guid":{"rendered":"https:\/\/coconutkids.gr\/?post_type=product&#038;p=77609"},"modified":"2025-03-05T04:16:12","modified_gmt":"2025-03-05T02:16:12","slug":"designers-cat-%ce%b2%ce%b1%cf%80%cf%84%ce%b9%cf%83%cf%84%ce%b9%ce%ba%cf%8c-%cf%86%cf%8c%cf%81%ce%b5%ce%bc%ce%b1-cream-fresh-%ce%b3%ce%b9%ce%b1-%ce%ba%ce%bf%cf%81%ce%af%cf%84%cf%83%ce%b9-%ce%bb%ce%b5","status":"publish","type":"product","link":"https:\/\/coconutkids.gr\/de\/produkt\/designers-cat-%ce%b2%ce%b1%cf%80%cf%84%ce%b9%cf%83%cf%84%ce%b9%ce%ba%cf%8c-%cf%86%cf%8c%cf%81%ce%b5%ce%bc%ce%b1-cream-fresh-%ce%b3%ce%b9%ce%b1-%ce%ba%ce%bf%cf%81%ce%af%cf%84%cf%83%ce%b9-%ce%bb%ce%b5\/","title":{"rendered":"Designer's Cat Taufkleid CREAM FRESH f\u00fcr M\u00e4dchen Wei\u00df"},"content":{"rendered":"<div class=\"product-description rte\" data-product-description=\"\">\n<div class=\"product-description rte\" data-product-description=\"\">\n<div class=\"product-description rte\" data-product-description=\"\">\n<p>Taufkleid mit franz\u00f6sischer Spitze.<\/p>\n<p>Asymmetrisches Kleid mit \u00c4rmeln aus feinem T\u00fcll, verziert mit franz\u00f6sischer Spitzenkordel an Mieder und Rock, kombiniert mit handgefertigten Blumen. Das Innenfutter ist aus 100%-Baumwolle, ein wundersch\u00f6nes Couture-Kleidungsst\u00fcck f\u00fcr besondere Anl\u00e4sse. Kann mit passendem Haarschmuck und Schuhen aus der Kollektion \"Designer's Cat Shoes\" kombiniert werden. Gr\u00f6\u00dfe: 1-8 Jahre. Farbe: cremefarben.<\/p>\n<ul>\n<li>T\u00fcll:100% Polyam (OEKO-TEX, Standard 100)<\/li>\n<li>Spitze:48% Baumwolle-20% Viskose-32% Polyamid<\/li>\n<li>Futter: 100% weiche Baumwolle<\/li>\n<li>\u00a0Knopfverschluss auf der R\u00fcckseite<\/li>\n<li>\u00a0Sorgf\u00e4ltiges H\u00e4ndewaschen<\/li>\n<li>\u00a0Hergestellt in Griechenland<\/li>\n<li>\u00a0Das Model ist 104cm gro\u00df und tr\u00e4gt Gr\u00f6\u00dfe 4.<\/li>\n<\/ul>\n<\/div>\n<\/div>\n<\/div>\n<p>F\u00fcr andere als die aufgef\u00fchrten Gr\u00f6\u00dfen wenden Sie sich bitte an den Kundendienst unter 2241074118 oder info@coconutkids.gr.<\/p>\n<p>&nbsp;<\/p>","protected":false},"excerpt":{"rendered":"<p>\u0392\u03b1\u03c0\u03c4\u03b9\u03c3\u03c4\u03b9\u03ba\u03cc \u03c6\u03cc\u03c1\u03b5\u03bc\u03b1 \u03bc\u03b5 \u0393\u03b1\u03bb\u03bb\u03b9\u03ba\u03ae \u03ba\u03bf\u03c1\u03b4\u03bf\u03bd\u03ad \u03b4\u03b1\u03bd\u03c4\u03ad\u03bb\u03b1. \u0391\u03c3\u03cd\u03bc\u03bc\u03b5\u03c4\u03c1\u03bf \u03c6\u03cc\u03c1\u03b5\u03bc\u03b1 \u03bc\u03b5 \u03bc\u03b1\u03bd\u03af\u03ba\u03b9 \u03b1\u03c0\u03cc \u03c6\u03af\u03bd\u03bf \u03c4\u03bf\u03cd\u03bb\u03b9 \u03b4\u03b9\u03b1\u03ba\u03bf\u03c3\u03bc\u03b7\u03bc\u03ad\u03bd\u03bf \u03bc\u03b5 \u0393\u03b1\u03bb\u03bb\u03b9\u03ba\u03ae \u03ba\u03bf\u03c1\u03b4\u03bf\u03bd\u03ad \u03b4\u03b1\u03bd\u03c4\u03ad\u03bb\u03b1 \u03c3\u03c4\u03bf \u03bc\u03c0\u03bf\u03cd\u03c3\u03c4\u03bf<\/p>","protected":false},"featured_media":77613,"comment_status":"open","ping_status":"closed","template":"","meta":{"_seopress_robots_primary_cat":"none","_seopress_titles_title":"","_seopress_titles_desc":"","_seopress_robots_index":""},"product_brand":[],"product_cat":[331,333],"product_tag":[],"class_list":{"0":"post-77609","1":"product","2":"type-product","3":"status-publish","4":"has-post-thumbnail","6":"product_cat-baptism","7":"product_cat-girl-baptism","8":"pa_brand-designers-cat","9":"pa_category-filter-1126","10":"pa_color-filter-white","11":"pa_gender-826","12":"pa_megethos-6m","13":"pa_megethos-12m","14":"pa_megethos-340","15":"pa_megethos-341","16":"pa_season-summer","18":"first","19":"instock","20":"sale","21":"shipping-taxable","22":"purchasable","23":"product-type-variable"},"_links":{"self":[{"href":"https:\/\/coconutkids.gr\/de\/wp-json\/wp\/v2\/product\/77609","targetHints":{"allow":["GET"]}}],"collection":[{"href":"https:\/\/coconutkids.gr\/de\/wp-json\/wp\/v2\/product"}],"about":[{"href":"https:\/\/coconutkids.gr\/de\/wp-json\/wp\/v2\/types\/product"}],"replies":[{"embeddable":true,"href":"https:\/\/coconutkids.gr\/de\/wp-json\/wp\/v2\/comments?post=77609"}],"version-history":[{"count":0,"href":"https:\/\/coconutkids.gr\/de\/wp-json\/wp\/v2\/product\/77609\/revisions"}],"wp:featuredmedia":[{"embeddable":true,"href":"https:\/\/coconutkids.gr\/de\/wp-json\/wp\/v2\/media\/77613"}],"wp:attachment":[{"href":"https:\/\/coconutkids.gr\/de\/wp-json\/wp\/v2\/media?parent=77609"}],"wp:term":[{"taxonomy":"product_brand","embeddable":true,"href":"https:\/\/coconutkids.gr\/de\/wp-json\/wp\/v2\/product_brand?post=77609"},{"taxonomy":"product_cat","embeddable":true,"href":"https:\/\/coconutkids.gr\/de\/wp-json\/wp\/v2\/product_cat?post=77609"},{"taxonomy":"product_tag","embeddable":true,"href":"https:\/\/coconutkids.gr\/de\/wp-json\/wp\/v2\/product_tag?post=77609"}],"curies":[{"name":"wp","href":"https:\/\/api.w.org\/{rel}","templated":true}]}}