{"id":78600,"date":"2023-01-25T19:55:07","date_gmt":"2023-01-25T17:55:07","guid":{"rendered":"https:\/\/coconutkids.gr\/product\/boboli-%ce%b2%cf%81%ce%b5%cf%86%ce%b9%ce%ba%cf%8c-%cf%86%cf%8c%cf%81%ce%b5%ce%bc%ce%b1-%cf%86%ce%ac%ce%bb%ce%b1%ce%b9%ce%bd%ce%b1-%ce%b3%ce%b9%ce%b1-%ce%ba%ce%bf%cf%81%ce%af%cf%84%cf%83%ce%b9-%ce%bc\/"},"modified":"2025-07-18T19:30:34","modified_gmt":"2025-07-18T16:30:34","slug":"boboli-%ce%b2%cf%81%ce%b5%cf%86%ce%b9%ce%ba%cf%8c-%cf%86%cf%8c%cf%81%ce%b5%ce%bc%ce%b1-%cf%86%ce%ac%ce%bb%ce%b1%ce%b9%ce%bd%ce%b1-%ce%b3%ce%b9%ce%b1-%ce%ba%ce%bf%cf%81%ce%af%cf%84%cf%83%ce%b9-%ce%bc","status":"publish","type":"product","link":"https:\/\/coconutkids.gr\/de\/produkt\/boboli-%ce%b2%cf%81%ce%b5%cf%86%ce%b9%ce%ba%cf%8c-%cf%86%cf%8c%cf%81%ce%b5%ce%bc%ce%b1-%cf%86%ce%ac%ce%bb%ce%b1%ce%b9%ce%bd%ce%b1-%ce%b3%ce%b9%ce%b1-%ce%ba%ce%bf%cf%81%ce%af%cf%84%cf%83%ce%b9-%ce%bc\/","title":{"rendered":"Boboli Baby-Wal-Kleid f\u00fcr M\u00e4dchen Blau 136022-9037"},"content":{"rendered":"<p>Boboli Baby-Wal-Kleid f\u00fcr M\u00e4dchen Blau 136022-9037<\/p>\n<p>\u03a3\u03cd\u03bd\u03b8\u03b5\u03c3\u03b7: Vestido:100%\u03b2\u03b1\u03bc\u03b2\u03ac\u03ba\u03b9 \u03a6\u03cc\u03b4\u03c1\u03b1:100%\u03b2\u03b1\u03bc\u03b2\u03ac\u03ba\u03b9 Braguita:100%\u03b2\u03b1\u03bc\u03b2\u03ac\u03ba\u03b9<\/p>\n<p>Anweisungen: Maschinenwaschbar bis zu 30\u00bac. Nicht bleichen. Nicht im Trockner trocknen. Nicht trocken schleudern oder trocknen. Nicht im Trockner trocknen.<\/p>","protected":false},"excerpt":{"rendered":"<p>Boboli Baby-Wal-Kleid f\u00fcr M\u00e4dchen Blau 136022-9037<\/p>","protected":false},"featured_media":78057,"comment_status":"closed","ping_status":"closed","template":"","meta":{"_seopress_robots_primary_cat":"none","_seopress_titles_title":"","_seopress_titles_desc":"","_seopress_robots_index":""},"product_brand":[],"product_cat":[316,592],"product_tag":[],"class_list":{"0":"post-78600","1":"product","2":"type-product","3":"status-publish","4":"has-post-thumbnail","6":"product_cat-girls","7":"product_cat-girl-0-2","8":"pa_brand-boboli","9":"pa_category-filter-forema","10":"pa_color-filter-blue","11":"pa_gender-826","12":"pa_megethos-3m","13":"pa_megethos-6m","14":"pa_megethos-9m","15":"pa_megethos-12m","16":"pa_megethos-18m","17":"pa_megethos-340","18":"pa_season-summer","20":"first","21":"instock","22":"sale","23":"purchasable","24":"product-type-variable"},"_links":{"self":[{"href":"https:\/\/coconutkids.gr\/de\/wp-json\/wp\/v2\/product\/78600","targetHints":{"allow":["GET"]}}],"collection":[{"href":"https:\/\/coconutkids.gr\/de\/wp-json\/wp\/v2\/product"}],"about":[{"href":"https:\/\/coconutkids.gr\/de\/wp-json\/wp\/v2\/types\/product"}],"replies":[{"embeddable":true,"href":"https:\/\/coconutkids.gr\/de\/wp-json\/wp\/v2\/comments?post=78600"}],"version-history":[{"count":0,"href":"https:\/\/coconutkids.gr\/de\/wp-json\/wp\/v2\/product\/78600\/revisions"}],"wp:featuredmedia":[{"embeddable":true,"href":"https:\/\/coconutkids.gr\/de\/wp-json\/wp\/v2\/media\/78057"}],"wp:attachment":[{"href":"https:\/\/coconutkids.gr\/de\/wp-json\/wp\/v2\/media?parent=78600"}],"wp:term":[{"taxonomy":"product_brand","embeddable":true,"href":"https:\/\/coconutkids.gr\/de\/wp-json\/wp\/v2\/product_brand?post=78600"},{"taxonomy":"product_cat","embeddable":true,"href":"https:\/\/coconutkids.gr\/de\/wp-json\/wp\/v2\/product_cat?post=78600"},{"taxonomy":"product_tag","embeddable":true,"href":"https:\/\/coconutkids.gr\/de\/wp-json\/wp\/v2\/product_tag?post=78600"}],"curies":[{"name":"wp","href":"https:\/\/api.w.org\/{rel}","templated":true}]}}