{"id":79004,"date":"2023-01-25T20:14:15","date_gmt":"2023-01-25T18:14:15","guid":{"rendered":"https:\/\/coconutkids.gr\/product\/boboli-%cf%80%ce%b1%ce%b9%ce%b4%ce%b9%ce%ba%ce%ae-%ce%bc%cf%80%ce%bb%ce%bf%cf%8d%ce%b6%ce%b1-%ce%b3%ce%b9%ce%b1-%ce%ba%ce%bf%cf%81%ce%af%cf%84%cf%83%ce%b9-%ce%bb%ce%b5%cf%85%ce%ba%cf%8c-236023-1100\/"},"modified":"2025-07-13T02:41:50","modified_gmt":"2025-07-12T23:41:50","slug":"boboli-%cf%80%ce%b1%ce%b9%ce%b4%ce%b9%ce%ba%ce%ae-%ce%bc%cf%80%ce%bb%ce%bf%cf%8d%ce%b6%ce%b1-%ce%b3%ce%b9%ce%b1-%ce%ba%ce%bf%cf%81%ce%af%cf%84%cf%83%ce%b9-%ce%bb%ce%b5%cf%85%ce%ba%cf%8c-236023-1100","status":"publish","type":"product","link":"https:\/\/coconutkids.gr\/de\/produkt\/boboli-%cf%80%ce%b1%ce%b9%ce%b4%ce%b9%ce%ba%ce%ae-%ce%bc%cf%80%ce%bb%ce%bf%cf%8d%ce%b6%ce%b1-%ce%b3%ce%b9%ce%b1-%ce%ba%ce%bf%cf%81%ce%af%cf%84%cf%83%ce%b9-%ce%bb%ce%b5%cf%85%ce%ba%cf%8c-236023-1100\/","title":{"rendered":"Boboli Kinderbluse f\u00fcr M\u00e4dchen Wei\u00df 236023-1100"},"content":{"rendered":"<p>Boboli \u03a0\u03b1\u03b9\u03b4\u03b9\u03ba\u03ae \u039c\u03c0\u03bb\u03bf\u03cd\u03b6\u03b1 \u03b3\u03b9\u03b1 \u039a\u03bf\u03c1\u03af\u03c4\u03c3\u03b9 \u039b\u03b5\u03c5\u03ba\u03cc 236023-1100<\/p>\n<p>Zusammensetzung: 100% Baumwolle<\/p>\n<p>Anweisungen: Maschinenwaschbar bis zu 30\u00bac. Nicht bleichen. Nicht im Trockner trocknen. Nicht trocken schleudern oder trocknen. Nicht im Trockner trocknen.<\/p>","protected":false},"excerpt":{"rendered":"<p>Boboli \u03a0\u03b1\u03b9\u03b4\u03b9\u03ba\u03ae \u039c\u03c0\u03bb\u03bf\u03cd\u03b6\u03b1 \u03b3\u03b9\u03b1 \u039a\u03bf\u03c1\u03af\u03c4\u03c3\u03b9 \u039b\u03b5\u03c5\u03ba\u03cc 236023-1100<\/p>","protected":false},"featured_media":78168,"comment_status":"closed","ping_status":"closed","template":"","meta":{"_seopress_robots_primary_cat":"none","_seopress_titles_title":"","_seopress_titles_desc":"","_seopress_robots_index":""},"product_brand":[],"product_cat":[316,592,53],"product_tag":[],"class_list":{"0":"post-79004","1":"product","2":"type-product","3":"status-publish","4":"has-post-thumbnail","6":"product_cat-girls","7":"product_cat-girl-0-2","8":"product_cat-girl-2-8","9":"pa_brand-boboli","10":"pa_category-filter-mplouza","11":"pa_color-filter-white","12":"pa_gender-826","13":"pa_megethos-12m","14":"pa_megethos-18m","15":"pa_megethos-340","16":"pa_megethos-341","17":"pa_megethos-342","18":"pa_megethos-343","19":"pa_megethos-344","20":"pa_megethos-345","21":"pa_season-summer","23":"first","24":"instock","25":"sale","26":"purchasable","27":"product-type-variable"},"_links":{"self":[{"href":"https:\/\/coconutkids.gr\/de\/wp-json\/wp\/v2\/product\/79004","targetHints":{"allow":["GET"]}}],"collection":[{"href":"https:\/\/coconutkids.gr\/de\/wp-json\/wp\/v2\/product"}],"about":[{"href":"https:\/\/coconutkids.gr\/de\/wp-json\/wp\/v2\/types\/product"}],"replies":[{"embeddable":true,"href":"https:\/\/coconutkids.gr\/de\/wp-json\/wp\/v2\/comments?post=79004"}],"version-history":[{"count":0,"href":"https:\/\/coconutkids.gr\/de\/wp-json\/wp\/v2\/product\/79004\/revisions"}],"wp:featuredmedia":[{"embeddable":true,"href":"https:\/\/coconutkids.gr\/de\/wp-json\/wp\/v2\/media\/78168"}],"wp:attachment":[{"href":"https:\/\/coconutkids.gr\/de\/wp-json\/wp\/v2\/media?parent=79004"}],"wp:term":[{"taxonomy":"product_brand","embeddable":true,"href":"https:\/\/coconutkids.gr\/de\/wp-json\/wp\/v2\/product_brand?post=79004"},{"taxonomy":"product_cat","embeddable":true,"href":"https:\/\/coconutkids.gr\/de\/wp-json\/wp\/v2\/product_cat?post=79004"},{"taxonomy":"product_tag","embeddable":true,"href":"https:\/\/coconutkids.gr\/de\/wp-json\/wp\/v2\/product_tag?post=79004"}],"curies":[{"name":"wp","href":"https:\/\/api.w.org\/{rel}","templated":true}]}}