{"id":79084,"date":"2023-01-25T20:18:09","date_gmt":"2023-01-25T18:18:09","guid":{"rendered":"https:\/\/coconutkids.gr\/product\/boboli-%cf%80%ce%b1%ce%b9%ce%b4%ce%b9%ce%ba%ce%ae-%ce%bc%cf%80%ce%bb%ce%bf%cf%8d%ce%b6%ce%b1-%ce%b3%ce%b9%ce%b1-%ce%ba%ce%bf%cf%81%ce%af%cf%84%cf%83%ce%b9-%ce%ba%cf%8c%ce%ba%ce%ba%ce%b9%ce%bd%ce%b7-20\/"},"modified":"2026-02-21T16:39:56","modified_gmt":"2026-02-21T14:39:56","slug":"boboli-%cf%80%ce%b1%ce%b9%ce%b4%ce%b9%ce%ba%ce%ae-%ce%bc%cf%80%ce%bb%ce%bf%cf%8d%ce%b6%ce%b1-%ce%b3%ce%b9%ce%b1-%ce%ba%ce%bf%cf%81%ce%af%cf%84%cf%83%ce%b9-%ce%ba%cf%8c%ce%ba%ce%ba%ce%b9%ce%bd%ce%b7-20","status":"publish","type":"product","link":"https:\/\/coconutkids.gr\/de\/produkt\/boboli-%cf%80%ce%b1%ce%b9%ce%b4%ce%b9%ce%ba%ce%ae-%ce%bc%cf%80%ce%bb%ce%bf%cf%8d%ce%b6%ce%b1-%ce%b3%ce%b9%ce%b1-%ce%ba%ce%bf%cf%81%ce%af%cf%84%cf%83%ce%b9-%ce%ba%cf%8c%ce%ba%ce%ba%ce%b9%ce%bd%ce%b7-20\/","title":{"rendered":"Boboli Kinderbluse f\u00fcr M\u00e4dchen Rot 206053-3744"},"content":{"rendered":"<p>Boboli Kinderbluse f\u00fcr M\u00e4dchen Rot 206053-3744<\/p>\n<p>\u03a3\u03cd\u03bd\u03b8\u03b5\u03c3\u03b7: 100%\u03b2\u03b1\u03bc\u03b2\u03ac\u03ba\u03b9 Aplicaciones en:pl\u00e1stico<\/p>\n<p>Anweisungen: Maschinenwaschbar bis zu 30\u00bac. Nicht bleichen. Nicht im Trockner trocknen. Nicht trocken schleudern oder trocknen. Nicht im Trockner trocknen.<\/p>","protected":false},"excerpt":{"rendered":"<p>Boboli Kinderbluse f\u00fcr M\u00e4dchen Rot 206053-3744<\/p>","protected":false},"featured_media":78131,"comment_status":"closed","ping_status":"closed","template":"","meta":{"_seopress_robots_primary_cat":"","_seopress_titles_title":"","_seopress_titles_desc":"","_seopress_robots_index":""},"product_brand":[],"product_cat":[316,592,53],"product_tag":[],"class_list":{"0":"post-79084","1":"product","2":"type-product","3":"status-publish","4":"has-post-thumbnail","6":"product_cat-girls","7":"product_cat-girl-0-2","8":"product_cat-girl-2-8","9":"pa_brand-boboli","10":"pa_category-filter-mplouza","11":"pa_color-filter-red","12":"pa_gender-826","13":"pa_megethos-12m","14":"pa_megethos-18m","15":"pa_megethos-340","16":"pa_megethos-341","17":"pa_megethos-342","18":"pa_megethos-343","19":"pa_megethos-344","20":"pa_season-summer","22":"first","23":"instock","24":"sale","25":"purchasable","26":"product-type-variable"},"_links":{"self":[{"href":"https:\/\/coconutkids.gr\/de\/wp-json\/wp\/v2\/product\/79084","targetHints":{"allow":["GET"]}}],"collection":[{"href":"https:\/\/coconutkids.gr\/de\/wp-json\/wp\/v2\/product"}],"about":[{"href":"https:\/\/coconutkids.gr\/de\/wp-json\/wp\/v2\/types\/product"}],"replies":[{"embeddable":true,"href":"https:\/\/coconutkids.gr\/de\/wp-json\/wp\/v2\/comments?post=79084"}],"version-history":[{"count":0,"href":"https:\/\/coconutkids.gr\/de\/wp-json\/wp\/v2\/product\/79084\/revisions"}],"wp:featuredmedia":[{"embeddable":true,"href":"https:\/\/coconutkids.gr\/de\/wp-json\/wp\/v2\/media\/78131"}],"wp:attachment":[{"href":"https:\/\/coconutkids.gr\/de\/wp-json\/wp\/v2\/media?parent=79084"}],"wp:term":[{"taxonomy":"product_brand","embeddable":true,"href":"https:\/\/coconutkids.gr\/de\/wp-json\/wp\/v2\/product_brand?post=79084"},{"taxonomy":"product_cat","embeddable":true,"href":"https:\/\/coconutkids.gr\/de\/wp-json\/wp\/v2\/product_cat?post=79084"},{"taxonomy":"product_tag","embeddable":true,"href":"https:\/\/coconutkids.gr\/de\/wp-json\/wp\/v2\/product_tag?post=79084"}],"curies":[{"name":"wp","href":"https:\/\/api.w.org\/{rel}","templated":true}]}}