{"id":79292,"date":"2023-01-25T20:28:55","date_gmt":"2023-01-25T18:28:55","guid":{"rendered":"https:\/\/coconutkids.gr\/product\/boboli-%cf%80%ce%b1%ce%b9%ce%b4%ce%b9%ce%ba%cf%8c-%cf%86%cf%8c%cf%81%ce%b5%ce%bc%ce%b1-%cf%83%ce%b1%cf%84%ce%ad%ce%bd-%ce%b3%ce%b9%ce%b1-%ce%ba%ce%bf%cf%81%ce%af%cf%84%cf%83%ce%b9-%cf%86%ce%bb%ce%bf\/"},"modified":"2026-02-21T16:28:14","modified_gmt":"2026-02-21T14:28:14","slug":"boboli-%cf%80%ce%b1%ce%b9%ce%b4%ce%b9%ce%ba%cf%8c-%cf%86%cf%8c%cf%81%ce%b5%ce%bc%ce%b1-%cf%83%ce%b1%cf%84%ce%ad%ce%bd-%ce%b3%ce%b9%ce%b1-%ce%ba%ce%bf%cf%81%ce%af%cf%84%cf%83%ce%b9-%cf%86%ce%bb%ce%bf","status":"publish","type":"product","link":"https:\/\/coconutkids.gr\/de\/produkt\/boboli-%cf%80%ce%b1%ce%b9%ce%b4%ce%b9%ce%ba%cf%8c-%cf%86%cf%8c%cf%81%ce%b5%ce%bc%ce%b1-%cf%83%ce%b1%cf%84%ce%ad%ce%bd-%ce%b3%ce%b9%ce%b1-%ce%ba%ce%bf%cf%81%ce%af%cf%84%cf%83%ce%b9-%cf%86%ce%bb%ce%bf\/","title":{"rendered":"Boboli Kinder Satin Kleid f\u00fcr M\u00e4dchen Floral 706115-9093"},"content":{"rendered":"<p>Boboli Kinder Satin Kleid f\u00fcr M\u00e4dchen Floral 706115-9093<\/p>\n<p>Zusammensetzung: Obermaterial:92% Baumwolle 8%Polyester Futter:60% Baumwolle 40%Polyester<\/p>\n<p>Anweisungen: Maschinenwaschbar bis zu 30\u00bac. Nicht bleichen.  Nicht im Trockner trocknen.  Nicht trocken schleudern oder trocknen. Nicht im Trockner trocknen.<\/p>","protected":false},"excerpt":{"rendered":"<p>Boboli Kinder Satin Kleid f\u00fcr M\u00e4dchen Floral 706115-9093<\/p>","protected":false},"featured_media":78323,"comment_status":"closed","ping_status":"closed","template":"","meta":{"_seopress_robots_primary_cat":"","_seopress_titles_title":"","_seopress_titles_desc":"","_seopress_robots_index":""},"product_brand":[],"product_cat":[316,592,53],"product_tag":[],"class_list":{"0":"post-79292","1":"product","2":"type-product","3":"status-publish","4":"has-post-thumbnail","6":"product_cat-girls","7":"product_cat-girl-0-2","8":"product_cat-girl-2-8","9":"pa_brand-boboli","10":"pa_category-filter-forema","11":"pa_color-filter-1124","12":"pa_gender-826","13":"pa_megethos-12m","14":"pa_megethos-18m","15":"pa_megethos-340","16":"pa_megethos-341","17":"pa_megethos-342","18":"pa_megethos-343","19":"pa_megethos-344","20":"pa_megethos-345","21":"pa_season-summer","23":"first","24":"instock","25":"sale","26":"purchasable","27":"product-type-variable"},"_links":{"self":[{"href":"https:\/\/coconutkids.gr\/de\/wp-json\/wp\/v2\/product\/79292","targetHints":{"allow":["GET"]}}],"collection":[{"href":"https:\/\/coconutkids.gr\/de\/wp-json\/wp\/v2\/product"}],"about":[{"href":"https:\/\/coconutkids.gr\/de\/wp-json\/wp\/v2\/types\/product"}],"replies":[{"embeddable":true,"href":"https:\/\/coconutkids.gr\/de\/wp-json\/wp\/v2\/comments?post=79292"}],"version-history":[{"count":0,"href":"https:\/\/coconutkids.gr\/de\/wp-json\/wp\/v2\/product\/79292\/revisions"}],"wp:featuredmedia":[{"embeddable":true,"href":"https:\/\/coconutkids.gr\/de\/wp-json\/wp\/v2\/media\/78323"}],"wp:attachment":[{"href":"https:\/\/coconutkids.gr\/de\/wp-json\/wp\/v2\/media?parent=79292"}],"wp:term":[{"taxonomy":"product_brand","embeddable":true,"href":"https:\/\/coconutkids.gr\/de\/wp-json\/wp\/v2\/product_brand?post=79292"},{"taxonomy":"product_cat","embeddable":true,"href":"https:\/\/coconutkids.gr\/de\/wp-json\/wp\/v2\/product_cat?post=79292"},{"taxonomy":"product_tag","embeddable":true,"href":"https:\/\/coconutkids.gr\/de\/wp-json\/wp\/v2\/product_tag?post=79292"}],"curies":[{"name":"wp","href":"https:\/\/api.w.org\/{rel}","templated":true}]}}